{"id":1105,"date":"2025-07-15T13:04:54","date_gmt":"2025-07-15T13:04:54","guid":{"rendered":"https:\/\/peca.wallabi.dev\/qualidade\/"},"modified":"2025-07-18T10:14:03","modified_gmt":"2025-07-18T10:14:03","slug":"qualidade","status":"publish","type":"page","link":"https:\/\/peca.ch\/pt-pt\/qualidade\/","title":{"rendered":"Qualidade"},"content":{"rendered":"\t\t<div data-elementor-type=\"wp-page\" data-elementor-id=\"1105\" class=\"elementor elementor-1105 elementor-33\" data-elementor-post-type=\"page\">\n\t\t\t\t<div class=\"elementor-element elementor-element-e2553ed e-flex e-con-boxed e-con e-parent\" data-id=\"e2553ed\" data-element_type=\"container\" data-e-type=\"container\">\n\t\t\t\t\t<div class=\"e-con-inner\">\n\t\t\t\t<div class=\"elementor-element elementor-element-0089319 elementor-widget elementor-widget-image\" data-id=\"0089319\" data-element_type=\"widget\" data-e-type=\"widget\" data-widget_type=\"image.default\">\n\t\t\t\t\t\t\t\t\t\t\t\t\t\t\t<img fetchpriority=\"high\" decoding=\"async\" width=\"1130\" height=\"300\" src=\"https:\/\/media.gruppopellegrini.it\/peca\/2025\/07\/qualita.webp\" class=\"attachment-full size-full wp-image-637\" alt=\"Immagine del cibo\" srcset=\"https:\/\/media.gruppopellegrini.it\/peca\/2025\/07\/qualita.webp 1130w, https:\/\/media.gruppopellegrini.it\/peca\/2025\/07\/qualita-300x80.webp 300w, https:\/\/media.gruppopellegrini.it\/peca\/2025\/07\/qualita-1024x272.webp 1024w, https:\/\/media.gruppopellegrini.it\/peca\/2025\/07\/qualita-768x204.webp 768w\" sizes=\"(max-width: 1130px) 100vw, 1130px\" \/>\t\t\t\t\t\t\t\t\t\t\t\t\t\t\t<\/div>\n\t\t\t\t\t<\/div>\n\t\t\t\t<\/div>\n\t\t<div class=\"elementor-element elementor-element-f8e8236 e-flex e-con-boxed e-con e-parent\" data-id=\"f8e8236\" data-element_type=\"container\" data-e-type=\"container\">\n\t\t\t\t\t<div class=\"e-con-inner\">\n\t\t<div class=\"elementor-element elementor-element-51c21b6 e-con-full e-flex e-con e-child\" data-id=\"51c21b6\" data-element_type=\"container\" data-e-type=\"container\">\n\t\t\t\t<div class=\"elementor-element elementor-element-80bdb99 elementor-nav-menu--dropdown-none elementor-widget elementor-widget-nav-menu\" data-id=\"80bdb99\" data-element_type=\"widget\" data-e-type=\"widget\" data-settings=\"{&quot;layout&quot;:&quot;vertical&quot;,&quot;submenu_icon&quot;:{&quot;value&quot;:&quot;&lt;svg aria-hidden=\\&quot;true\\&quot; class=\\&quot;e-font-icon-svg e-fas-caret-down\\&quot; viewBox=\\&quot;0 0 320 512\\&quot; xmlns=\\&quot;http:\\\/\\\/www.w3.org\\\/2000\\\/svg\\&quot;&gt;&lt;path d=\\&quot;M31.3 192h257.3c17.8 0 26.7 21.5 14.1 34.1L174.1 354.8c-7.8 7.8-20.5 7.8-28.3 0L17.2 226.1C4.6 213.5 13.5 192 31.3 192z\\&quot;&gt;&lt;\\\/path&gt;&lt;\\\/svg&gt;&quot;,&quot;library&quot;:&quot;fa-solid&quot;}}\" data-widget_type=\"nav-menu.default\">\n\t\t\t\t\t\t\t\t<nav aria-label=\"Menu\" class=\"elementor-nav-menu--main elementor-nav-menu__container elementor-nav-menu--layout-vertical e--pointer-double-line e--animation-fade\">\n\t\t\t\t<ul id=\"menu-1-80bdb99\" class=\"elementor-nav-menu sm-vertical\"><li class=\"menu-item menu-item-type-post_type menu-item-object-page menu-item-1124\"><a href=\"https:\/\/peca.ch\/pt-pt\/qualidade\/pessoas\/\" class=\"elementor-item\">Pessoas<\/a><\/li>\n<li class=\"menu-item menu-item-type-custom menu-item-object-custom menu-item-1123\"><a target=\"_blank\" href=\"https:\/\/media.gruppopellegrini.it\/peca\/2025\/07\/PCO-Code-of-Ethics-Eng_Rev.-1.pdf\" class=\"elementor-item\">C\u00f3digo \u00e9tico<\/a><\/li>\n<li class=\"menu-item menu-item-type-post_type menu-item-object-page menu-item-1125\"><a href=\"https:\/\/peca.ch\/pt-pt\/qualidade\/sistema-de-garantia-da-qualidade\/\" class=\"elementor-item\">Sistema de garantia da qualidade<\/a><\/li>\n<li class=\"menu-item menu-item-type-custom menu-item-object-custom menu-item-1126\"><a target=\"_blank\" href=\"https:\/\/media.gruppopellegrini.it\/peca\/2026\/02\/9001mother-certificate_2024.pdf\" class=\"elementor-item\">Certificado ISO 9001:2015<\/a><\/li>\n<li class=\"menu-item menu-item-type-custom menu-item-object-custom menu-item-1127\"><a target=\"_blank\" href=\"https:\/\/media.gruppopellegrini.it\/peca\/2026\/02\/22000mother-certificate_2024.pdf\" class=\"elementor-item\">Certificado ISO 22000:2005<\/a><\/li>\n<li class=\"menu-item menu-item-type-custom menu-item-object-custom menu-item-1128\"><a target=\"_blank\" href=\"https:\/\/media.gruppopellegrini.it\/peca\/2026\/03\/MLC-Certificate-PellegriniCateringOverseas.pdf\" class=\"elementor-item\">Certificate ILO \u2013 MLC 2006<\/a><\/li>\n<\/ul>\t\t\t<\/nav>\n\t\t\t\t\t\t<nav class=\"elementor-nav-menu--dropdown elementor-nav-menu__container\" aria-hidden=\"true\">\n\t\t\t\t<ul id=\"menu-2-80bdb99\" class=\"elementor-nav-menu sm-vertical\"><li class=\"menu-item menu-item-type-post_type menu-item-object-page menu-item-1124\"><a href=\"https:\/\/peca.ch\/pt-pt\/qualidade\/pessoas\/\" class=\"elementor-item\" tabindex=\"-1\">Pessoas<\/a><\/li>\n<li class=\"menu-item menu-item-type-custom menu-item-object-custom menu-item-1123\"><a target=\"_blank\" href=\"https:\/\/media.gruppopellegrini.it\/peca\/2025\/07\/PCO-Code-of-Ethics-Eng_Rev.-1.pdf\" class=\"elementor-item\" tabindex=\"-1\">C\u00f3digo \u00e9tico<\/a><\/li>\n<li class=\"menu-item menu-item-type-post_type menu-item-object-page menu-item-1125\"><a href=\"https:\/\/peca.ch\/pt-pt\/qualidade\/sistema-de-garantia-da-qualidade\/\" class=\"elementor-item\" tabindex=\"-1\">Sistema de garantia da qualidade<\/a><\/li>\n<li class=\"menu-item menu-item-type-custom menu-item-object-custom menu-item-1126\"><a target=\"_blank\" href=\"https:\/\/media.gruppopellegrini.it\/peca\/2026\/02\/9001mother-certificate_2024.pdf\" class=\"elementor-item\" tabindex=\"-1\">Certificado ISO 9001:2015<\/a><\/li>\n<li class=\"menu-item menu-item-type-custom menu-item-object-custom menu-item-1127\"><a target=\"_blank\" href=\"https:\/\/media.gruppopellegrini.it\/peca\/2026\/02\/22000mother-certificate_2024.pdf\" class=\"elementor-item\" tabindex=\"-1\">Certificado ISO 22000:2005<\/a><\/li>\n<li class=\"menu-item menu-item-type-custom menu-item-object-custom menu-item-1128\"><a target=\"_blank\" href=\"https:\/\/media.gruppopellegrini.it\/peca\/2026\/03\/MLC-Certificate-PellegriniCateringOverseas.pdf\" class=\"elementor-item\" tabindex=\"-1\">Certificate ILO \u2013 MLC 2006<\/a><\/li>\n<\/ul>\t\t\t<\/nav>\n\t\t\t\t\t\t<\/div>\n\t\t\t\t<\/div>\n\t\t<div class=\"elementor-element elementor-element-4c0cedc e-con-full e-flex e-con e-child\" data-id=\"4c0cedc\" data-element_type=\"container\" data-e-type=\"container\">\n\t\t\t\t<div class=\"elementor-element elementor-element-3060cfd elementor-widget elementor-widget-text-editor\" data-id=\"3060cfd\" data-element_type=\"widget\" data-e-type=\"widget\" data-widget_type=\"text-editor.default\">\n\t\t\t\t\t\t\t\t\t<p><em><strong><span style=\"color: #ff2b00;\">Qualidade italiana em contextos multiculturais<\/span><\/strong><\/em><\/p><p>A nossa qualidade \u00e9 um patrim\u00f3nio em que podem confiar em todos os contextos, e que se traduz, por um lado, em solu\u00e7\u00f5es de pequenos problemas do dia a dia e, por outro, em sermos capazes de garantir as grandes exig\u00eancias fundamentais como a sa\u00fade, higiene e a qualidade indiscut\u00edvel dos produtos.<\/p>\t\t\t\t\t\t\t\t<\/div>\n\t\t\t\t<\/div>\n\t\t\t\t\t<\/div>\n\t\t\t\t<\/div>\n\t\t<div class=\"elementor-element elementor-element-c728aec e-flex e-con-boxed e-con e-parent\" data-id=\"c728aec\" data-element_type=\"container\" data-e-type=\"container\">\n\t\t\t\t\t<div class=\"e-con-inner\">\n\t\t\t\t<div class=\"elementor-element elementor-element-1469a2c elementor-widget elementor-widget-spacer\" data-id=\"1469a2c\" data-element_type=\"widget\" data-e-type=\"widget\" data-widget_type=\"spacer.default\">\n\t\t\t\t\t\t\t<div class=\"elementor-spacer\">\n\t\t\t<div class=\"elementor-spacer-inner\"><\/div>\n\t\t<\/div>\n\t\t\t\t\t\t<\/div>\n\t\t\t\t\t<\/div>\n\t\t\t\t<\/div>\n\t\t\t\t<\/div>\n\t\t","protected":false},"excerpt":{"rendered":"<p>Qualidade italiana em contextos multiculturais A nossa qualidade \u00e9 um patrim\u00f3nio em que podem confiar em todos os contextos, e que se traduz, por um lado, em solu\u00e7\u00f5es de pequenos problemas do dia a dia e, por outro, em sermos capazes de garantir as grandes exig\u00eancias fundamentais como a sa\u00fade, higiene e a qualidade indiscut\u00edvel [&hellip;]<\/p>\n","protected":false},"author":1,"featured_media":0,"parent":0,"menu_order":0,"comment_status":"closed","ping_status":"closed","template":"","meta":{"footnotes":""},"class_list":["post-1105","page","type-page","status-publish","hentry"],"_links":{"self":[{"href":"https:\/\/peca.ch\/pt-pt\/wp-json\/wp\/v2\/pages\/1105","targetHints":{"allow":["GET"]}}],"collection":[{"href":"https:\/\/peca.ch\/pt-pt\/wp-json\/wp\/v2\/pages"}],"about":[{"href":"https:\/\/peca.ch\/pt-pt\/wp-json\/wp\/v2\/types\/page"}],"author":[{"embeddable":true,"href":"https:\/\/peca.ch\/pt-pt\/wp-json\/wp\/v2\/users\/1"}],"replies":[{"embeddable":true,"href":"https:\/\/peca.ch\/pt-pt\/wp-json\/wp\/v2\/comments?post=1105"}],"version-history":[{"count":4,"href":"https:\/\/peca.ch\/pt-pt\/wp-json\/wp\/v2\/pages\/1105\/revisions"}],"predecessor-version":[{"id":1131,"href":"https:\/\/peca.ch\/pt-pt\/wp-json\/wp\/v2\/pages\/1105\/revisions\/1131"}],"wp:attachment":[{"href":"https:\/\/peca.ch\/pt-pt\/wp-json\/wp\/v2\/media?parent=1105"}],"curies":[{"name":"wp","href":"https:\/\/api.w.org\/{rel}","templated":true}]}}