{"id":1103,"date":"2025-07-15T13:05:28","date_gmt":"2025-07-15T13:05:28","guid":{"rendered":"https:\/\/peca.wallabi.dev\/trabalhe\/"},"modified":"2025-07-18T09:38:06","modified_gmt":"2025-07-18T09:38:06","slug":"trabalhe","status":"publish","type":"page","link":"https:\/\/peca.ch\/pt-pt\/trabalhe\/","title":{"rendered":"Trabalhe"},"content":{"rendered":"\t\t<div data-elementor-type=\"wp-page\" data-elementor-id=\"1103\" class=\"elementor elementor-1103 elementor-37\" data-elementor-post-type=\"page\">\n\t\t\t\t<div class=\"elementor-element elementor-element-99424e5 e-flex e-con-boxed e-con e-parent\" data-id=\"99424e5\" data-element_type=\"container\" data-e-type=\"container\">\n\t\t\t\t\t<div class=\"e-con-inner\">\n\t\t\t\t<div class=\"elementor-element elementor-element-5c4c873 elementor-widget elementor-widget-image\" data-id=\"5c4c873\" data-element_type=\"widget\" data-e-type=\"widget\" data-widget_type=\"image.default\">\n\t\t\t\t\t\t\t\t\t\t\t\t\t\t\t<img fetchpriority=\"high\" decoding=\"async\" width=\"1130\" height=\"300\" src=\"https:\/\/media.gruppopellegrini.it\/peca\/2025\/07\/lavora.webp\" class=\"attachment-full size-full wp-image-634\" alt=\"Immagine di persone\" srcset=\"https:\/\/media.gruppopellegrini.it\/peca\/2025\/07\/lavora.webp 1130w, https:\/\/media.gruppopellegrini.it\/peca\/2025\/07\/lavora-300x80.webp 300w, https:\/\/media.gruppopellegrini.it\/peca\/2025\/07\/lavora-1024x272.webp 1024w, https:\/\/media.gruppopellegrini.it\/peca\/2025\/07\/lavora-768x204.webp 768w\" sizes=\"(max-width: 1130px) 100vw, 1130px\" \/>\t\t\t\t\t\t\t\t\t\t\t\t\t\t\t<\/div>\n\t\t\t\t\t<\/div>\n\t\t\t\t<\/div>\n\t\t<div class=\"elementor-element elementor-element-3e35754 e-flex e-con-boxed e-con e-parent\" data-id=\"3e35754\" data-element_type=\"container\" data-e-type=\"container\">\n\t\t\t\t\t<div class=\"e-con-inner\">\n\t\t\t\t<div class=\"elementor-element elementor-element-b80c401 elementor-widget elementor-widget-text-editor\" data-id=\"b80c401\" data-element_type=\"widget\" data-e-type=\"widget\" data-widget_type=\"text-editor.default\">\n\t\t\t\t\t\t\t\t\t<p><strong><span style=\"color: #ff2b00;\"><em>Junte-se \u00e0 nossa grande equipe<\/em><\/span><\/strong><\/p><p>Estamos sempre \u00e0 procura dos melhores perfis para inserir nas nossas equipas, especialmente:<\/p><ul><li>Operations Manager<\/li><li>Supervisor de Catering (Camp Boss)<\/li><li>Chef \/ Cozinheiro<\/li><li>Padeiro \/ Confeiteiro<\/li><li>Respons\u00e1vel da Seguran\u00e7a (Safety Officer)<\/li><li>Supervisor da Log\u00edstica<\/li><li>Mec\u00e2nico de Refrigera\u00e7\u00e3o<\/li><li>Chefe Contabilista<\/li><\/ul><p>Se a sua profiss\u00e3o corresponde a um destes perfis, envie-nos o seu CV: <a class=\"link-rosso\" href=\"mailto:welcome@peca.ch\">welcome@peca.ch<\/a><\/p>\t\t\t\t\t\t\t\t<\/div>\n\t\t\t\t\t<\/div>\n\t\t\t\t<\/div>\n\t\t<div class=\"elementor-element elementor-element-79a726e e-flex e-con-boxed e-con e-parent\" data-id=\"79a726e\" data-element_type=\"container\" data-e-type=\"container\">\n\t\t\t\t\t<div class=\"e-con-inner\">\n\t\t\t\t<div class=\"elementor-element elementor-element-c547267 elementor-widget elementor-widget-spacer\" data-id=\"c547267\" data-element_type=\"widget\" data-e-type=\"widget\" data-widget_type=\"spacer.default\">\n\t\t\t\t\t\t\t<div class=\"elementor-spacer\">\n\t\t\t<div class=\"elementor-spacer-inner\"><\/div>\n\t\t<\/div>\n\t\t\t\t\t\t<\/div>\n\t\t\t\t\t<\/div>\n\t\t\t\t<\/div>\n\t\t\t\t<\/div>\n\t\t","protected":false},"excerpt":{"rendered":"<p>Junte-se \u00e0 nossa grande equipe Estamos sempre \u00e0 procura dos melhores perfis para inserir nas nossas equipas, especialmente: Operations Manager Supervisor de Catering (Camp Boss) Chef \/ Cozinheiro Padeiro \/ Confeiteiro Respons\u00e1vel da Seguran\u00e7a (Safety Officer) Supervisor da Log\u00edstica Mec\u00e2nico de Refrigera\u00e7\u00e3o Chefe Contabilista Se a sua profiss\u00e3o corresponde a um destes perfis, envie-nos o [&hellip;]<\/p>\n","protected":false},"author":1,"featured_media":0,"parent":0,"menu_order":0,"comment_status":"closed","ping_status":"closed","template":"","meta":{"footnotes":""},"class_list":["post-1103","page","type-page","status-publish","hentry"],"_links":{"self":[{"href":"https:\/\/peca.ch\/pt-pt\/wp-json\/wp\/v2\/pages\/1103","targetHints":{"allow":["GET"]}}],"collection":[{"href":"https:\/\/peca.ch\/pt-pt\/wp-json\/wp\/v2\/pages"}],"about":[{"href":"https:\/\/peca.ch\/pt-pt\/wp-json\/wp\/v2\/types\/page"}],"author":[{"embeddable":true,"href":"https:\/\/peca.ch\/pt-pt\/wp-json\/wp\/v2\/users\/1"}],"replies":[{"embeddable":true,"href":"https:\/\/peca.ch\/pt-pt\/wp-json\/wp\/v2\/comments?post=1103"}],"version-history":[{"count":1,"href":"https:\/\/peca.ch\/pt-pt\/wp-json\/wp\/v2\/pages\/1103\/revisions"}],"predecessor-version":[{"id":1104,"href":"https:\/\/peca.ch\/pt-pt\/wp-json\/wp\/v2\/pages\/1103\/revisions\/1104"}],"wp:attachment":[{"href":"https:\/\/peca.ch\/pt-pt\/wp-json\/wp\/v2\/media?parent=1103"}],"curies":[{"name":"wp","href":"https:\/\/api.w.org\/{rel}","templated":true}]}}