{"id":1079,"date":"2025-07-15T13:04:34","date_gmt":"2025-07-15T13:04:34","guid":{"rendered":"https:\/\/peca.wallabi.dev\/o-que-fazemos\/"},"modified":"2025-07-18T09:57:57","modified_gmt":"2025-07-18T09:57:57","slug":"o-que-fazemos","status":"publish","type":"page","link":"https:\/\/peca.ch\/pt-pt\/o-que-fazemos\/","title":{"rendered":"O que fazemos"},"content":{"rendered":"\t\t<div data-elementor-type=\"wp-page\" data-elementor-id=\"1079\" class=\"elementor elementor-1079 elementor-31\" data-elementor-post-type=\"page\">\n\t\t\t\t<div class=\"elementor-element elementor-element-e16cccc e-flex e-con-boxed e-con e-parent\" data-id=\"e16cccc\" data-element_type=\"container\" data-e-type=\"container\">\n\t\t\t\t\t<div class=\"e-con-inner\">\n\t\t\t\t<div class=\"elementor-element elementor-element-7672267 elementor-widget elementor-widget-image\" data-id=\"7672267\" data-element_type=\"widget\" data-e-type=\"widget\" data-widget_type=\"image.default\">\n\t\t\t\t\t\t\t\t\t\t\t\t\t\t\t<img fetchpriority=\"high\" decoding=\"async\" width=\"1130\" height=\"300\" src=\"https:\/\/media.gruppopellegrini.it\/peca\/2025\/07\/cosa-facciamo.webp\" class=\"attachment-full size-full wp-image-667\" alt=\"Immagine di una cucina\" srcset=\"https:\/\/media.gruppopellegrini.it\/peca\/2025\/07\/cosa-facciamo.webp 1130w, https:\/\/media.gruppopellegrini.it\/peca\/2025\/07\/cosa-facciamo-300x80.webp 300w, https:\/\/media.gruppopellegrini.it\/peca\/2025\/07\/cosa-facciamo-1024x272.webp 1024w, https:\/\/media.gruppopellegrini.it\/peca\/2025\/07\/cosa-facciamo-768x204.webp 768w\" sizes=\"(max-width: 1130px) 100vw, 1130px\" \/>\t\t\t\t\t\t\t\t\t\t\t\t\t\t\t<\/div>\n\t\t\t\t\t<\/div>\n\t\t\t\t<\/div>\n\t\t<div class=\"elementor-element elementor-element-2f0b620 e-flex e-con-boxed e-con e-parent\" data-id=\"2f0b620\" data-element_type=\"container\" data-e-type=\"container\">\n\t\t\t\t\t<div class=\"e-con-inner\">\n\t\t<div class=\"elementor-element elementor-element-8db8e50 e-con-full e-flex e-con e-child\" data-id=\"8db8e50\" data-element_type=\"container\" data-e-type=\"container\">\n\t\t\t\t<div class=\"elementor-element elementor-element-5e769de elementor-widget elementor-widget-text-editor\" data-id=\"5e769de\" data-element_type=\"widget\" data-e-type=\"widget\" data-widget_type=\"text-editor.default\">\n\t\t\t\t\t\t\t\t\t<p><strong><em><span style=\"color: #ff2b00;\">Su\u00ed\u00e7a<\/span><\/em><\/strong><\/p>\t\t\t\t\t\t\t\t<\/div>\n\t\t\t\t<div class=\"elementor-element elementor-element-08296ed elementor-widget-divider--view-line_icon elementor-widget-divider--element-align-left elementor-view-default elementor-widget elementor-widget-divider\" data-id=\"08296ed\" data-element_type=\"widget\" data-e-type=\"widget\" data-widget_type=\"divider.default\">\n\t\t\t\t\t\t\t<div class=\"elementor-divider\">\n\t\t\t<span class=\"elementor-divider-separator\">\n\t\t\t\t\t\t\t<div class=\"elementor-icon elementor-divider__element\">\n\t\t\t\t\t<svg aria-hidden=\"true\" class=\"e-font-icon-svg e-fas-genderless\" viewBox=\"0 0 288 512\" xmlns=\"http:\/\/www.w3.org\/2000\/svg\"><path d=\"M144 176c44.1 0 80 35.9 80 80s-35.9 80-80 80-80-35.9-80-80 35.9-80 80-80m0-64C64.5 112 0 176.5 0 256s64.5 144 144 144 144-64.5 144-144-64.5-144-144-144z\"><\/path><\/svg><\/div>\n\t\t\t\t\t\t<\/span>\n\t\t<\/div>\n\t\t\t\t\t\t<\/div>\n\t\t\t\t<div class=\"elementor-element elementor-element-6bf13d2 elementor-widget elementor-widget-text-editor\" data-id=\"6bf13d2\" data-element_type=\"widget\" data-e-type=\"widget\" data-widget_type=\"text-editor.default\">\n\t\t\t\t\t\t\t\t\t<p>A Pellegrini Catering Overseas est\u00e1 tamb\u00e9m fortemente operacional na <span style=\"color: #ff2b00;\">Su\u00ed\u00e7a <\/span>atrav\u00e9s de duas filiais no <span style=\"color: #ff2b00;\">Ticino<\/span>, <span style=\"color: #ff2b00;\">Mendrisio <\/span>e <span style=\"color: #ff2b00;\">Lugano<\/span>, oferecendo uma variedade de servi\u00e7os relacionados com <span style=\"color: #ff2b00;\">restaura\u00e7\u00e3o coletiva<\/span> e <span style=\"color: #ff2b00;\">catering<\/span>, concentrando-se na <span style=\"color: #ff2b00;\">fiabilidade da marca<\/span> e na <span style=\"color: #ff2b00;\">excelente qualidade<\/span> dos produtos e servi\u00e7os, algumas das nossas principais atividades:<\/p><ul><li>Refeit\u00f3rios (empresas, hospitais, escolas, etc.)<\/li><li>Restaurantes interempresas (conce\u00e7\u00e3o, gest\u00e3o operacional)<\/li><li>Food Delivery B2B (com encomendas via app e website)<\/li><li>Catering para empresas<\/li><li>Muito mais\u2026<\/li><\/ul>\t\t\t\t\t\t\t\t<\/div>\n\t\t\t\t<div class=\"elementor-element elementor-element-f632bd0 elementor-align-left elementor-widget elementor-widget-button\" data-id=\"f632bd0\" data-element_type=\"widget\" data-e-type=\"widget\" data-widget_type=\"button.default\">\n\t\t\t\t\t\t\t\t\t\t<a class=\"elementor-button elementor-button-link elementor-size-sm\" href=\"https:\/\/peca.ch\/pt-pt\/o-que-fazemos\/suica\/cantinas\/\">\n\t\t\t\t\t\t<span class=\"elementor-button-content-wrapper\">\n\t\t\t\t\t\t\t\t\t<span class=\"elementor-button-text\">Descubra mais<\/span>\n\t\t\t\t\t<\/span>\n\t\t\t\t\t<\/a>\n\t\t\t\t\t\t\t\t<\/div>\n\t\t\t\t<\/div>\n\t\t<div class=\"elementor-element elementor-element-64c9f58 e-con-full e-flex e-con e-child\" data-id=\"64c9f58\" data-element_type=\"container\" data-e-type=\"container\">\n\t\t\t\t<div class=\"elementor-element elementor-element-ed6ea4d elementor-widget elementor-widget-text-editor\" data-id=\"ed6ea4d\" data-element_type=\"widget\" data-e-type=\"widget\" data-widget_type=\"text-editor.default\">\n\t\t\t\t\t\t\t\t\t<p><strong><em><span style=\"color: #ff2b00;\">Worldwide<\/span><\/em><\/strong><\/p>\t\t\t\t\t\t\t\t<\/div>\n\t\t\t\t<div class=\"elementor-element elementor-element-39e9dfa elementor-widget-divider--view-line_icon elementor-widget-divider--element-align-left elementor-view-default elementor-widget elementor-widget-divider\" data-id=\"39e9dfa\" data-element_type=\"widget\" data-e-type=\"widget\" data-widget_type=\"divider.default\">\n\t\t\t\t\t\t\t<div class=\"elementor-divider\">\n\t\t\t<span class=\"elementor-divider-separator\">\n\t\t\t\t\t\t\t<div class=\"elementor-icon elementor-divider__element\">\n\t\t\t\t\t<svg aria-hidden=\"true\" class=\"e-font-icon-svg e-fas-genderless\" viewBox=\"0 0 288 512\" xmlns=\"http:\/\/www.w3.org\/2000\/svg\"><path d=\"M144 176c44.1 0 80 35.9 80 80s-35.9 80-80 80-80-35.9-80-80 35.9-80 80-80m0-64C64.5 112 0 176.5 0 256s64.5 144 144 144 144-64.5 144-144-64.5-144-144-144z\"><\/path><\/svg><\/div>\n\t\t\t\t\t\t<\/span>\n\t\t<\/div>\n\t\t\t\t\t\t<\/div>\n\t\t\t\t<div class=\"elementor-element elementor-element-e765ac6 elementor-widget elementor-widget-text-editor\" data-id=\"e765ac6\" data-element_type=\"widget\" data-e-type=\"widget\" data-widget_type=\"text-editor.default\">\n\t\t\t\t\t\t\t\t\t<p>A Pellegrini Catering Overseas fornece servi\u00e7os de <span style=\"color: #ff2b00;\">restaura\u00e7\u00e3o coletiva em todo o mundo<\/span>, mesmo em <span style=\"color: #ff2b00;\">contextos log\u00edsticos<\/span> complexos, de forma <span style=\"color: #ff2b00;\">eficaz <\/span>e <span style=\"color: #ff2b00;\">eficiente<\/span>.<\/p><p>Especializada em fornecer servi\u00e7os de <span style=\"color: #ff2b00;\">catering e servi\u00e7os de hotelaria<\/span> a locais de trabalho <span style=\"color: #ff2b00;\">em todo o mundo<\/span> e, em particular, em <span style=\"color: #ff2b00;\">zonas menos f\u00e1ceis de alcan\u00e7ar<\/span>, fruto de d\u00e9cadas de experi\u00eancia internacional continuamente renovada por forma\u00e7\u00e3o, aud\u00e1cia, criatividade e investiga\u00e7\u00e3o.<\/p><p>A Pellegrini Catering Overseas tem apenas um objetivo: <span style=\"color: #ff2b00;\">fazer com que se sinta em casa, onde quer que esteja<\/span>.<\/p>\t\t\t\t\t\t\t\t<\/div>\n\t\t\t\t<div class=\"elementor-element elementor-element-1710a13 elementor-align-left elementor-widget elementor-widget-button\" data-id=\"1710a13\" data-element_type=\"widget\" data-e-type=\"widget\" data-widget_type=\"button.default\">\n\t\t\t\t\t\t\t\t\t\t<a class=\"elementor-button elementor-button-link elementor-size-sm\" href=\"https:\/\/peca.ch\/pt-pt\/o-que-fazemos\/worldwide\/catering\/\">\n\t\t\t\t\t\t<span class=\"elementor-button-content-wrapper\">\n\t\t\t\t\t\t\t\t\t<span class=\"elementor-button-text\">Descubra mais<\/span>\n\t\t\t\t\t<\/span>\n\t\t\t\t\t<\/a>\n\t\t\t\t\t\t\t\t<\/div>\n\t\t\t\t<\/div>\n\t\t\t\t\t<\/div>\n\t\t\t\t<\/div>\n\t\t<div class=\"elementor-element elementor-element-fa37316 e-flex e-con-boxed e-con e-parent\" data-id=\"fa37316\" data-element_type=\"container\" data-e-type=\"container\">\n\t\t\t\t\t<div class=\"e-con-inner\">\n\t\t\t\t<div class=\"elementor-element elementor-element-e58358a elementor-widget elementor-widget-spacer\" data-id=\"e58358a\" data-element_type=\"widget\" data-e-type=\"widget\" data-widget_type=\"spacer.default\">\n\t\t\t\t\t\t\t<div class=\"elementor-spacer\">\n\t\t\t<div class=\"elementor-spacer-inner\"><\/div>\n\t\t<\/div>\n\t\t\t\t\t\t<\/div>\n\t\t\t\t\t<\/div>\n\t\t\t\t<\/div>\n\t\t\t\t<\/div>\n\t\t","protected":false},"excerpt":{"rendered":"<p>Su\u00ed\u00e7a A Pellegrini Catering Overseas est\u00e1 tamb\u00e9m fortemente operacional na Su\u00ed\u00e7a atrav\u00e9s de duas filiais no Ticino, Mendrisio e Lugano, oferecendo uma variedade de servi\u00e7os relacionados com restaura\u00e7\u00e3o coletiva e catering, concentrando-se na fiabilidade da marca e na excelente qualidade dos produtos e servi\u00e7os, algumas das nossas principais atividades: Refeit\u00f3rios (empresas, hospitais, escolas, etc.) Restaurantes [&hellip;]<\/p>\n","protected":false},"author":1,"featured_media":0,"parent":0,"menu_order":0,"comment_status":"closed","ping_status":"closed","template":"","meta":{"footnotes":""},"class_list":["post-1079","page","type-page","status-publish","hentry"],"_links":{"self":[{"href":"https:\/\/peca.ch\/pt-pt\/wp-json\/wp\/v2\/pages\/1079","targetHints":{"allow":["GET"]}}],"collection":[{"href":"https:\/\/peca.ch\/pt-pt\/wp-json\/wp\/v2\/pages"}],"about":[{"href":"https:\/\/peca.ch\/pt-pt\/wp-json\/wp\/v2\/types\/page"}],"author":[{"embeddable":true,"href":"https:\/\/peca.ch\/pt-pt\/wp-json\/wp\/v2\/users\/1"}],"replies":[{"embeddable":true,"href":"https:\/\/peca.ch\/pt-pt\/wp-json\/wp\/v2\/comments?post=1079"}],"version-history":[{"count":4,"href":"https:\/\/peca.ch\/pt-pt\/wp-json\/wp\/v2\/pages\/1079\/revisions"}],"predecessor-version":[{"id":1122,"href":"https:\/\/peca.ch\/pt-pt\/wp-json\/wp\/v2\/pages\/1079\/revisions\/1122"}],"wp:attachment":[{"href":"https:\/\/peca.ch\/pt-pt\/wp-json\/wp\/v2\/media?parent=1079"}],"curies":[{"name":"wp","href":"https:\/\/api.w.org\/{rel}","templated":true}]}}