{"id":1075,"date":"2025-07-16T09:00:54","date_gmt":"2025-07-16T09:00:54","guid":{"rendered":"https:\/\/peca.wallabi.dev\/quem-somos\/missao-e-valores\/"},"modified":"2025-07-18T08:50:43","modified_gmt":"2025-07-18T08:50:43","slug":"missao-e-valores","status":"publish","type":"page","link":"https:\/\/peca.ch\/pt-pt\/quem-somos\/missao-e-valores\/","title":{"rendered":"Miss\u00e3o e valores"},"content":{"rendered":"\t\t<div data-elementor-type=\"wp-page\" data-elementor-id=\"1075\" class=\"elementor elementor-1075 elementor-240\" data-elementor-post-type=\"page\">\n\t\t\t\t<div class=\"elementor-element elementor-element-c3bc9bc e-flex e-con-boxed e-con e-parent\" data-id=\"c3bc9bc\" data-element_type=\"container\" data-e-type=\"container\">\n\t\t\t\t\t<div class=\"e-con-inner\">\n\t\t\t\t<div class=\"elementor-element elementor-element-727d9dd elementor-widget elementor-widget-image\" data-id=\"727d9dd\" data-element_type=\"widget\" data-e-type=\"widget\" data-widget_type=\"image.default\">\n\t\t\t\t\t\t\t\t\t\t\t\t\t\t\t<img fetchpriority=\"high\" decoding=\"async\" width=\"1130\" height=\"300\" src=\"https:\/\/media.gruppopellegrini.it\/peca\/2025\/07\/chi-siamo.webp\" class=\"attachment-full size-full wp-image-658\" alt=\"Immagine di Valentina ed Ernesto Pellegrini\" srcset=\"https:\/\/media.gruppopellegrini.it\/peca\/2025\/07\/chi-siamo.webp 1130w, https:\/\/media.gruppopellegrini.it\/peca\/2025\/07\/chi-siamo-300x80.webp 300w, https:\/\/media.gruppopellegrini.it\/peca\/2025\/07\/chi-siamo-1024x272.webp 1024w, https:\/\/media.gruppopellegrini.it\/peca\/2025\/07\/chi-siamo-768x204.webp 768w\" sizes=\"(max-width: 1130px) 100vw, 1130px\" \/>\t\t\t\t\t\t\t\t\t\t\t\t\t\t\t<\/div>\n\t\t\t\t\t<\/div>\n\t\t\t\t<\/div>\n\t\t<div class=\"elementor-element elementor-element-b659046 e-flex e-con-boxed e-con e-parent\" data-id=\"b659046\" data-element_type=\"container\" data-e-type=\"container\">\n\t\t\t\t\t<div class=\"e-con-inner\">\n\t\t<div class=\"elementor-element elementor-element-dca25b3 e-con-full e-flex e-con e-child\" data-id=\"dca25b3\" data-element_type=\"container\" data-e-type=\"container\">\n\t\t\t\t<div class=\"elementor-element elementor-element-470d805 elementor-nav-menu--dropdown-none elementor-widget elementor-widget-nav-menu\" data-id=\"470d805\" data-element_type=\"widget\" data-e-type=\"widget\" data-settings=\"{&quot;layout&quot;:&quot;vertical&quot;,&quot;submenu_icon&quot;:{&quot;value&quot;:&quot;&lt;svg aria-hidden=\\&quot;true\\&quot; class=\\&quot;e-font-icon-svg e-fas-caret-down\\&quot; viewBox=\\&quot;0 0 320 512\\&quot; xmlns=\\&quot;http:\\\/\\\/www.w3.org\\\/2000\\\/svg\\&quot;&gt;&lt;path d=\\&quot;M31.3 192h257.3c17.8 0 26.7 21.5 14.1 34.1L174.1 354.8c-7.8 7.8-20.5 7.8-28.3 0L17.2 226.1C4.6 213.5 13.5 192 31.3 192z\\&quot;&gt;&lt;\\\/path&gt;&lt;\\\/svg&gt;&quot;,&quot;library&quot;:&quot;fa-solid&quot;}}\" data-widget_type=\"nav-menu.default\">\n\t\t\t\t\t\t\t\t<nav aria-label=\"Menu\" class=\"elementor-nav-menu--main elementor-nav-menu__container elementor-nav-menu--layout-vertical e--pointer-double-line e--animation-fade\">\n\t\t\t\t<ul id=\"menu-1-470d805\" class=\"elementor-nav-menu sm-vertical\"><li class=\"menu-item menu-item-type-post_type menu-item-object-page menu-item-247\"><a href=\"https:\/\/peca.ch\/chi-siamo\/dove-siamo\/\" class=\"elementor-item\">Onde estamos<\/a><\/li>\n<li class=\"menu-item menu-item-type-post_type menu-item-object-page menu-item-246\"><a href=\"https:\/\/peca.ch\/chi-siamo\/cifre-fatti\/\" class=\"elementor-item\">Fatos e N\u00fameros<\/a><\/li>\n<li class=\"menu-item menu-item-type-post_type menu-item-object-page menu-item-245\"><a href=\"https:\/\/peca.ch\/chi-siamo\/mission-valori\/\" class=\"elementor-item\">Miss\u00e3o e valores<\/a><\/li>\n<li class=\"menu-item menu-item-type-post_type menu-item-object-page menu-item-244\"><a href=\"https:\/\/peca.ch\/chi-siamo\/modello-organizzativo\/\" class=\"elementor-item\">Modelo organizacional<\/a><\/li>\n<\/ul>\t\t\t<\/nav>\n\t\t\t\t\t\t<nav class=\"elementor-nav-menu--dropdown elementor-nav-menu__container\" aria-hidden=\"true\">\n\t\t\t\t<ul id=\"menu-2-470d805\" class=\"elementor-nav-menu sm-vertical\"><li class=\"menu-item menu-item-type-post_type menu-item-object-page menu-item-247\"><a href=\"https:\/\/peca.ch\/chi-siamo\/dove-siamo\/\" class=\"elementor-item\" tabindex=\"-1\">Onde estamos<\/a><\/li>\n<li class=\"menu-item menu-item-type-post_type menu-item-object-page menu-item-246\"><a href=\"https:\/\/peca.ch\/chi-siamo\/cifre-fatti\/\" class=\"elementor-item\" tabindex=\"-1\">Fatos e N\u00fameros<\/a><\/li>\n<li class=\"menu-item menu-item-type-post_type menu-item-object-page menu-item-245\"><a href=\"https:\/\/peca.ch\/chi-siamo\/mission-valori\/\" class=\"elementor-item\" tabindex=\"-1\">Miss\u00e3o e valores<\/a><\/li>\n<li class=\"menu-item menu-item-type-post_type menu-item-object-page menu-item-244\"><a href=\"https:\/\/peca.ch\/chi-siamo\/modello-organizzativo\/\" class=\"elementor-item\" tabindex=\"-1\">Modelo organizacional<\/a><\/li>\n<\/ul>\t\t\t<\/nav>\n\t\t\t\t\t\t<\/div>\n\t\t\t\t<\/div>\n\t\t<div class=\"elementor-element elementor-element-8180343 e-con-full e-flex e-con e-child\" data-id=\"8180343\" data-element_type=\"container\" data-e-type=\"container\">\n\t\t\t\t<div class=\"elementor-element elementor-element-4c43db1 elementor-widget elementor-widget-text-editor\" data-id=\"4c43db1\" data-element_type=\"widget\" data-e-type=\"widget\" data-widget_type=\"text-editor.default\">\n\t\t\t\t\t\t\t\t\t<p><em><strong><span style=\"color: #ff2b00;\">Fazer com que se sintam em casa, em qualquer lugar do mundo<\/span><\/strong><\/em><\/p><p>A miss\u00e3o da Pellegrini Catering Overseas \u00e9 oferecer aos vossos empregados, cujas fun\u00e7\u00f5es e locais de trabalho s\u00e3o geralmente delicados e dif\u00edceis, um servi\u00e7o de recep\u00e7\u00e3o e restaura\u00e7\u00e3o que os fa\u00e7a sentir tranquilos e em casa. Para alcan\u00e7ar este resultado propomo-nos como um parceiro flex\u00edvel, que sabe ouvir, compreender e fornecer com rapidez e efic\u00e1cia a melhor solu\u00e7\u00e3o por medida. <\/p><p>Os valores que nos guiam s\u00e3o o respeito do nosso c\u00f3digo \u00e9tico, das regras e culturas dos pa\u00edses em que operamos, a honestidade, a transpar\u00eancia nas rela\u00e7\u00f5es com os clientes, fornecedores e empregados e a consci\u00eancia de que para fornecer um servi\u00e7o sempre adequado e que satisfa\u00e7a as exig\u00eancias do cliente, e at\u00e9 mesmo antecip\u00e1-las, s\u00e3o necess\u00e1rios esfor\u00e7oe, dedica\u00e7\u00e3o, pontualidade e criatividade.<\/p><p>Para n\u00f3s \u00e9 importante manter alto o grau de fideliza\u00e7ao do cliente e pesquisar constantemente a sua satisfa\u00e7ao.<\/p>\t\t\t\t\t\t\t\t<\/div>\n\t\t\t\t<div class=\"elementor-element elementor-element-b5f8e8f elementor-align-left elementor-widget elementor-widget-button\" data-id=\"b5f8e8f\" data-element_type=\"widget\" data-e-type=\"widget\" data-widget_type=\"button.default\">\n\t\t\t\t\t\t\t\t\t\t<a class=\"elementor-button elementor-button-link elementor-size-sm\" href=\"https:\/\/peca.ch\/pt-pt\/contactos\/\">\n\t\t\t\t\t\t<span class=\"elementor-button-content-wrapper\">\n\t\t\t\t\t\t<span class=\"elementor-button-icon\">\n\t\t\t\t<svg aria-hidden=\"true\" class=\"e-font-icon-svg e-fas-user-plus\" viewBox=\"0 0 640 512\" xmlns=\"http:\/\/www.w3.org\/2000\/svg\"><path d=\"M624 208h-64v-64c0-8.8-7.2-16-16-16h-32c-8.8 0-16 7.2-16 16v64h-64c-8.8 0-16 7.2-16 16v32c0 8.8 7.2 16 16 16h64v64c0 8.8 7.2 16 16 16h32c8.8 0 16-7.2 16-16v-64h64c8.8 0 16-7.2 16-16v-32c0-8.8-7.2-16-16-16zm-400 48c70.7 0 128-57.3 128-128S294.7 0 224 0 96 57.3 96 128s57.3 128 128 128zm89.6 32h-16.7c-22.2 10.2-46.9 16-72.9 16s-50.6-5.8-72.9-16h-16.7C60.2 288 0 348.2 0 422.4V464c0 26.5 21.5 48 48 48h352c26.5 0 48-21.5 48-48v-41.6c0-74.2-60.2-134.4-134.4-134.4z\"><\/path><\/svg>\t\t\t<\/span>\n\t\t\t\t\t\t\t\t\t<span class=\"elementor-button-text\">Contactos<\/span>\n\t\t\t\t\t<\/span>\n\t\t\t\t\t<\/a>\n\t\t\t\t\t\t\t\t<\/div>\n\t\t\t\t<\/div>\n\t\t\t\t\t<\/div>\n\t\t\t\t<\/div>\n\t\t<div class=\"elementor-element elementor-element-2bf060a e-flex e-con-boxed e-con e-parent\" data-id=\"2bf060a\" data-element_type=\"container\" data-e-type=\"container\">\n\t\t\t\t\t<div class=\"e-con-inner\">\n\t\t\t\t<div class=\"elementor-element elementor-element-3a49235 elementor-widget elementor-widget-spacer\" data-id=\"3a49235\" data-element_type=\"widget\" data-e-type=\"widget\" data-widget_type=\"spacer.default\">\n\t\t\t\t\t\t\t<div class=\"elementor-spacer\">\n\t\t\t<div class=\"elementor-spacer-inner\"><\/div>\n\t\t<\/div>\n\t\t\t\t\t\t<\/div>\n\t\t\t\t\t<\/div>\n\t\t\t\t<\/div>\n\t\t\t\t<\/div>\n\t\t","protected":false},"excerpt":{"rendered":"<p>Fazer com que se sintam em casa, em qualquer lugar do mundo A miss\u00e3o da Pellegrini Catering Overseas \u00e9 oferecer aos vossos empregados, cujas fun\u00e7\u00f5es e locais de trabalho s\u00e3o geralmente delicados e dif\u00edceis, um servi\u00e7o de recep\u00e7\u00e3o e restaura\u00e7\u00e3o que os fa\u00e7a sentir tranquilos e em casa. Para alcan\u00e7ar este resultado propomo-nos como um [&hellip;]<\/p>\n","protected":false},"author":1,"featured_media":0,"parent":1069,"menu_order":0,"comment_status":"closed","ping_status":"closed","template":"","meta":{"footnotes":""},"class_list":["post-1075","page","type-page","status-publish","hentry"],"_links":{"self":[{"href":"https:\/\/peca.ch\/pt-pt\/wp-json\/wp\/v2\/pages\/1075","targetHints":{"allow":["GET"]}}],"collection":[{"href":"https:\/\/peca.ch\/pt-pt\/wp-json\/wp\/v2\/pages"}],"about":[{"href":"https:\/\/peca.ch\/pt-pt\/wp-json\/wp\/v2\/types\/page"}],"author":[{"embeddable":true,"href":"https:\/\/peca.ch\/pt-pt\/wp-json\/wp\/v2\/users\/1"}],"replies":[{"embeddable":true,"href":"https:\/\/peca.ch\/pt-pt\/wp-json\/wp\/v2\/comments?post=1075"}],"version-history":[{"count":1,"href":"https:\/\/peca.ch\/pt-pt\/wp-json\/wp\/v2\/pages\/1075\/revisions"}],"predecessor-version":[{"id":1076,"href":"https:\/\/peca.ch\/pt-pt\/wp-json\/wp\/v2\/pages\/1075\/revisions\/1076"}],"up":[{"embeddable":true,"href":"https:\/\/peca.ch\/pt-pt\/wp-json\/wp\/v2\/pages\/1069"}],"wp:attachment":[{"href":"https:\/\/peca.ch\/pt-pt\/wp-json\/wp\/v2\/media?parent=1075"}],"curies":[{"name":"wp","href":"https:\/\/api.w.org\/{rel}","templated":true}]}}