{"id":1053,"date":"2025-07-15T12:20:30","date_gmt":"2025-07-15T12:20:30","guid":{"rendered":"https:\/\/peca.wallabi.dev\/home\/"},"modified":"2025-07-18T13:12:13","modified_gmt":"2025-07-18T13:12:13","slug":"home","status":"publish","type":"page","link":"https:\/\/peca.ch\/pt-pt\/","title":{"rendered":"Home"},"content":{"rendered":"\t\t<div data-elementor-type=\"wp-page\" data-elementor-id=\"1053\" class=\"elementor elementor-1053 elementor-19\" data-elementor-post-type=\"page\">\n\t\t\t\t<div class=\"elementor-element elementor-element-d6971ed e-flex e-con-boxed e-con e-parent\" data-id=\"d6971ed\" data-element_type=\"container\" data-e-type=\"container\">\n\t\t\t\t\t<div class=\"e-con-inner\">\n\t\t\t\t<div class=\"elementor-element elementor-element-2612eee elementor-widget elementor-widget-image\" data-id=\"2612eee\" data-element_type=\"widget\" data-e-type=\"widget\" data-widget_type=\"image.default\">\n\t\t\t\t\t\t\t\t\t\t\t\t\t\t\t<img fetchpriority=\"high\" decoding=\"async\" width=\"1130\" height=\"466\" src=\"https:\/\/media.gruppopellegrini.it\/peca\/2025\/07\/testata-hp_PT.webp\" class=\"attachment-full size-full wp-image-1055\" alt=\"\" srcset=\"https:\/\/media.gruppopellegrini.it\/peca\/2025\/07\/testata-hp_PT.webp 1130w, https:\/\/media.gruppopellegrini.it\/peca\/2025\/07\/testata-hp_PT-300x124.webp 300w, https:\/\/media.gruppopellegrini.it\/peca\/2025\/07\/testata-hp_PT-1024x422.webp 1024w, https:\/\/media.gruppopellegrini.it\/peca\/2025\/07\/testata-hp_PT-768x317.webp 768w\" sizes=\"(max-width: 1130px) 100vw, 1130px\" \/>\t\t\t\t\t\t\t\t\t\t\t\t\t\t\t<\/div>\n\t\t\t\t\t<\/div>\n\t\t\t\t<\/div>\n\t\t<div class=\"elementor-element elementor-element-3fde4ce e-flex e-con-boxed e-con e-parent\" data-id=\"3fde4ce\" data-element_type=\"container\" data-e-type=\"container\">\n\t\t\t\t\t<div class=\"e-con-inner\">\n\t\t\t\t<div class=\"elementor-element elementor-element-968fa81 elementor-widget elementor-widget-text-editor\" data-id=\"968fa81\" data-element_type=\"widget\" data-e-type=\"widget\" data-widget_type=\"text-editor.default\">\n\t\t\t\t\t\t\t\t\t<p>O que fazemos<\/p>\t\t\t\t\t\t\t\t<\/div>\n\t\t\t\t\t<\/div>\n\t\t\t\t<\/div>\n\t\t<div class=\"elementor-element elementor-element-1abdd49 e-flex e-con-boxed e-con e-parent\" data-id=\"1abdd49\" data-element_type=\"container\" data-e-type=\"container\" data-settings=\"{&quot;background_background&quot;:&quot;classic&quot;}\">\n\t\t\t\t\t<div class=\"e-con-inner\">\n\t\t\t\t<div class=\"elementor-element elementor-element-6387605 e-n-tabs-none elementor-widget elementor-widget-n-tabs\" data-id=\"6387605\" data-element_type=\"widget\" data-e-type=\"widget\" data-settings=\"{&quot;horizontal_scroll&quot;:&quot;disable&quot;}\" data-widget_type=\"nested-tabs.default\">\n\t\t\t\t\t\t\t<div class=\"e-n-tabs\" data-widget-number=\"104363525\" aria-label=\"Tabs. Open items with Enter or Space, close with Escape and navigate using the Arrow keys.\">\n\t\t\t<div class=\"e-n-tabs-heading\" role=\"tablist\">\n\t\t\t\t\t<button id=\"e-n-tab-title-1043635251\" data-tab-title-id=\"e-n-tab-title-1043635251\" class=\"e-n-tab-title\" aria-selected=\"true\" data-tab-index=\"1\" role=\"tab\" tabindex=\"0\" aria-controls=\"e-n-tab-content-1043635251\" style=\"--n-tabs-title-order: 1;\">\n\t\t\t\t\t\t<span class=\"e-n-tab-title-text\">\n\t\t\t\tWORLDWIDE\t\t\t<\/span>\n\t\t<\/button>\n\t\t\t\t<button id=\"e-n-tab-title-1043635252\" data-tab-title-id=\"e-n-tab-title-1043635252\" class=\"e-n-tab-title\" aria-selected=\"false\" data-tab-index=\"2\" role=\"tab\" tabindex=\"-1\" aria-controls=\"e-n-tab-content-1043635252\" style=\"--n-tabs-title-order: 2;\">\n\t\t\t\t\t\t<span class=\"e-n-tab-title-text\">\n\t\t\t\tSU\u00cd\u00c7A\t\t\t<\/span>\n\t\t<\/button>\n\t\t\t\t\t<\/div>\n\t\t\t<div class=\"e-n-tabs-content\">\n\t\t\t\t<div id=\"e-n-tab-content-1043635251\" role=\"tabpanel\" aria-labelledby=\"e-n-tab-title-1043635251\" data-tab-index=\"1\" style=\"--n-tabs-title-order: 1;\" class=\"e-active elementor-element elementor-element-0e74e87 e-con-full e-flex e-con e-child\" data-id=\"0e74e87\" data-element_type=\"container\" data-e-type=\"container\" data-settings=\"{&quot;background_background&quot;:&quot;classic&quot;}\">\n\t\t<div class=\"elementor-element elementor-element-f9201ae e-con-full e-flex e-con e-child\" data-id=\"f9201ae\" data-element_type=\"container\" data-e-type=\"container\">\n\t\t<div class=\"elementor-element elementor-element-fb40521 e-con-full e-flex e-con e-child\" data-id=\"fb40521\" data-element_type=\"container\" data-e-type=\"container\">\n\t\t\t\t<div class=\"elementor-element elementor-element-3d29774 elementor-absolute elementor-view-default elementor-widget elementor-widget-icon\" data-id=\"3d29774\" data-element_type=\"widget\" data-e-type=\"widget\" data-settings=\"{&quot;_position&quot;:&quot;absolute&quot;}\" data-widget_type=\"icon.default\">\n\t\t\t\t\t\t\t<div class=\"elementor-icon-wrapper\">\n\t\t\t<div class=\"elementor-icon\">\n\t\t\t<svg aria-hidden=\"true\" class=\"e-font-icon-svg e-fas-caret-up\" viewBox=\"0 0 320 512\" xmlns=\"http:\/\/www.w3.org\/2000\/svg\"><path d=\"M288.662 352H31.338c-17.818 0-26.741-21.543-14.142-34.142l128.662-128.662c7.81-7.81 20.474-7.81 28.284 0l128.662 128.662c12.6 12.599 3.676 34.142-14.142 34.142z\"><\/path><\/svg>\t\t\t<\/div>\n\t\t<\/div>\n\t\t\t\t\t\t<\/div>\n\t\t\t\t<\/div>\n\t\t<div class=\"elementor-element elementor-element-7c99427 e-con-full e-flex e-con e-child\" data-id=\"7c99427\" data-element_type=\"container\" data-e-type=\"container\">\n\t\t\t\t<\/div>\n\t\t\t\t<\/div>\n\t\t\t\t<div class=\"elementor-element elementor-element-136d506 elementor-widget elementor-widget-text-editor\" data-id=\"136d506\" data-element_type=\"widget\" data-e-type=\"widget\" data-widget_type=\"text-editor.default\">\n\t\t\t\t\t\t\t\t\t<p>A Pellegrini Catering Overseas oferece servi\u00e7os de <span style=\"color: #ff2b00;\">restaura\u00e7\u00e3o coletiva em todo o mundo<\/span>, mesmo em <span style=\"color: #ff2b00;\">contextos log\u00edsticos<\/span> complexos, de forma <span style=\"color: #ff2b00;\">eficaz <\/span>e <span style=\"color: #ff2b00;\">eficiente<\/span>, fruto de d\u00e9cadas de experi\u00eancia internacional continuamente renovada pela forma\u00e7\u00e3o, aud\u00e1cia, criatividade e investiga\u00e7\u00e3o, uma <span style=\"color: #ff2b00;\">excel\u00eancia made in Italy<\/span>.<\/p><p>A Pellegrini Catering Overseas tem apenas um objetivo: <span style=\"color: #ff2b00;\">fazer com que se sinta em casa, onde quer que esteja<\/span>.<\/p>\t\t\t\t\t\t\t\t<\/div>\n\t\t\t\t<div class=\"elementor-element elementor-element-18c0502 elementor-align-center elementor-widget elementor-widget-button\" data-id=\"18c0502\" data-element_type=\"widget\" data-e-type=\"widget\" data-widget_type=\"button.default\">\n\t\t\t\t\t\t\t\t\t\t<a class=\"elementor-button elementor-button-link elementor-size-sm\" href=\"https:\/\/peca.ch\/pt-pt\/contactos\/\">\n\t\t\t\t\t\t<span class=\"elementor-button-content-wrapper\">\n\t\t\t\t\t\t<span class=\"elementor-button-icon\">\n\t\t\t\t<svg aria-hidden=\"true\" class=\"e-font-icon-svg e-fas-user-plus\" viewBox=\"0 0 640 512\" xmlns=\"http:\/\/www.w3.org\/2000\/svg\"><path d=\"M624 208h-64v-64c0-8.8-7.2-16-16-16h-32c-8.8 0-16 7.2-16 16v64h-64c-8.8 0-16 7.2-16 16v32c0 8.8 7.2 16 16 16h64v64c0 8.8 7.2 16 16 16h32c8.8 0 16-7.2 16-16v-64h64c8.8 0 16-7.2 16-16v-32c0-8.8-7.2-16-16-16zm-400 48c70.7 0 128-57.3 128-128S294.7 0 224 0 96 57.3 96 128s57.3 128 128 128zm89.6 32h-16.7c-22.2 10.2-46.9 16-72.9 16s-50.6-5.8-72.9-16h-16.7C60.2 288 0 348.2 0 422.4V464c0 26.5 21.5 48 48 48h352c26.5 0 48-21.5 48-48v-41.6c0-74.2-60.2-134.4-134.4-134.4z\"><\/path><\/svg>\t\t\t<\/span>\n\t\t\t\t\t\t\t\t\t<span class=\"elementor-button-text\">N\u00f3s queremos conhecer voc\u00ea<\/span>\n\t\t\t\t\t<\/span>\n\t\t\t\t\t<\/a>\n\t\t\t\t\t\t\t\t<\/div>\n\t\t\t\t<div class=\"elementor-element elementor-element-a8b069a elementor-widget elementor-widget-html\" data-id=\"a8b069a\" data-element_type=\"widget\" data-e-type=\"widget\" data-widget_type=\"html.default\">\n\t\t\t\t\t<div class=\"horizontal-accordion\">\r\n  \r\n  <a href=\"https:\/\/peca.ch\/pt-pt\/o-que-fazemos\/worldwide\/catering\/\" class=\"accordion-item\">\r\n    <img decoding=\"async\" src=\"https:\/\/media.gruppopellegrini.it\/peca\/2025\/07\/accordion-catering_.webp\" alt=\"Foto 1\">\r\n    <div class=\"overlay\"><\/div>\r\n    <div class=\"accordion-title\">Catering<\/div>\r\n  <\/a>\r\n\r\n  <a href=\"https:\/\/peca.ch\/pt-pt\/o-que-fazemos\/worldwide\/housekeeping\/\" class=\"accordion-item\">\r\n    <img decoding=\"async\" src=\"https:\/\/media.gruppopellegrini.it\/peca\/2025\/07\/accordion-housekeeping_.webp\" alt=\"Foto 2\">\r\n    <div class=\"overlay\"><\/div>\r\n    <div class=\"accordion-title\">Housekeeping<\/div>\r\n  <\/a>\r\n\r\n  <a href=\"https:\/\/peca.ch\/pt-pt\/o-que-fazemos\/worldwide\/limpeza\/\" class=\"accordion-item\">\r\n    <img decoding=\"async\" src=\"https:\/\/media.gruppopellegrini.it\/peca\/2025\/07\/accordion-cleaning_.webp\" alt=\"Foto 3\">\r\n    <div class=\"overlay\"><\/div>\r\n    <div class=\"accordion-title\">Limpeza<\/div>\r\n  <\/a>\r\n\r\n  <a href=\"https:\/\/peca.ch\/pt-pt\/o-que-fazemos\/worldwide\/laundry\/\" class=\"accordion-item\">\r\n    <img decoding=\"async\" src=\"https:\/\/media.gruppopellegrini.it\/peca\/2025\/07\/accordion-laundry_.webp\" alt=\"Foto 4\">\r\n    <div class=\"overlay\"><\/div>\r\n    <div class=\"accordion-title\">Laundry<\/div>\r\n  <\/a>\r\n\r\n  <a href=\"https:\/\/peca.ch\/pt-pt\/o-que-fazemos\/worldwide\/loja-de-conveniencia\/\" class=\"accordion-item\">\r\n    <img decoding=\"async\" src=\"https:\/\/media.gruppopellegrini.it\/peca\/2025\/07\/accordion-minimarket_.webp\" alt=\"Foto 5\">\r\n    <div class=\"overlay\"><\/div>\r\n    <div class=\"accordion-title\">Loja de conveni\u00eancia<\/div>\r\n  <\/a>\r\n\r\n<\/div>\t\t\t\t<\/div>\n\t\t\t\t<\/div>\n\t\t<div id=\"e-n-tab-content-1043635252\" role=\"tabpanel\" aria-labelledby=\"e-n-tab-title-1043635252\" data-tab-index=\"2\" style=\"--n-tabs-title-order: 2;\" class=\" elementor-element elementor-element-c514575 e-con-full e-flex e-con e-child\" data-id=\"c514575\" data-element_type=\"container\" data-e-type=\"container\" data-settings=\"{&quot;background_background&quot;:&quot;classic&quot;}\">\n\t\t<div class=\"elementor-element elementor-element-fac23d7 e-con-full e-flex e-con e-child\" data-id=\"fac23d7\" data-element_type=\"container\" data-e-type=\"container\">\n\t\t<div class=\"elementor-element elementor-element-204de13 e-con-full e-flex e-con e-child\" data-id=\"204de13\" data-element_type=\"container\" data-e-type=\"container\">\n\t\t\t\t<div class=\"elementor-element elementor-element-86860d3 elementor-widget elementor-widget-spacer\" data-id=\"86860d3\" data-element_type=\"widget\" data-e-type=\"widget\" data-widget_type=\"spacer.default\">\n\t\t\t\t\t\t\t<div class=\"elementor-spacer\">\n\t\t\t<div class=\"elementor-spacer-inner\"><\/div>\n\t\t<\/div>\n\t\t\t\t\t\t<\/div>\n\t\t\t\t<\/div>\n\t\t<div class=\"elementor-element elementor-element-29ace40 e-con-full e-flex e-con e-child\" data-id=\"29ace40\" data-element_type=\"container\" data-e-type=\"container\">\n\t\t\t\t<div class=\"elementor-element elementor-element-0fbdd7a elementor-absolute elementor-view-default elementor-widget elementor-widget-icon\" data-id=\"0fbdd7a\" data-element_type=\"widget\" data-e-type=\"widget\" data-settings=\"{&quot;_position&quot;:&quot;absolute&quot;}\" data-widget_type=\"icon.default\">\n\t\t\t\t\t\t\t<div class=\"elementor-icon-wrapper\">\n\t\t\t<div class=\"elementor-icon\">\n\t\t\t<svg aria-hidden=\"true\" class=\"e-font-icon-svg e-fas-caret-up\" viewBox=\"0 0 320 512\" xmlns=\"http:\/\/www.w3.org\/2000\/svg\"><path d=\"M288.662 352H31.338c-17.818 0-26.741-21.543-14.142-34.142l128.662-128.662c7.81-7.81 20.474-7.81 28.284 0l128.662 128.662c12.6 12.599 3.676 34.142-14.142 34.142z\"><\/path><\/svg>\t\t\t<\/div>\n\t\t<\/div>\n\t\t\t\t\t\t<\/div>\n\t\t\t\t<\/div>\n\t\t\t\t<\/div>\n\t\t\t\t<div class=\"elementor-element elementor-element-65380db elementor-widget elementor-widget-text-editor\" data-id=\"65380db\" data-element_type=\"widget\" data-e-type=\"widget\" data-widget_type=\"text-editor.default\">\n\t\t\t\t\t\t\t\t\t<p>A Pellegrini Catering Overseas tamb\u00e9m opera na <span style=\"color: #ff2b00;\">Su\u00ed\u00e7a<\/span>, oferecendo uma variedade de servi\u00e7os <span style=\"color: #ff2b00;\">relacionados <\/span>com a restaura\u00e7\u00e3o coletiva, concentrando-se na <span style=\"color: #ff2b00;\">fiabilidade <\/span>e <span style=\"color: #ff2b00;\">excelente qualidade<\/span>.<\/p><p>A Pellegrini Catering Overseas \u00e9 a solu\u00e7\u00e3o perfeita para empresas que procuram um <span style=\"color: #ff2b00;\">parceiro de confian\u00e7a<\/span> para os <span style=\"color: #ff2b00;\">servi\u00e7os de restaura\u00e7\u00e3o<\/span> pensados a 360\u00ba. Estamos presentes em todo o <span style=\"color: #ff2b00;\">territ\u00f3rio su\u00ed\u00e7o<\/span>, trabalhando a partir dos nossos escrit\u00f3rios em <span style=\"color: #ff2b00;\">Mendrisio <\/span>e <span style=\"color: #ff2b00;\">Lugano<\/span>, oferecendo apoio <span style=\"color: #ff2b00;\">di\u00e1rio <\/span>e <span style=\"color: #ff2b00;\">produtos de qualidade<\/span> com foco nos mercados do <span style=\"color: #ff2b00;\">Ticino <\/span>e da <span style=\"color: #ff2b00;\">Su\u00ed\u00e7a<\/span>.<br>Surpreenda-se com o <span style=\"color: #ff2b00;\">mundo Pellegrini<\/span>. <\/p>\t\t\t\t\t\t\t\t<\/div>\n\t\t\t\t<div class=\"elementor-element elementor-element-cecad93 elementor-align-center elementor-widget elementor-widget-button\" data-id=\"cecad93\" data-element_type=\"widget\" data-e-type=\"widget\" data-widget_type=\"button.default\">\n\t\t\t\t\t\t\t\t\t\t<a class=\"elementor-button elementor-button-link elementor-size-sm\" href=\"https:\/\/peca.ch\/pt-pt\/contactos\/\">\n\t\t\t\t\t\t<span class=\"elementor-button-content-wrapper\">\n\t\t\t\t\t\t<span class=\"elementor-button-icon\">\n\t\t\t\t<svg aria-hidden=\"true\" class=\"e-font-icon-svg e-fas-user-plus\" viewBox=\"0 0 640 512\" xmlns=\"http:\/\/www.w3.org\/2000\/svg\"><path d=\"M624 208h-64v-64c0-8.8-7.2-16-16-16h-32c-8.8 0-16 7.2-16 16v64h-64c-8.8 0-16 7.2-16 16v32c0 8.8 7.2 16 16 16h64v64c0 8.8 7.2 16 16 16h32c8.8 0 16-7.2 16-16v-64h64c8.8 0 16-7.2 16-16v-32c0-8.8-7.2-16-16-16zm-400 48c70.7 0 128-57.3 128-128S294.7 0 224 0 96 57.3 96 128s57.3 128 128 128zm89.6 32h-16.7c-22.2 10.2-46.9 16-72.9 16s-50.6-5.8-72.9-16h-16.7C60.2 288 0 348.2 0 422.4V464c0 26.5 21.5 48 48 48h352c26.5 0 48-21.5 48-48v-41.6c0-74.2-60.2-134.4-134.4-134.4z\"><\/path><\/svg>\t\t\t<\/span>\n\t\t\t\t\t\t\t\t\t<span class=\"elementor-button-text\">N\u00f3s queremos conhecer voc\u00ea<\/span>\n\t\t\t\t\t<\/span>\n\t\t\t\t\t<\/a>\n\t\t\t\t\t\t\t\t<\/div>\n\t\t\t\t<div class=\"elementor-element elementor-element-efbaf67 elementor-widget elementor-widget-html\" data-id=\"efbaf67\" data-element_type=\"widget\" data-e-type=\"widget\" data-widget_type=\"html.default\">\n\t\t\t\t\t<div class=\"horizontal-accordion\">\r\n  \r\n  <a href=\"https:\/\/peca.ch\/pt-pt\/o-que-fazemos\/suica\/restaurantes\/\" class=\"accordion-item\">\r\n    <img decoding=\"async\" src=\"https:\/\/media.gruppopellegrini.it\/peca\/2025\/07\/ristoranti.webp\" alt=\"Foto 1\">\r\n    <div class=\"overlay\"><\/div>\r\n    <div class=\"accordion-title\">Restaurantes<\/div>\r\n  <\/a>\r\n\r\n  <a href=\"https:\/\/peca.ch\/pt-pt\/o-que-fazemos\/suica\/delivery\/\" class=\"accordion-item\">\r\n    <img decoding=\"async\" src=\"https:\/\/media.gruppopellegrini.it\/peca\/2025\/07\/food_delivery.webp\" alt=\"Foto 2\">\r\n    <div class=\"overlay\"><\/div>\r\n    <div class=\"accordion-title\">Food delivery<\/div>\r\n  <\/a>\r\n\r\n  <a href=\"https:\/\/peca.ch\/pt-pt\/o-que-fazemos\/suica\/eventos\/\" class=\"accordion-item\">\r\n    <img decoding=\"async\" src=\"https:\/\/media.gruppopellegrini.it\/peca\/2025\/07\/catering.webp\" alt=\"Foto 3\">\r\n    <div class=\"overlay\"><\/div>\r\n    <div class=\"accordion-title\">Eventos<\/div>\r\n  <\/a>\r\n\r\n  <a href=\"https:\/\/peca.ch\/pt-pt\/o-que-fazemos\/suica\/cantinas\/\" class=\"accordion-item\">\r\n    <img decoding=\"async\" src=\"https:\/\/media.gruppopellegrini.it\/peca\/2025\/07\/mense.webp\" alt=\"Foto 4\">\r\n    <div class=\"overlay\"><\/div>\r\n    <div class=\"accordion-title\">Cantinas<\/div>\r\n  <\/a>\r\n\r\n  <a href=\"https:\/\/peca.ch\/pt-pt\/o-que-fazemos\/suica\/mais\/\" class=\"accordion-item\">\r\n    <img decoding=\"async\" src=\"https:\/\/media.gruppopellegrini.it\/peca\/2025\/07\/altro.webp\" alt=\"Foto 5\">\r\n    <div class=\"overlay\"><\/div>\r\n    <div class=\"accordion-title\">Mais<\/div>\r\n  <\/a>\r\n\r\n<\/div>\t\t\t\t<\/div>\n\t\t\t\t<\/div>\n\t\t\t\t\t<\/div>\n\t\t<\/div>\n\t\t\t\t\t\t<\/div>\n\t\t\t\t\t<\/div>\n\t\t\t\t<\/div>\n\t\t<div class=\"elementor-element elementor-element-6c751f3 e-flex e-con-boxed e-con e-parent\" data-id=\"6c751f3\" data-element_type=\"container\" data-e-type=\"container\">\n\t\t\t\t\t<div class=\"e-con-inner\">\n\t\t\t\t<div class=\"elementor-element elementor-element-114f7c9 elementor-widget elementor-widget-text-editor\" data-id=\"114f7c9\" data-element_type=\"widget\" data-e-type=\"widget\" data-widget_type=\"text-editor.default\">\n\t\t\t\t\t\t\t\t\t<p>Fatos e N\u00fameros<\/p>\t\t\t\t\t\t\t\t<\/div>\n\t\t\t\t\t<\/div>\n\t\t\t\t<\/div>\n\t\t<div class=\"elementor-element elementor-element-113eb2d e-flex e-con-boxed e-con e-parent\" data-id=\"113eb2d\" data-element_type=\"container\" data-e-type=\"container\">\n\t\t\t\t\t<div class=\"e-con-inner\">\n\t\t<div class=\"elementor-element elementor-element-0a5f501 e-con-full e-flex e-con e-child\" data-id=\"0a5f501\" data-element_type=\"container\" data-e-type=\"container\">\n\t\t\t\t<div class=\"elementor-element elementor-element-2bd0739 elementor-widget elementor-widget-text-editor\" data-id=\"2bd0739\" data-element_type=\"widget\" data-e-type=\"widget\" data-widget_type=\"text-editor.default\">\n\t\t\t\t\t\t\t\t\t<p>1400<\/p>\t\t\t\t\t\t\t\t<\/div>\n\t\t\t\t<div class=\"elementor-element elementor-element-b0f130f elementor-widget elementor-widget-text-editor\" data-id=\"b0f130f\" data-element_type=\"widget\" data-e-type=\"widget\" data-widget_type=\"text-editor.default\">\n\t\t\t\t\t\t\t\t\t<p>pessoas treinadas, atualizadas, motivadas e que t\u00eam orgulho de trabalhar para voc\u00ea.<\/p>\t\t\t\t\t\t\t\t<\/div>\n\t\t\t\t<\/div>\n\t\t<div class=\"elementor-element elementor-element-a7bbeb7 e-con-full e-flex e-con e-child\" data-id=\"a7bbeb7\" data-element_type=\"container\" data-e-type=\"container\" data-settings=\"{&quot;background_background&quot;:&quot;classic&quot;}\">\n\t\t\t\t<div class=\"elementor-element elementor-element-3813165 elementor-widget elementor-widget-text-editor\" data-id=\"3813165\" data-element_type=\"widget\" data-e-type=\"widget\" data-widget_type=\"text-editor.default\">\n\t\t\t\t\t\t\t\t\t<p>Nossos valores<\/p>\t\t\t\t\t\t\t\t<\/div>\n\t\t\t\t<div class=\"elementor-element elementor-element-45c466e elementor-widget elementor-widget-text-editor\" data-id=\"45c466e\" data-element_type=\"widget\" data-e-type=\"widget\" data-widget_type=\"text-editor.default\">\n\t\t\t\t\t\t\t\t\t<p>honestidade, transpar\u00eancia, criatividade e esp\u00edrito de servir.<\/p>\t\t\t\t\t\t\t\t<\/div>\n\t\t\t\t<\/div>\n\t\t<div class=\"elementor-element elementor-element-39df672 e-con-full e-flex e-con e-child\" data-id=\"39df672\" data-element_type=\"container\" data-e-type=\"container\" data-settings=\"{&quot;background_background&quot;:&quot;classic&quot;}\">\n\t\t\t\t<div class=\"elementor-element elementor-element-37b5d9b elementor-widget elementor-widget-text-editor\" data-id=\"37b5d9b\" data-element_type=\"widget\" data-e-type=\"widget\" data-widget_type=\"text-editor.default\">\n\t\t\t\t\t\t\t\t\t<p>C\u00f3digo de \u00e9tica<\/p>\t\t\t\t\t\t\t\t<\/div>\n\t\t\t\t<div class=\"elementor-element elementor-element-b3d6e34 elementor-widget elementor-widget-text-editor\" data-id=\"b3d6e34\" data-element_type=\"widget\" data-e-type=\"widget\" data-widget_type=\"text-editor.default\">\n\t\t\t\t\t\t\t\t\t<p>quer\u00edamos colocar no papel o respeito pelas regras.<\/p>\t\t\t\t\t\t\t\t<\/div>\n\t\t\t\t<\/div>\n\t\t<div class=\"elementor-element elementor-element-ac643a6 e-con-full e-flex e-con e-child\" data-id=\"ac643a6\" data-element_type=\"container\" data-e-type=\"container\" data-settings=\"{&quot;background_background&quot;:&quot;classic&quot;}\">\n\t\t\t\t<div class=\"elementor-element elementor-element-239a40e elementor-widget elementor-widget-text-editor\" data-id=\"239a40e\" data-element_type=\"widget\" data-e-type=\"widget\" data-widget_type=\"text-editor.default\">\n\t\t\t\t\t\t\t\t\t<p>\u2026desde 1979<\/p>\t\t\t\t\t\t\t\t<\/div>\n\t\t\t\t<div class=\"elementor-element elementor-element-acff09b elementor-widget elementor-widget-text-editor\" data-id=\"acff09b\" data-element_type=\"widget\" data-e-type=\"widget\" data-widget_type=\"text-editor.default\">\n\t\t\t\t\t\t\t\t\t<p>oferecemos aos nossos clientes qualidade, compet\u00eancia e aten\u00e7\u00e3o.<\/p>\t\t\t\t\t\t\t\t<\/div>\n\t\t\t\t<\/div>\n\t\t\t\t\t<\/div>\n\t\t\t\t<\/div>\n\t\t<div class=\"elementor-element elementor-element-0e88b0c e-flex e-con-boxed e-con e-parent\" data-id=\"0e88b0c\" data-element_type=\"container\" data-e-type=\"container\">\n\t\t\t\t\t<div class=\"e-con-inner\">\n\t\t<div class=\"elementor-element elementor-element-71d07f2 e-con-full e-flex e-con e-child\" data-id=\"71d07f2\" data-element_type=\"container\" data-e-type=\"container\">\n\t\t\t\t<div class=\"elementor-element elementor-element-fc807c9 elementor-widget elementor-widget-image\" data-id=\"fc807c9\" data-element_type=\"widget\" data-e-type=\"widget\" data-widget_type=\"image.default\">\n\t\t\t\t\t\t\t\t\t\t\t\t\t\t\t\t<a href=\"https:\/\/peca.ch\/pt-pt\/quem-somos\/onde-estamos\/\">\n\t\t\t\t\t\t\t<img decoding=\"async\" width=\"544\" height=\"123\" src=\"https:\/\/media.gruppopellegrini.it\/peca\/2025\/07\/Siamo-dove-serve-PT.webp\" class=\"attachment-full size-full wp-image-1059\" alt=\"\" srcset=\"https:\/\/media.gruppopellegrini.it\/peca\/2025\/07\/Siamo-dove-serve-PT.webp 544w, https:\/\/media.gruppopellegrini.it\/peca\/2025\/07\/Siamo-dove-serve-PT-300x68.webp 300w\" sizes=\"(max-width: 544px) 100vw, 544px\" \/>\t\t\t\t\t\t\t\t<\/a>\n\t\t\t\t\t\t\t\t\t\t\t\t\t\t\t<\/div>\n\t\t\t\t<\/div>\n\t\t<div class=\"elementor-element elementor-element-8365f7f e-con-full e-flex e-con e-child\" data-id=\"8365f7f\" data-element_type=\"container\" data-e-type=\"container\">\n\t\t\t\t<div class=\"elementor-element elementor-element-f1bf4ca elementor-widget elementor-widget-image\" data-id=\"f1bf4ca\" data-element_type=\"widget\" data-e-type=\"widget\" data-widget_type=\"image.default\">\n\t\t\t\t\t\t\t\t\t\t\t\t\t\t\t\t<a href=\"https:\/\/peca.ch\/pt-pt\/quem-somos\/onde-estamos\/\">\n\t\t\t\t\t\t\t<img decoding=\"async\" width=\"544\" height=\"123\" src=\"https:\/\/media.gruppopellegrini.it\/peca\/2025\/07\/world.webp\" class=\"attachment-full size-full wp-image-625\" alt=\"\" srcset=\"https:\/\/media.gruppopellegrini.it\/peca\/2025\/07\/world.webp 544w, https:\/\/media.gruppopellegrini.it\/peca\/2025\/07\/world-300x68.webp 300w\" sizes=\"(max-width: 544px) 100vw, 544px\" \/>\t\t\t\t\t\t\t\t<\/a>\n\t\t\t\t\t\t\t\t\t\t\t\t\t\t\t<\/div>\n\t\t\t\t<\/div>\n\t\t\t\t\t<\/div>\n\t\t\t\t<\/div>\n\t\t\t\t<\/div>\n\t\t","protected":false},"excerpt":{"rendered":"<p>O que fazemos WORLDWIDE SU\u00cd\u00c7A A Pellegrini Catering Overseas oferece servi\u00e7os de restaura\u00e7\u00e3o coletiva em todo o mundo, mesmo em contextos log\u00edsticos complexos, de forma eficaz e eficiente, fruto de d\u00e9cadas de experi\u00eancia internacional continuamente renovada pela forma\u00e7\u00e3o, aud\u00e1cia, criatividade e investiga\u00e7\u00e3o, uma excel\u00eancia made in Italy. A Pellegrini Catering Overseas tem apenas um objetivo: [&hellip;]<\/p>\n","protected":false},"author":1,"featured_media":0,"parent":0,"menu_order":0,"comment_status":"closed","ping_status":"closed","template":"","meta":{"footnotes":""},"class_list":["post-1053","page","type-page","status-publish","hentry"],"_links":{"self":[{"href":"https:\/\/peca.ch\/pt-pt\/wp-json\/wp\/v2\/pages\/1053","targetHints":{"allow":["GET"]}}],"collection":[{"href":"https:\/\/peca.ch\/pt-pt\/wp-json\/wp\/v2\/pages"}],"about":[{"href":"https:\/\/peca.ch\/pt-pt\/wp-json\/wp\/v2\/types\/page"}],"author":[{"embeddable":true,"href":"https:\/\/peca.ch\/pt-pt\/wp-json\/wp\/v2\/users\/1"}],"replies":[{"embeddable":true,"href":"https:\/\/peca.ch\/pt-pt\/wp-json\/wp\/v2\/comments?post=1053"}],"version-history":[{"count":16,"href":"https:\/\/peca.ch\/pt-pt\/wp-json\/wp\/v2\/pages\/1053\/revisions"}],"predecessor-version":[{"id":1163,"href":"https:\/\/peca.ch\/pt-pt\/wp-json\/wp\/v2\/pages\/1053\/revisions\/1163"}],"wp:attachment":[{"href":"https:\/\/peca.ch\/pt-pt\/wp-json\/wp\/v2\/media?parent=1053"}],"curies":[{"name":"wp","href":"https:\/\/api.w.org\/{rel}","templated":true}]}}