{"id":989,"date":"2025-07-16T08:09:17","date_gmt":"2025-07-16T08:09:17","guid":{"rendered":"https:\/\/peca.wallabi.dev\/qualite\/personnes\/"},"modified":"2025-07-18T10:25:53","modified_gmt":"2025-07-18T10:25:53","slug":"personnes","status":"publish","type":"page","link":"https:\/\/peca.ch\/fr\/qualite\/personnes\/","title":{"rendered":"Personnes"},"content":{"rendered":"\t\t<div data-elementor-type=\"wp-page\" data-elementor-id=\"989\" class=\"elementor elementor-989 elementor-165\" data-elementor-post-type=\"page\">\n\t\t\t\t<div class=\"elementor-element elementor-element-0ea60a8 e-flex e-con-boxed e-con e-parent\" data-id=\"0ea60a8\" data-element_type=\"container\" data-e-type=\"container\">\n\t\t\t\t\t<div class=\"e-con-inner\">\n\t\t\t\t<div class=\"elementor-element elementor-element-46ce751 elementor-widget elementor-widget-image\" data-id=\"46ce751\" data-element_type=\"widget\" data-e-type=\"widget\" data-widget_type=\"image.default\">\n\t\t\t\t\t\t\t\t\t\t\t\t\t\t\t<img fetchpriority=\"high\" decoding=\"async\" width=\"1130\" height=\"300\" src=\"https:\/\/media.gruppopellegrini.it\/peca\/2025\/07\/persone.webp\" class=\"attachment-full size-full wp-image-651\" alt=\"Immagine di un cuoco\" srcset=\"https:\/\/media.gruppopellegrini.it\/peca\/2025\/07\/persone.webp 1130w, https:\/\/media.gruppopellegrini.it\/peca\/2025\/07\/persone-300x80.webp 300w, https:\/\/media.gruppopellegrini.it\/peca\/2025\/07\/persone-1024x272.webp 1024w, https:\/\/media.gruppopellegrini.it\/peca\/2025\/07\/persone-768x204.webp 768w\" sizes=\"(max-width: 1130px) 100vw, 1130px\" \/>\t\t\t\t\t\t\t\t\t\t\t\t\t\t\t<\/div>\n\t\t\t\t\t<\/div>\n\t\t\t\t<\/div>\n\t\t<div class=\"elementor-element elementor-element-9b194b2 e-flex e-con-boxed e-con e-parent\" data-id=\"9b194b2\" data-element_type=\"container\" data-e-type=\"container\">\n\t\t\t\t\t<div class=\"e-con-inner\">\n\t\t<div class=\"elementor-element elementor-element-863b317 e-con-full e-flex e-con e-child\" data-id=\"863b317\" data-element_type=\"container\" data-e-type=\"container\">\n\t\t\t\t<div class=\"elementor-element elementor-element-7ed628e elementor-nav-menu--dropdown-none elementor-widget elementor-widget-nav-menu\" data-id=\"7ed628e\" data-element_type=\"widget\" data-e-type=\"widget\" data-settings=\"{&quot;layout&quot;:&quot;vertical&quot;,&quot;submenu_icon&quot;:{&quot;value&quot;:&quot;&lt;svg aria-hidden=\\&quot;true\\&quot; class=\\&quot;e-font-icon-svg e-fas-caret-down\\&quot; viewBox=\\&quot;0 0 320 512\\&quot; xmlns=\\&quot;http:\\\/\\\/www.w3.org\\\/2000\\\/svg\\&quot;&gt;&lt;path d=\\&quot;M31.3 192h257.3c17.8 0 26.7 21.5 14.1 34.1L174.1 354.8c-7.8 7.8-20.5 7.8-28.3 0L17.2 226.1C4.6 213.5 13.5 192 31.3 192z\\&quot;&gt;&lt;\\\/path&gt;&lt;\\\/svg&gt;&quot;,&quot;library&quot;:&quot;fa-solid&quot;}}\" data-widget_type=\"nav-menu.default\">\n\t\t\t\t\t\t\t\t<nav aria-label=\"Menu\" class=\"elementor-nav-menu--main elementor-nav-menu__container elementor-nav-menu--layout-vertical e--pointer-double-line e--animation-fade\">\n\t\t\t\t<ul id=\"menu-1-7ed628e\" class=\"elementor-nav-menu sm-vertical\"><li class=\"menu-item menu-item-type-post_type menu-item-object-page menu-item-1023\"><a href=\"https:\/\/peca.ch\/fr\/qualite\/personnes\/\" class=\"elementor-item\">Personnes<\/a><\/li>\n<li class=\"menu-item menu-item-type-custom menu-item-object-custom menu-item-1033\"><a target=\"_blank\" href=\"https:\/\/media.gruppopellegrini.it\/peca\/2025\/07\/PCO-Code-of-Ethics-Eng_Rev.-1.pdf\" class=\"elementor-item\">Code de d\u00e9ontologie<\/a><\/li>\n<li class=\"menu-item menu-item-type-post_type menu-item-object-page menu-item-1024\"><a href=\"https:\/\/peca.ch\/fr\/qualite\/systeme-dassurance-qualite\/\" class=\"elementor-item\">Syst\u00e8me d\u2019assurance qualit\u00e9<\/a><\/li>\n<li class=\"menu-item menu-item-type-custom menu-item-object-custom menu-item-1034\"><a target=\"_blank\" href=\"https:\/\/media.gruppopellegrini.it\/peca\/2026\/02\/9001mother-certificate_2024.pdf\" class=\"elementor-item\">Certificat ISO 9001:2015<\/a><\/li>\n<li class=\"menu-item menu-item-type-custom menu-item-object-custom menu-item-1035\"><a target=\"_blank\" href=\"https:\/\/media.gruppopellegrini.it\/peca\/2026\/02\/22000mother-certificate_2024.pdf\" class=\"elementor-item\">Certificat ISO 22000:2005<\/a><\/li>\n<li class=\"menu-item menu-item-type-custom menu-item-object-custom menu-item-1036\"><a target=\"_blank\" href=\"https:\/\/media.gruppopellegrini.it\/peca\/2026\/03\/MLC-Certificate-PellegriniCateringOverseas.pdf\" class=\"elementor-item\">Certificate ILO \u2013 MLC 2006<\/a><\/li>\n<\/ul>\t\t\t<\/nav>\n\t\t\t\t\t\t<nav class=\"elementor-nav-menu--dropdown elementor-nav-menu__container\" aria-hidden=\"true\">\n\t\t\t\t<ul id=\"menu-2-7ed628e\" class=\"elementor-nav-menu sm-vertical\"><li class=\"menu-item menu-item-type-post_type menu-item-object-page menu-item-1023\"><a href=\"https:\/\/peca.ch\/fr\/qualite\/personnes\/\" class=\"elementor-item\" tabindex=\"-1\">Personnes<\/a><\/li>\n<li class=\"menu-item menu-item-type-custom menu-item-object-custom menu-item-1033\"><a target=\"_blank\" href=\"https:\/\/media.gruppopellegrini.it\/peca\/2025\/07\/PCO-Code-of-Ethics-Eng_Rev.-1.pdf\" class=\"elementor-item\" tabindex=\"-1\">Code de d\u00e9ontologie<\/a><\/li>\n<li class=\"menu-item menu-item-type-post_type menu-item-object-page menu-item-1024\"><a href=\"https:\/\/peca.ch\/fr\/qualite\/systeme-dassurance-qualite\/\" class=\"elementor-item\" tabindex=\"-1\">Syst\u00e8me d\u2019assurance qualit\u00e9<\/a><\/li>\n<li class=\"menu-item menu-item-type-custom menu-item-object-custom menu-item-1034\"><a target=\"_blank\" href=\"https:\/\/media.gruppopellegrini.it\/peca\/2026\/02\/9001mother-certificate_2024.pdf\" class=\"elementor-item\" tabindex=\"-1\">Certificat ISO 9001:2015<\/a><\/li>\n<li class=\"menu-item menu-item-type-custom menu-item-object-custom menu-item-1035\"><a target=\"_blank\" href=\"https:\/\/media.gruppopellegrini.it\/peca\/2026\/02\/22000mother-certificate_2024.pdf\" class=\"elementor-item\" tabindex=\"-1\">Certificat ISO 22000:2005<\/a><\/li>\n<li class=\"menu-item menu-item-type-custom menu-item-object-custom menu-item-1036\"><a target=\"_blank\" href=\"https:\/\/media.gruppopellegrini.it\/peca\/2026\/03\/MLC-Certificate-PellegriniCateringOverseas.pdf\" class=\"elementor-item\" tabindex=\"-1\">Certificate ILO \u2013 MLC 2006<\/a><\/li>\n<\/ul>\t\t\t<\/nav>\n\t\t\t\t\t\t<\/div>\n\t\t\t\t<\/div>\n\t\t<div class=\"elementor-element elementor-element-f1ddf71 e-con-full e-flex e-con e-child\" data-id=\"f1ddf71\" data-element_type=\"container\" data-e-type=\"container\">\n\t\t\t\t<div class=\"elementor-element elementor-element-8075811 elementor-widget elementor-widget-text-editor\" data-id=\"8075811\" data-element_type=\"widget\" data-e-type=\"widget\" data-widget_type=\"text-editor.default\">\n\t\t\t\t\t\t\t\t\t<p><em><strong><span style=\"color: #ff2b00;\">Notre force, ce sont nos personnes<\/span><\/strong><\/em><\/p><p>Nous sommes fiers de nos collaborateurs, aussi bien locaux qu\u2019\u00e9trangers : nous leur donnons une formation tr\u00e8s soign\u00e9e, nous les faisons grandir constamment avec nos stages de formation, et nous les tenons \u00e0 jour gr\u00e2ce \u00e0 des cours sp\u00e9cifiques \u2013 comme ceux que nous organisons r\u00e9guli\u00e8rement pour le personnel offshore.<\/p><p>Nous les r\u00e9putons notre ressource la plus pr\u00e9cieuse, et nous leur offrons les meilleures chances professionnelles. Ils nous en remboursent par leur z\u00e8le. <\/p>\t\t\t\t\t\t\t\t<\/div>\n\t\t\t\t<\/div>\n\t\t\t\t\t<\/div>\n\t\t\t\t<\/div>\n\t\t<div class=\"elementor-element elementor-element-c3524b6 e-flex e-con-boxed e-con e-parent\" data-id=\"c3524b6\" data-element_type=\"container\" data-e-type=\"container\">\n\t\t\t\t\t<div class=\"e-con-inner\">\n\t\t\t\t<div class=\"elementor-element elementor-element-0cd8644 elementor-widget elementor-widget-spacer\" data-id=\"0cd8644\" data-element_type=\"widget\" data-e-type=\"widget\" data-widget_type=\"spacer.default\">\n\t\t\t\t\t\t\t<div class=\"elementor-spacer\">\n\t\t\t<div class=\"elementor-spacer-inner\"><\/div>\n\t\t<\/div>\n\t\t\t\t\t\t<\/div>\n\t\t\t\t\t<\/div>\n\t\t\t\t<\/div>\n\t\t\t\t<\/div>\n\t\t","protected":false},"excerpt":{"rendered":"<p>Notre force, ce sont nos personnes Nous sommes fiers de nos collaborateurs, aussi bien locaux qu\u2019\u00e9trangers : nous leur donnons une formation tr\u00e8s soign\u00e9e, nous les faisons grandir constamment avec nos stages de formation, et nous les tenons \u00e0 jour gr\u00e2ce \u00e0 des cours sp\u00e9cifiques \u2013 comme ceux que nous organisons r\u00e9guli\u00e8rement pour le personnel [&hellip;]<\/p>\n","protected":false},"author":1,"featured_media":0,"parent":987,"menu_order":0,"comment_status":"closed","ping_status":"closed","template":"","meta":{"footnotes":""},"class_list":["post-989","page","type-page","status-publish","hentry"],"_links":{"self":[{"href":"https:\/\/peca.ch\/fr\/wp-json\/wp\/v2\/pages\/989","targetHints":{"allow":["GET"]}}],"collection":[{"href":"https:\/\/peca.ch\/fr\/wp-json\/wp\/v2\/pages"}],"about":[{"href":"https:\/\/peca.ch\/fr\/wp-json\/wp\/v2\/types\/page"}],"author":[{"embeddable":true,"href":"https:\/\/peca.ch\/fr\/wp-json\/wp\/v2\/users\/1"}],"replies":[{"embeddable":true,"href":"https:\/\/peca.ch\/fr\/wp-json\/wp\/v2\/comments?post=989"}],"version-history":[{"count":4,"href":"https:\/\/peca.ch\/fr\/wp-json\/wp\/v2\/pages\/989\/revisions"}],"predecessor-version":[{"id":1146,"href":"https:\/\/peca.ch\/fr\/wp-json\/wp\/v2\/pages\/989\/revisions\/1146"}],"up":[{"embeddable":true,"href":"https:\/\/peca.ch\/fr\/wp-json\/wp\/v2\/pages\/987"}],"wp:attachment":[{"href":"https:\/\/peca.ch\/fr\/wp-json\/wp\/v2\/media?parent=989"}],"curies":[{"name":"wp","href":"https:\/\/api.w.org\/{rel}","templated":true}]}}