{"id":984,"date":"2025-07-15T13:05:28","date_gmt":"2025-07-15T13:05:28","guid":{"rendered":"https:\/\/peca.wallabi.dev\/travaillez-avec-nous\/"},"modified":"2025-07-17T14:19:23","modified_gmt":"2025-07-17T14:19:23","slug":"travaillez-avec-nous","status":"publish","type":"page","link":"https:\/\/peca.ch\/fr\/travaillez-avec-nous\/","title":{"rendered":"Travaillez avec nous"},"content":{"rendered":"\t\t<div data-elementor-type=\"wp-page\" data-elementor-id=\"984\" class=\"elementor elementor-984 elementor-37\" data-elementor-post-type=\"page\">\n\t\t\t\t<div class=\"elementor-element elementor-element-99424e5 e-flex e-con-boxed e-con e-parent\" data-id=\"99424e5\" data-element_type=\"container\" data-e-type=\"container\">\n\t\t\t\t\t<div class=\"e-con-inner\">\n\t\t\t\t<div class=\"elementor-element elementor-element-5c4c873 elementor-widget elementor-widget-image\" data-id=\"5c4c873\" data-element_type=\"widget\" data-e-type=\"widget\" data-widget_type=\"image.default\">\n\t\t\t\t\t\t\t\t\t\t\t\t\t\t\t<img fetchpriority=\"high\" decoding=\"async\" width=\"1130\" height=\"300\" src=\"https:\/\/media.gruppopellegrini.it\/peca\/2025\/07\/lavora.webp\" class=\"attachment-full size-full wp-image-633\" alt=\"Immagine di persone\" srcset=\"https:\/\/media.gruppopellegrini.it\/peca\/2025\/07\/lavora.webp 1130w, https:\/\/media.gruppopellegrini.it\/peca\/2025\/07\/lavora-300x80.webp 300w, https:\/\/media.gruppopellegrini.it\/peca\/2025\/07\/lavora-1024x272.webp 1024w, https:\/\/media.gruppopellegrini.it\/peca\/2025\/07\/lavora-768x204.webp 768w\" sizes=\"(max-width: 1130px) 100vw, 1130px\" \/>\t\t\t\t\t\t\t\t\t\t\t\t\t\t\t<\/div>\n\t\t\t\t\t<\/div>\n\t\t\t\t<\/div>\n\t\t<div class=\"elementor-element elementor-element-3e35754 e-flex e-con-boxed e-con e-parent\" data-id=\"3e35754\" data-element_type=\"container\" data-e-type=\"container\">\n\t\t\t\t\t<div class=\"e-con-inner\">\n\t\t\t\t<div class=\"elementor-element elementor-element-b80c401 elementor-widget elementor-widget-text-editor\" data-id=\"b80c401\" data-element_type=\"widget\" data-e-type=\"widget\" data-widget_type=\"text-editor.default\">\n\t\t\t\t\t\t\t\t\t<p><strong><span style=\"color: #ff2b00;\"><em>Rejoignez notre grande \u00e9quipe<\/em><\/span><\/strong><\/p><p>Nous sommes toujours \u00e0 la recherche des meilleurs profils \u00e0 introduire dans nos \u00e9quipes, en particulier:<\/p><ul><li>Operations Manager<\/li><li>Superviseur de Catering (Camp Boss)<\/li><li>Chef \/ Cuisinier<\/li><li>Boulanger \/ P\u00e2tissier<\/li><li>Responsable de la S\u00e9curit\u00e9 (Safety Officer)<\/li><li>Superviseur de la Logistique<\/li><li>M\u00e9canicien de la R\u00e9frig\u00e9ration<\/li><li>Expert Comptable<\/li><\/ul><p>Si votre profession correspond \u00e0 l\u2019un de ces profils, envoyez-nous votre CV: <a class=\"link-rosso\" href=\"mailto:welcome@peca.ch\">welcome@peca.ch<\/a><\/p>\t\t\t\t\t\t\t\t<\/div>\n\t\t\t\t\t<\/div>\n\t\t\t\t<\/div>\n\t\t<div class=\"elementor-element elementor-element-79a726e e-flex e-con-boxed e-con e-parent\" data-id=\"79a726e\" data-element_type=\"container\" data-e-type=\"container\">\n\t\t\t\t\t<div class=\"e-con-inner\">\n\t\t\t\t<div class=\"elementor-element elementor-element-c547267 elementor-widget elementor-widget-spacer\" data-id=\"c547267\" data-element_type=\"widget\" data-e-type=\"widget\" data-widget_type=\"spacer.default\">\n\t\t\t\t\t\t\t<div class=\"elementor-spacer\">\n\t\t\t<div class=\"elementor-spacer-inner\"><\/div>\n\t\t<\/div>\n\t\t\t\t\t\t<\/div>\n\t\t\t\t\t<\/div>\n\t\t\t\t<\/div>\n\t\t\t\t<\/div>\n\t\t","protected":false},"excerpt":{"rendered":"<p>Rejoignez notre grande \u00e9quipe Nous sommes toujours \u00e0 la recherche des meilleurs profils \u00e0 introduire dans nos \u00e9quipes, en particulier: Operations Manager Superviseur de Catering (Camp Boss) Chef \/ Cuisinier Boulanger \/ P\u00e2tissier Responsable de la S\u00e9curit\u00e9 (Safety Officer) Superviseur de la Logistique M\u00e9canicien de la R\u00e9frig\u00e9ration Expert Comptable Si votre profession correspond \u00e0 l\u2019un [&hellip;]<\/p>\n","protected":false},"author":1,"featured_media":0,"parent":0,"menu_order":0,"comment_status":"closed","ping_status":"closed","template":"","meta":{"footnotes":""},"class_list":["post-984","page","type-page","status-publish","hentry"],"_links":{"self":[{"href":"https:\/\/peca.ch\/fr\/wp-json\/wp\/v2\/pages\/984","targetHints":{"allow":["GET"]}}],"collection":[{"href":"https:\/\/peca.ch\/fr\/wp-json\/wp\/v2\/pages"}],"about":[{"href":"https:\/\/peca.ch\/fr\/wp-json\/wp\/v2\/types\/page"}],"author":[{"embeddable":true,"href":"https:\/\/peca.ch\/fr\/wp-json\/wp\/v2\/users\/1"}],"replies":[{"embeddable":true,"href":"https:\/\/peca.ch\/fr\/wp-json\/wp\/v2\/comments?post=984"}],"version-history":[{"count":1,"href":"https:\/\/peca.ch\/fr\/wp-json\/wp\/v2\/pages\/984\/revisions"}],"predecessor-version":[{"id":985,"href":"https:\/\/peca.ch\/fr\/wp-json\/wp\/v2\/pages\/984\/revisions\/985"}],"wp:attachment":[{"href":"https:\/\/peca.ch\/fr\/wp-json\/wp\/v2\/media?parent=984"}],"curies":[{"name":"wp","href":"https:\/\/api.w.org\/{rel}","templated":true}]}}