{"id":980,"date":"2025-07-16T10:02:27","date_gmt":"2025-07-16T10:02:27","guid":{"rendered":"https:\/\/peca.wallabi.dev\/quest-ce-quon-fait\/worldwide\/blanchisserie\/"},"modified":"2025-07-17T14:15:43","modified_gmt":"2025-07-17T14:15:43","slug":"blanchisserie","status":"publish","type":"page","link":"https:\/\/peca.ch\/fr\/quest-ce-quon-fait\/worldwide\/blanchisserie\/","title":{"rendered":"Blanchisserie"},"content":{"rendered":"\t\t<div data-elementor-type=\"wp-page\" data-elementor-id=\"980\" class=\"elementor elementor-980 elementor-323\" data-elementor-post-type=\"page\">\n\t\t\t\t<div class=\"elementor-element elementor-element-301e4e0 e-flex e-con-boxed e-con e-parent\" data-id=\"301e4e0\" data-element_type=\"container\" data-e-type=\"container\">\n\t\t\t\t\t<div class=\"e-con-inner\">\n\t\t\t\t<div class=\"elementor-element elementor-element-af84a6b elementor-widget elementor-widget-image\" data-id=\"af84a6b\" data-element_type=\"widget\" data-e-type=\"widget\" data-widget_type=\"image.default\">\n\t\t\t\t\t\t\t\t\t\t\t\t\t\t\t<img fetchpriority=\"high\" decoding=\"async\" width=\"1130\" height=\"300\" src=\"https:\/\/media.gruppopellegrini.it\/peca\/2025\/07\/LAVANDER.webp\" class=\"attachment-full size-full wp-image-807\" alt=\"servizio di lavanderia\" srcset=\"https:\/\/media.gruppopellegrini.it\/peca\/2025\/07\/LAVANDER.webp 1130w, https:\/\/media.gruppopellegrini.it\/peca\/2025\/07\/LAVANDER-300x80.webp 300w, https:\/\/media.gruppopellegrini.it\/peca\/2025\/07\/LAVANDER-1024x272.webp 1024w, https:\/\/media.gruppopellegrini.it\/peca\/2025\/07\/LAVANDER-768x204.webp 768w\" sizes=\"(max-width: 1130px) 100vw, 1130px\" \/>\t\t\t\t\t\t\t\t\t\t\t\t\t\t\t<\/div>\n\t\t\t\t\t<\/div>\n\t\t\t\t<\/div>\n\t\t<div class=\"elementor-element elementor-element-82da277 e-flex e-con-boxed e-con e-parent\" data-id=\"82da277\" data-element_type=\"container\" data-e-type=\"container\">\n\t\t\t\t\t<div class=\"e-con-inner\">\n\t\t<div class=\"elementor-element elementor-element-6ed07b7 e-con-full e-flex e-con e-child\" data-id=\"6ed07b7\" data-element_type=\"container\" data-e-type=\"container\">\n\t\t\t\t<div class=\"elementor-element elementor-element-e353dc1 elementor-widget elementor-widget-text-editor\" data-id=\"e353dc1\" data-element_type=\"widget\" data-e-type=\"widget\" data-widget_type=\"text-editor.default\">\n\t\t\t\t\t\t\t\t\t<p>SUISSE<\/p>\t\t\t\t\t\t\t\t<\/div>\n\t\t\t\t<div class=\"elementor-element elementor-element-f97058e elementor-nav-menu--dropdown-none elementor-widget elementor-widget-nav-menu\" data-id=\"f97058e\" data-element_type=\"widget\" data-e-type=\"widget\" data-settings=\"{&quot;layout&quot;:&quot;vertical&quot;,&quot;submenu_icon&quot;:{&quot;value&quot;:&quot;&lt;svg aria-hidden=\\&quot;true\\&quot; class=\\&quot;e-font-icon-svg e-fas-caret-down\\&quot; viewBox=\\&quot;0 0 320 512\\&quot; xmlns=\\&quot;http:\\\/\\\/www.w3.org\\\/2000\\\/svg\\&quot;&gt;&lt;path d=\\&quot;M31.3 192h257.3c17.8 0 26.7 21.5 14.1 34.1L174.1 354.8c-7.8 7.8-20.5 7.8-28.3 0L17.2 226.1C4.6 213.5 13.5 192 31.3 192z\\&quot;&gt;&lt;\\\/path&gt;&lt;\\\/svg&gt;&quot;,&quot;library&quot;:&quot;fa-solid&quot;}}\" data-widget_type=\"nav-menu.default\">\n\t\t\t\t\t\t\t\t<nav aria-label=\"Menu\" class=\"elementor-nav-menu--main elementor-nav-menu__container elementor-nav-menu--layout-vertical e--pointer-double-line e--animation-fade\">\n\t\t\t\t<ul id=\"menu-1-f97058e\" class=\"elementor-nav-menu sm-vertical\"><li class=\"menu-item menu-item-type-post_type menu-item-object-page menu-item-307\"><a href=\"https:\/\/peca.ch\/cosa-facciamo\/svizzera\/mense\/\" class=\"elementor-item\">Personnes<\/a><\/li>\n<li class=\"menu-item menu-item-type-post_type menu-item-object-page menu-item-306\"><a href=\"https:\/\/peca.ch\/cosa-facciamo\/svizzera\/delivery\/\" class=\"elementor-item\">Delivery<\/a><\/li>\n<li class=\"menu-item menu-item-type-post_type menu-item-object-page menu-item-305\"><a href=\"https:\/\/peca.ch\/cosa-facciamo\/svizzera\/eventi\/\" class=\"elementor-item\">\u00c9v\u00e9nements<\/a><\/li>\n<li class=\"menu-item menu-item-type-post_type menu-item-object-page menu-item-304\"><a href=\"https:\/\/peca.ch\/cosa-facciamo\/svizzera\/ristoranti\/\" class=\"elementor-item\">Restaurants<\/a><\/li>\n<li class=\"menu-item menu-item-type-post_type menu-item-object-page menu-item-303\"><a href=\"https:\/\/peca.ch\/cosa-facciamo\/svizzera\/altro\/\" class=\"elementor-item\">Autre<\/a><\/li>\n<\/ul>\t\t\t<\/nav>\n\t\t\t\t\t\t<nav class=\"elementor-nav-menu--dropdown elementor-nav-menu__container\" aria-hidden=\"true\">\n\t\t\t\t<ul id=\"menu-2-f97058e\" class=\"elementor-nav-menu sm-vertical\"><li class=\"menu-item menu-item-type-post_type menu-item-object-page menu-item-307\"><a href=\"https:\/\/peca.ch\/cosa-facciamo\/svizzera\/mense\/\" class=\"elementor-item\" tabindex=\"-1\">Personnes<\/a><\/li>\n<li class=\"menu-item menu-item-type-post_type menu-item-object-page menu-item-306\"><a href=\"https:\/\/peca.ch\/cosa-facciamo\/svizzera\/delivery\/\" class=\"elementor-item\" tabindex=\"-1\">Delivery<\/a><\/li>\n<li class=\"menu-item menu-item-type-post_type menu-item-object-page menu-item-305\"><a href=\"https:\/\/peca.ch\/cosa-facciamo\/svizzera\/eventi\/\" class=\"elementor-item\" tabindex=\"-1\">\u00c9v\u00e9nements<\/a><\/li>\n<li class=\"menu-item menu-item-type-post_type menu-item-object-page menu-item-304\"><a href=\"https:\/\/peca.ch\/cosa-facciamo\/svizzera\/ristoranti\/\" class=\"elementor-item\" tabindex=\"-1\">Restaurants<\/a><\/li>\n<li class=\"menu-item menu-item-type-post_type menu-item-object-page menu-item-303\"><a href=\"https:\/\/peca.ch\/cosa-facciamo\/svizzera\/altro\/\" class=\"elementor-item\" tabindex=\"-1\">Autre<\/a><\/li>\n<\/ul>\t\t\t<\/nav>\n\t\t\t\t\t\t<\/div>\n\t\t\t\t<div class=\"elementor-element elementor-element-d9cb3b8 elementor-widget elementor-widget-text-editor\" data-id=\"d9cb3b8\" data-element_type=\"widget\" data-e-type=\"widget\" data-widget_type=\"text-editor.default\">\n\t\t\t\t\t\t\t\t\t<p>WORLDWIDE<\/p>\t\t\t\t\t\t\t\t<\/div>\n\t\t\t\t<div class=\"elementor-element elementor-element-30435e2 elementor-nav-menu--dropdown-none elementor-widget elementor-widget-nav-menu\" data-id=\"30435e2\" data-element_type=\"widget\" data-e-type=\"widget\" data-settings=\"{&quot;layout&quot;:&quot;vertical&quot;,&quot;submenu_icon&quot;:{&quot;value&quot;:&quot;&lt;svg aria-hidden=\\&quot;true\\&quot; class=\\&quot;e-font-icon-svg e-fas-caret-down\\&quot; viewBox=\\&quot;0 0 320 512\\&quot; xmlns=\\&quot;http:\\\/\\\/www.w3.org\\\/2000\\\/svg\\&quot;&gt;&lt;path d=\\&quot;M31.3 192h257.3c17.8 0 26.7 21.5 14.1 34.1L174.1 354.8c-7.8 7.8-20.5 7.8-28.3 0L17.2 226.1C4.6 213.5 13.5 192 31.3 192z\\&quot;&gt;&lt;\\\/path&gt;&lt;\\\/svg&gt;&quot;,&quot;library&quot;:&quot;fa-solid&quot;}}\" data-widget_type=\"nav-menu.default\">\n\t\t\t\t\t\t\t\t<nav aria-label=\"Menu\" class=\"elementor-nav-menu--main elementor-nav-menu__container elementor-nav-menu--layout-vertical e--pointer-double-line e--animation-fade\">\n\t\t\t\t<ul id=\"menu-1-30435e2\" class=\"elementor-nav-menu sm-vertical\"><li class=\"menu-item menu-item-type-post_type menu-item-object-page menu-item-327\"><a href=\"https:\/\/peca.ch\/cosa-facciamo\/worldwide\/catering\/\" class=\"elementor-item\">Catering<\/a><\/li>\n<li class=\"menu-item menu-item-type-post_type menu-item-object-page menu-item-328\"><a href=\"https:\/\/peca.ch\/cosa-facciamo\/worldwide\/housekeeping\/\" class=\"elementor-item\">Menage<\/a><\/li>\n<li class=\"menu-item menu-item-type-post_type menu-item-object-page menu-item-329\"><a href=\"https:\/\/peca.ch\/cosa-facciamo\/worldwide\/cleaning\/\" class=\"elementor-item\">Nettoyage<\/a><\/li>\n<li class=\"menu-item menu-item-type-post_type menu-item-object-page menu-item-330\"><a href=\"https:\/\/peca.ch\/cosa-facciamo\/worldwide\/laundry\/\" class=\"elementor-item\">Blanchisserie<\/a><\/li>\n<li class=\"menu-item menu-item-type-post_type menu-item-object-page menu-item-331\"><a href=\"https:\/\/peca.ch\/cosa-facciamo\/worldwide\/minimarket\/\" class=\"elementor-item\">\u00c9picerie<\/a><\/li>\n<\/ul>\t\t\t<\/nav>\n\t\t\t\t\t\t<nav class=\"elementor-nav-menu--dropdown elementor-nav-menu__container\" aria-hidden=\"true\">\n\t\t\t\t<ul id=\"menu-2-30435e2\" class=\"elementor-nav-menu sm-vertical\"><li class=\"menu-item menu-item-type-post_type menu-item-object-page menu-item-327\"><a href=\"https:\/\/peca.ch\/cosa-facciamo\/worldwide\/catering\/\" class=\"elementor-item\" tabindex=\"-1\">Catering<\/a><\/li>\n<li class=\"menu-item menu-item-type-post_type menu-item-object-page menu-item-328\"><a href=\"https:\/\/peca.ch\/cosa-facciamo\/worldwide\/housekeeping\/\" class=\"elementor-item\" tabindex=\"-1\">Menage<\/a><\/li>\n<li class=\"menu-item menu-item-type-post_type menu-item-object-page menu-item-329\"><a href=\"https:\/\/peca.ch\/cosa-facciamo\/worldwide\/cleaning\/\" class=\"elementor-item\" tabindex=\"-1\">Nettoyage<\/a><\/li>\n<li class=\"menu-item menu-item-type-post_type menu-item-object-page menu-item-330\"><a href=\"https:\/\/peca.ch\/cosa-facciamo\/worldwide\/laundry\/\" class=\"elementor-item\" tabindex=\"-1\">Blanchisserie<\/a><\/li>\n<li class=\"menu-item menu-item-type-post_type menu-item-object-page menu-item-331\"><a href=\"https:\/\/peca.ch\/cosa-facciamo\/worldwide\/minimarket\/\" class=\"elementor-item\" tabindex=\"-1\">\u00c9picerie<\/a><\/li>\n<\/ul>\t\t\t<\/nav>\n\t\t\t\t\t\t<\/div>\n\t\t\t\t<\/div>\n\t\t<div class=\"elementor-element elementor-element-c6287e5 e-con-full e-flex e-con e-child\" data-id=\"c6287e5\" data-element_type=\"container\" data-e-type=\"container\">\n\t\t\t\t<div class=\"elementor-element elementor-element-f68a480 elementor-widget elementor-widget-text-editor\" data-id=\"f68a480\" data-element_type=\"widget\" data-e-type=\"widget\" data-widget_type=\"text-editor.default\">\n\t\t\t\t\t\t\t\t\t<p><em><strong><span style=\"color: #ff2b00;\">Pour le confort de vos employ\u00e9s, nous nous occupons du service de blanchisserie et de repassage des v\u00eatements, uniformes, combinaisons de travail, serviettes etc. avec des d\u00e9lais de livraison qui ne d\u00e9passent pas 24 heures.<\/span><\/strong><\/em><\/p><ul><li>Nous fournissons le service de blanchisserie pour tous les v\u00eatements personnels, les combinaisons de travail et les uniformes, ainsi que pour le linge de toilette et de literie.<\/li><li>Il est aussi possible d\u2019effectuer des travaux de raccommodage et de couture.<\/li><li>La plupart des blanchisseries sont \u00e9quip\u00e9es de services tr\u00e8s modernes de d\u00e9sinfection et de nettoyage \u00e0 sec et \u00e0 l\u2019eau.<\/li><\/ul>\t\t\t\t\t\t\t\t<\/div>\n\t\t<div class=\"elementor-element elementor-element-ca5d97f e-con-full e-flex e-con e-child\" data-id=\"ca5d97f\" data-element_type=\"container\" data-e-type=\"container\" data-settings=\"{&quot;background_background&quot;:&quot;classic&quot;}\">\n\t\t\t\t<div class=\"elementor-element elementor-element-623f32b elementor-widget elementor-widget-text-editor\" data-id=\"623f32b\" data-element_type=\"widget\" data-e-type=\"widget\" data-widget_type=\"text-editor.default\">\n\t\t\t\t\t\t\t\t\t<p><em>Si vous \u00eates int\u00e9ress\u00e9 par nos services de blanchisserie et de repassage, n\u2019h\u00e9sitez pas \u00e0 nous contacter afin de conna\u00eetre les prestations que nous proposons.<\/em><\/p>\t\t\t\t\t\t\t\t<\/div>\n\t\t\t\t<div class=\"elementor-element elementor-element-63c7859 elementor-align-left elementor-widget elementor-widget-button\" data-id=\"63c7859\" data-element_type=\"widget\" data-e-type=\"widget\" data-widget_type=\"button.default\">\n\t\t\t\t\t\t\t\t\t\t<a class=\"elementor-button elementor-button-link elementor-size-sm\" href=\"https:\/\/peca.ch\/fr\/contacts\/\">\n\t\t\t\t\t\t<span class=\"elementor-button-content-wrapper\">\n\t\t\t\t\t\t<span class=\"elementor-button-icon\">\n\t\t\t\t<svg aria-hidden=\"true\" class=\"e-font-icon-svg e-fas-user-plus\" viewBox=\"0 0 640 512\" xmlns=\"http:\/\/www.w3.org\/2000\/svg\"><path d=\"M624 208h-64v-64c0-8.8-7.2-16-16-16h-32c-8.8 0-16 7.2-16 16v64h-64c-8.8 0-16 7.2-16 16v32c0 8.8 7.2 16 16 16h64v64c0 8.8 7.2 16 16 16h32c8.8 0 16-7.2 16-16v-64h64c8.8 0 16-7.2 16-16v-32c0-8.8-7.2-16-16-16zm-400 48c70.7 0 128-57.3 128-128S294.7 0 224 0 96 57.3 96 128s57.3 128 128 128zm89.6 32h-16.7c-22.2 10.2-46.9 16-72.9 16s-50.6-5.8-72.9-16h-16.7C60.2 288 0 348.2 0 422.4V464c0 26.5 21.5 48 48 48h352c26.5 0 48-21.5 48-48v-41.6c0-74.2-60.2-134.4-134.4-134.4z\"><\/path><\/svg>\t\t\t<\/span>\n\t\t\t\t\t\t\t\t\t<span class=\"elementor-button-text\">Contacts<\/span>\n\t\t\t\t\t<\/span>\n\t\t\t\t\t<\/a>\n\t\t\t\t\t\t\t\t<\/div>\n\t\t\t\t<\/div>\n\t\t\t\t<\/div>\n\t\t\t\t\t<\/div>\n\t\t\t\t<\/div>\n\t\t<div class=\"elementor-element elementor-element-78f4c0a e-flex e-con-boxed e-con e-parent\" data-id=\"78f4c0a\" data-element_type=\"container\" data-e-type=\"container\">\n\t\t\t\t\t<div class=\"e-con-inner\">\n\t\t\t\t<div class=\"elementor-element elementor-element-7643a91 elementor-widget elementor-widget-spacer\" data-id=\"7643a91\" data-element_type=\"widget\" data-e-type=\"widget\" data-widget_type=\"spacer.default\">\n\t\t\t\t\t\t\t<div class=\"elementor-spacer\">\n\t\t\t<div class=\"elementor-spacer-inner\"><\/div>\n\t\t<\/div>\n\t\t\t\t\t\t<\/div>\n\t\t\t\t\t<\/div>\n\t\t\t\t<\/div>\n\t\t\t\t<\/div>\n\t\t","protected":false},"excerpt":{"rendered":"<p>SUISSE WORLDWIDE Pour le confort de vos employ\u00e9s, nous nous occupons du service de blanchisserie et de repassage des v\u00eatements, uniformes, combinaisons de travail, serviettes etc. avec des d\u00e9lais de livraison qui ne d\u00e9passent pas 24 heures. Nous fournissons le service de blanchisserie pour tous les v\u00eatements personnels, les combinaisons de travail et les uniformes, [&hellip;]<\/p>\n","protected":false},"author":1,"featured_media":0,"parent":973,"menu_order":0,"comment_status":"closed","ping_status":"closed","template":"","meta":{"footnotes":""},"class_list":["post-980","page","type-page","status-publish","hentry"],"_links":{"self":[{"href":"https:\/\/peca.ch\/fr\/wp-json\/wp\/v2\/pages\/980","targetHints":{"allow":["GET"]}}],"collection":[{"href":"https:\/\/peca.ch\/fr\/wp-json\/wp\/v2\/pages"}],"about":[{"href":"https:\/\/peca.ch\/fr\/wp-json\/wp\/v2\/types\/page"}],"author":[{"embeddable":true,"href":"https:\/\/peca.ch\/fr\/wp-json\/wp\/v2\/users\/1"}],"replies":[{"embeddable":true,"href":"https:\/\/peca.ch\/fr\/wp-json\/wp\/v2\/comments?post=980"}],"version-history":[{"count":1,"href":"https:\/\/peca.ch\/fr\/wp-json\/wp\/v2\/pages\/980\/revisions"}],"predecessor-version":[{"id":981,"href":"https:\/\/peca.ch\/fr\/wp-json\/wp\/v2\/pages\/980\/revisions\/981"}],"up":[{"embeddable":true,"href":"https:\/\/peca.ch\/fr\/wp-json\/wp\/v2\/pages\/973"}],"wp:attachment":[{"href":"https:\/\/peca.ch\/fr\/wp-json\/wp\/v2\/media?parent=980"}],"curies":[{"name":"wp","href":"https:\/\/api.w.org\/{rel}","templated":true}]}}