{"id":978,"date":"2025-07-16T09:58:42","date_gmt":"2025-07-16T09:58:42","guid":{"rendered":"https:\/\/peca.wallabi.dev\/quest-ce-quon-fait\/worldwide\/menage\/"},"modified":"2025-07-17T14:14:37","modified_gmt":"2025-07-17T14:14:37","slug":"menage","status":"publish","type":"page","link":"https:\/\/peca.ch\/fr\/quest-ce-quon-fait\/worldwide\/menage\/","title":{"rendered":"Menage"},"content":{"rendered":"\t\t<div data-elementor-type=\"wp-page\" data-elementor-id=\"978\" class=\"elementor elementor-978 elementor-319\" data-elementor-post-type=\"page\">\n\t\t\t\t<div class=\"elementor-element elementor-element-96d5396 e-flex e-con-boxed e-con e-parent\" data-id=\"96d5396\" data-element_type=\"container\" data-e-type=\"container\">\n\t\t\t\t\t<div class=\"e-con-inner\">\n\t\t\t\t<div class=\"elementor-element elementor-element-1454587 elementor-widget elementor-widget-image\" data-id=\"1454587\" data-element_type=\"widget\" data-e-type=\"widget\" data-widget_type=\"image.default\">\n\t\t\t\t\t\t\t\t\t\t\t\t\t\t\t<img fetchpriority=\"high\" decoding=\"async\" width=\"1130\" height=\"300\" src=\"https:\/\/media.gruppopellegrini.it\/peca\/2025\/07\/Housekeeping_testata.webp\" class=\"attachment-full size-full wp-image-801\" alt=\"immagine di housekeeping\" srcset=\"https:\/\/media.gruppopellegrini.it\/peca\/2025\/07\/Housekeeping_testata.webp 1130w, https:\/\/media.gruppopellegrini.it\/peca\/2025\/07\/Housekeeping_testata-300x80.webp 300w, https:\/\/media.gruppopellegrini.it\/peca\/2025\/07\/Housekeeping_testata-1024x272.webp 1024w, https:\/\/media.gruppopellegrini.it\/peca\/2025\/07\/Housekeeping_testata-768x204.webp 768w\" sizes=\"(max-width: 1130px) 100vw, 1130px\" \/>\t\t\t\t\t\t\t\t\t\t\t\t\t\t\t<\/div>\n\t\t\t\t\t<\/div>\n\t\t\t\t<\/div>\n\t\t<div class=\"elementor-element elementor-element-e81ca65 e-flex e-con-boxed e-con e-parent\" data-id=\"e81ca65\" data-element_type=\"container\" data-e-type=\"container\">\n\t\t\t\t\t<div class=\"e-con-inner\">\n\t\t<div class=\"elementor-element elementor-element-b5a4dfc e-con-full e-flex e-con e-child\" data-id=\"b5a4dfc\" data-element_type=\"container\" data-e-type=\"container\">\n\t\t\t\t<div class=\"elementor-element elementor-element-d39ab31 elementor-widget elementor-widget-text-editor\" data-id=\"d39ab31\" data-element_type=\"widget\" data-e-type=\"widget\" data-widget_type=\"text-editor.default\">\n\t\t\t\t\t\t\t\t\t<p>SUISSE<\/p>\t\t\t\t\t\t\t\t<\/div>\n\t\t\t\t<div class=\"elementor-element elementor-element-0d277ed elementor-nav-menu--dropdown-none elementor-widget elementor-widget-nav-menu\" data-id=\"0d277ed\" data-element_type=\"widget\" data-e-type=\"widget\" data-settings=\"{&quot;layout&quot;:&quot;vertical&quot;,&quot;submenu_icon&quot;:{&quot;value&quot;:&quot;&lt;svg aria-hidden=\\&quot;true\\&quot; class=\\&quot;e-font-icon-svg e-fas-caret-down\\&quot; viewBox=\\&quot;0 0 320 512\\&quot; xmlns=\\&quot;http:\\\/\\\/www.w3.org\\\/2000\\\/svg\\&quot;&gt;&lt;path d=\\&quot;M31.3 192h257.3c17.8 0 26.7 21.5 14.1 34.1L174.1 354.8c-7.8 7.8-20.5 7.8-28.3 0L17.2 226.1C4.6 213.5 13.5 192 31.3 192z\\&quot;&gt;&lt;\\\/path&gt;&lt;\\\/svg&gt;&quot;,&quot;library&quot;:&quot;fa-solid&quot;}}\" data-widget_type=\"nav-menu.default\">\n\t\t\t\t\t\t\t\t<nav aria-label=\"Menu\" class=\"elementor-nav-menu--main elementor-nav-menu__container elementor-nav-menu--layout-vertical e--pointer-double-line e--animation-fade\">\n\t\t\t\t<ul id=\"menu-1-0d277ed\" class=\"elementor-nav-menu sm-vertical\"><li class=\"menu-item menu-item-type-post_type menu-item-object-page menu-item-307\"><a href=\"https:\/\/peca.ch\/cosa-facciamo\/svizzera\/mense\/\" class=\"elementor-item\">Personnes<\/a><\/li>\n<li class=\"menu-item menu-item-type-post_type menu-item-object-page menu-item-306\"><a href=\"https:\/\/peca.ch\/cosa-facciamo\/svizzera\/delivery\/\" class=\"elementor-item\">Delivery<\/a><\/li>\n<li class=\"menu-item menu-item-type-post_type menu-item-object-page menu-item-305\"><a href=\"https:\/\/peca.ch\/cosa-facciamo\/svizzera\/eventi\/\" class=\"elementor-item\">\u00c9v\u00e9nements<\/a><\/li>\n<li class=\"menu-item menu-item-type-post_type menu-item-object-page menu-item-304\"><a href=\"https:\/\/peca.ch\/cosa-facciamo\/svizzera\/ristoranti\/\" class=\"elementor-item\">Restaurants<\/a><\/li>\n<li class=\"menu-item menu-item-type-post_type menu-item-object-page menu-item-303\"><a href=\"https:\/\/peca.ch\/cosa-facciamo\/svizzera\/altro\/\" class=\"elementor-item\">Autre<\/a><\/li>\n<\/ul>\t\t\t<\/nav>\n\t\t\t\t\t\t<nav class=\"elementor-nav-menu--dropdown elementor-nav-menu__container\" aria-hidden=\"true\">\n\t\t\t\t<ul id=\"menu-2-0d277ed\" class=\"elementor-nav-menu sm-vertical\"><li class=\"menu-item menu-item-type-post_type menu-item-object-page menu-item-307\"><a href=\"https:\/\/peca.ch\/cosa-facciamo\/svizzera\/mense\/\" class=\"elementor-item\" tabindex=\"-1\">Personnes<\/a><\/li>\n<li class=\"menu-item menu-item-type-post_type menu-item-object-page menu-item-306\"><a href=\"https:\/\/peca.ch\/cosa-facciamo\/svizzera\/delivery\/\" class=\"elementor-item\" tabindex=\"-1\">Delivery<\/a><\/li>\n<li class=\"menu-item menu-item-type-post_type menu-item-object-page menu-item-305\"><a href=\"https:\/\/peca.ch\/cosa-facciamo\/svizzera\/eventi\/\" class=\"elementor-item\" tabindex=\"-1\">\u00c9v\u00e9nements<\/a><\/li>\n<li class=\"menu-item menu-item-type-post_type menu-item-object-page menu-item-304\"><a href=\"https:\/\/peca.ch\/cosa-facciamo\/svizzera\/ristoranti\/\" class=\"elementor-item\" tabindex=\"-1\">Restaurants<\/a><\/li>\n<li class=\"menu-item menu-item-type-post_type menu-item-object-page menu-item-303\"><a href=\"https:\/\/peca.ch\/cosa-facciamo\/svizzera\/altro\/\" class=\"elementor-item\" tabindex=\"-1\">Autre<\/a><\/li>\n<\/ul>\t\t\t<\/nav>\n\t\t\t\t\t\t<\/div>\n\t\t\t\t<div class=\"elementor-element elementor-element-2d6a2de elementor-widget elementor-widget-text-editor\" data-id=\"2d6a2de\" data-element_type=\"widget\" data-e-type=\"widget\" data-widget_type=\"text-editor.default\">\n\t\t\t\t\t\t\t\t\t<p>WORLDWIDE<\/p>\t\t\t\t\t\t\t\t<\/div>\n\t\t\t\t<div class=\"elementor-element elementor-element-d226afe elementor-nav-menu--dropdown-none elementor-widget elementor-widget-nav-menu\" data-id=\"d226afe\" data-element_type=\"widget\" data-e-type=\"widget\" data-settings=\"{&quot;layout&quot;:&quot;vertical&quot;,&quot;submenu_icon&quot;:{&quot;value&quot;:&quot;&lt;svg aria-hidden=\\&quot;true\\&quot; class=\\&quot;e-font-icon-svg e-fas-caret-down\\&quot; viewBox=\\&quot;0 0 320 512\\&quot; xmlns=\\&quot;http:\\\/\\\/www.w3.org\\\/2000\\\/svg\\&quot;&gt;&lt;path d=\\&quot;M31.3 192h257.3c17.8 0 26.7 21.5 14.1 34.1L174.1 354.8c-7.8 7.8-20.5 7.8-28.3 0L17.2 226.1C4.6 213.5 13.5 192 31.3 192z\\&quot;&gt;&lt;\\\/path&gt;&lt;\\\/svg&gt;&quot;,&quot;library&quot;:&quot;fa-solid&quot;}}\" data-widget_type=\"nav-menu.default\">\n\t\t\t\t\t\t\t\t<nav aria-label=\"Menu\" class=\"elementor-nav-menu--main elementor-nav-menu__container elementor-nav-menu--layout-vertical e--pointer-double-line e--animation-fade\">\n\t\t\t\t<ul id=\"menu-1-d226afe\" class=\"elementor-nav-menu sm-vertical\"><li class=\"menu-item menu-item-type-post_type menu-item-object-page menu-item-327\"><a href=\"https:\/\/peca.ch\/cosa-facciamo\/worldwide\/catering\/\" class=\"elementor-item\">Catering<\/a><\/li>\n<li class=\"menu-item menu-item-type-post_type menu-item-object-page menu-item-328\"><a href=\"https:\/\/peca.ch\/cosa-facciamo\/worldwide\/housekeeping\/\" class=\"elementor-item\">Menage<\/a><\/li>\n<li class=\"menu-item menu-item-type-post_type menu-item-object-page menu-item-329\"><a href=\"https:\/\/peca.ch\/cosa-facciamo\/worldwide\/cleaning\/\" class=\"elementor-item\">Nettoyage<\/a><\/li>\n<li class=\"menu-item menu-item-type-post_type menu-item-object-page menu-item-330\"><a href=\"https:\/\/peca.ch\/cosa-facciamo\/worldwide\/laundry\/\" class=\"elementor-item\">Blanchisserie<\/a><\/li>\n<li class=\"menu-item menu-item-type-post_type menu-item-object-page menu-item-331\"><a href=\"https:\/\/peca.ch\/cosa-facciamo\/worldwide\/minimarket\/\" class=\"elementor-item\">\u00c9picerie<\/a><\/li>\n<\/ul>\t\t\t<\/nav>\n\t\t\t\t\t\t<nav class=\"elementor-nav-menu--dropdown elementor-nav-menu__container\" aria-hidden=\"true\">\n\t\t\t\t<ul id=\"menu-2-d226afe\" class=\"elementor-nav-menu sm-vertical\"><li class=\"menu-item menu-item-type-post_type menu-item-object-page menu-item-327\"><a href=\"https:\/\/peca.ch\/cosa-facciamo\/worldwide\/catering\/\" class=\"elementor-item\" tabindex=\"-1\">Catering<\/a><\/li>\n<li class=\"menu-item menu-item-type-post_type menu-item-object-page menu-item-328\"><a href=\"https:\/\/peca.ch\/cosa-facciamo\/worldwide\/housekeeping\/\" class=\"elementor-item\" tabindex=\"-1\">Menage<\/a><\/li>\n<li class=\"menu-item menu-item-type-post_type menu-item-object-page menu-item-329\"><a href=\"https:\/\/peca.ch\/cosa-facciamo\/worldwide\/cleaning\/\" class=\"elementor-item\" tabindex=\"-1\">Nettoyage<\/a><\/li>\n<li class=\"menu-item menu-item-type-post_type menu-item-object-page menu-item-330\"><a href=\"https:\/\/peca.ch\/cosa-facciamo\/worldwide\/laundry\/\" class=\"elementor-item\" tabindex=\"-1\">Blanchisserie<\/a><\/li>\n<li class=\"menu-item menu-item-type-post_type menu-item-object-page menu-item-331\"><a href=\"https:\/\/peca.ch\/cosa-facciamo\/worldwide\/minimarket\/\" class=\"elementor-item\" tabindex=\"-1\">\u00c9picerie<\/a><\/li>\n<\/ul>\t\t\t<\/nav>\n\t\t\t\t\t\t<\/div>\n\t\t\t\t<\/div>\n\t\t<div class=\"elementor-element elementor-element-3c4a2f8 e-con-full e-flex e-con e-child\" data-id=\"3c4a2f8\" data-element_type=\"container\" data-e-type=\"container\">\n\t\t\t\t<div class=\"elementor-element elementor-element-ba271aa elementor-widget elementor-widget-text-editor\" data-id=\"ba271aa\" data-element_type=\"widget\" data-e-type=\"widget\" data-widget_type=\"text-editor.default\">\n\t\t\t\t\t\t\t\t\t<p><em><strong><span style=\"color: #ff2b00;\">Propret\u00e9, ponctualit\u00e9, pr\u00e9cision, fiabilit\u00e9 ne sont que certains des avantages que vous aurez en recourant \u00e0 nos services de m\u00e9nage. Les autres, vous les d\u00e9couvrirez jour apr\u00e8s jour. <\/span><\/strong><\/em><\/p><ul><li>Nous g\u00e9rons directement les logements de tout le personnel et des h\u00f4tes.<\/li><li>Nous nous occupons du nettoyage des locaux communs, de l\u2019h\u00f4tellerie et des chambres, dans le respect des r\u00e9glementations en vigueur.<\/li><li>Les services de m\u00e9nage comprennent le changement des draps, des serviettes, des peignoirs et des essuie-mains.<\/li><\/ul>\t\t\t\t\t\t\t\t<\/div>\n\t\t<div class=\"elementor-element elementor-element-10f7672 e-con-full e-flex e-con e-child\" data-id=\"10f7672\" data-element_type=\"container\" data-e-type=\"container\" data-settings=\"{&quot;background_background&quot;:&quot;classic&quot;}\">\n\t\t\t\t<div class=\"elementor-element elementor-element-e9d0c28 elementor-widget elementor-widget-text-editor\" data-id=\"e9d0c28\" data-element_type=\"widget\" data-e-type=\"widget\" data-widget_type=\"text-editor.default\">\n\t\t\t\t\t\t\t\t\t<p><em>D\u00e9couvrez comment nous pouvons organiser et g\u00e9rer vos services d\u2019entretien et de nettoyage.<\/em><\/p>\t\t\t\t\t\t\t\t<\/div>\n\t\t\t\t<div class=\"elementor-element elementor-element-bfb23a8 elementor-align-left elementor-widget elementor-widget-button\" data-id=\"bfb23a8\" data-element_type=\"widget\" data-e-type=\"widget\" data-widget_type=\"button.default\">\n\t\t\t\t\t\t\t\t\t\t<a class=\"elementor-button elementor-button-link elementor-size-sm\" href=\"https:\/\/peca.ch\/fr\/contacts\/\">\n\t\t\t\t\t\t<span class=\"elementor-button-content-wrapper\">\n\t\t\t\t\t\t<span class=\"elementor-button-icon\">\n\t\t\t\t<svg aria-hidden=\"true\" class=\"e-font-icon-svg e-fas-user-plus\" viewBox=\"0 0 640 512\" xmlns=\"http:\/\/www.w3.org\/2000\/svg\"><path d=\"M624 208h-64v-64c0-8.8-7.2-16-16-16h-32c-8.8 0-16 7.2-16 16v64h-64c-8.8 0-16 7.2-16 16v32c0 8.8 7.2 16 16 16h64v64c0 8.8 7.2 16 16 16h32c8.8 0 16-7.2 16-16v-64h64c8.8 0 16-7.2 16-16v-32c0-8.8-7.2-16-16-16zm-400 48c70.7 0 128-57.3 128-128S294.7 0 224 0 96 57.3 96 128s57.3 128 128 128zm89.6 32h-16.7c-22.2 10.2-46.9 16-72.9 16s-50.6-5.8-72.9-16h-16.7C60.2 288 0 348.2 0 422.4V464c0 26.5 21.5 48 48 48h352c26.5 0 48-21.5 48-48v-41.6c0-74.2-60.2-134.4-134.4-134.4z\"><\/path><\/svg>\t\t\t<\/span>\n\t\t\t\t\t\t\t\t\t<span class=\"elementor-button-text\">Contacts<\/span>\n\t\t\t\t\t<\/span>\n\t\t\t\t\t<\/a>\n\t\t\t\t\t\t\t\t<\/div>\n\t\t\t\t<\/div>\n\t\t\t\t<\/div>\n\t\t\t\t\t<\/div>\n\t\t\t\t<\/div>\n\t\t<div class=\"elementor-element elementor-element-777c187 e-flex e-con-boxed e-con e-parent\" data-id=\"777c187\" data-element_type=\"container\" data-e-type=\"container\">\n\t\t\t\t\t<div class=\"e-con-inner\">\n\t\t\t\t<div class=\"elementor-element elementor-element-22344c5 elementor-widget elementor-widget-spacer\" data-id=\"22344c5\" data-element_type=\"widget\" data-e-type=\"widget\" data-widget_type=\"spacer.default\">\n\t\t\t\t\t\t\t<div class=\"elementor-spacer\">\n\t\t\t<div class=\"elementor-spacer-inner\"><\/div>\n\t\t<\/div>\n\t\t\t\t\t\t<\/div>\n\t\t\t\t\t<\/div>\n\t\t\t\t<\/div>\n\t\t\t\t<\/div>\n\t\t","protected":false},"excerpt":{"rendered":"<p>SUISSE WORLDWIDE Propret\u00e9, ponctualit\u00e9, pr\u00e9cision, fiabilit\u00e9 ne sont que certains des avantages que vous aurez en recourant \u00e0 nos services de m\u00e9nage. Les autres, vous les d\u00e9couvrirez jour apr\u00e8s jour. Nous g\u00e9rons directement les logements de tout le personnel et des h\u00f4tes. Nous nous occupons du nettoyage des locaux communs, de l\u2019h\u00f4tellerie et des chambres, [&hellip;]<\/p>\n","protected":false},"author":1,"featured_media":0,"parent":973,"menu_order":0,"comment_status":"closed","ping_status":"closed","template":"","meta":{"footnotes":""},"class_list":["post-978","page","type-page","status-publish","hentry"],"_links":{"self":[{"href":"https:\/\/peca.ch\/fr\/wp-json\/wp\/v2\/pages\/978","targetHints":{"allow":["GET"]}}],"collection":[{"href":"https:\/\/peca.ch\/fr\/wp-json\/wp\/v2\/pages"}],"about":[{"href":"https:\/\/peca.ch\/fr\/wp-json\/wp\/v2\/types\/page"}],"author":[{"embeddable":true,"href":"https:\/\/peca.ch\/fr\/wp-json\/wp\/v2\/users\/1"}],"replies":[{"embeddable":true,"href":"https:\/\/peca.ch\/fr\/wp-json\/wp\/v2\/comments?post=978"}],"version-history":[{"count":1,"href":"https:\/\/peca.ch\/fr\/wp-json\/wp\/v2\/pages\/978\/revisions"}],"predecessor-version":[{"id":979,"href":"https:\/\/peca.ch\/fr\/wp-json\/wp\/v2\/pages\/978\/revisions\/979"}],"up":[{"embeddable":true,"href":"https:\/\/peca.ch\/fr\/wp-json\/wp\/v2\/pages\/973"}],"wp:attachment":[{"href":"https:\/\/peca.ch\/fr\/wp-json\/wp\/v2\/media?parent=978"}],"curies":[{"name":"wp","href":"https:\/\/api.w.org\/{rel}","templated":true}]}}