{"id":971,"date":"2025-07-16T09:47:26","date_gmt":"2025-07-16T09:47:26","guid":{"rendered":"https:\/\/peca.wallabi.dev\/quest-ce-quon-fait\/suisse\/restaurants\/"},"modified":"2025-07-17T14:04:49","modified_gmt":"2025-07-17T14:04:49","slug":"restaurants","status":"publish","type":"page","link":"https:\/\/peca.ch\/fr\/quest-ce-quon-fait\/suisse\/restaurants\/","title":{"rendered":"Restaurants"},"content":{"rendered":"\t\t<div data-elementor-type=\"wp-page\" data-elementor-id=\"971\" class=\"elementor elementor-971 elementor-299\" data-elementor-post-type=\"page\">\n\t\t\t\t<div class=\"elementor-element elementor-element-b35594d e-flex e-con-boxed e-con e-parent\" data-id=\"b35594d\" data-element_type=\"container\" data-e-type=\"container\">\n\t\t\t\t\t<div class=\"e-con-inner\">\n\t\t\t\t<div class=\"elementor-element elementor-element-18be262 elementor-widget elementor-widget-image\" data-id=\"18be262\" data-element_type=\"widget\" data-e-type=\"widget\" data-widget_type=\"image.default\">\n\t\t\t\t\t\t\t\t\t\t\t\t\t\t\t<img fetchpriority=\"high\" decoding=\"async\" width=\"1130\" height=\"300\" src=\"https:\/\/media.gruppopellegrini.it\/peca\/2025\/07\/Ristoranti-1.webp\" class=\"attachment-full size-full wp-image-744\" alt=\"Immagine di ristorante\" srcset=\"https:\/\/media.gruppopellegrini.it\/peca\/2025\/07\/Ristoranti-1.webp 1130w, https:\/\/media.gruppopellegrini.it\/peca\/2025\/07\/Ristoranti-1-300x80.webp 300w, https:\/\/media.gruppopellegrini.it\/peca\/2025\/07\/Ristoranti-1-1024x272.webp 1024w, https:\/\/media.gruppopellegrini.it\/peca\/2025\/07\/Ristoranti-1-768x204.webp 768w\" sizes=\"(max-width: 1130px) 100vw, 1130px\" \/>\t\t\t\t\t\t\t\t\t\t\t\t\t\t\t<\/div>\n\t\t\t\t\t<\/div>\n\t\t\t\t<\/div>\n\t\t<div class=\"elementor-element elementor-element-95937bf e-flex e-con-boxed e-con e-parent\" data-id=\"95937bf\" data-element_type=\"container\" data-e-type=\"container\">\n\t\t\t\t\t<div class=\"e-con-inner\">\n\t\t<div class=\"elementor-element elementor-element-5827b4e e-con-full e-flex e-con e-child\" data-id=\"5827b4e\" data-element_type=\"container\" data-e-type=\"container\">\n\t\t\t\t<div class=\"elementor-element elementor-element-d264023 elementor-widget elementor-widget-text-editor\" data-id=\"d264023\" data-element_type=\"widget\" data-e-type=\"widget\" data-widget_type=\"text-editor.default\">\n\t\t\t\t\t\t\t\t\t<p>SUISSE<\/p>\t\t\t\t\t\t\t\t<\/div>\n\t\t\t\t<div class=\"elementor-element elementor-element-3bfe596 elementor-nav-menu--dropdown-none elementor-widget elementor-widget-nav-menu\" data-id=\"3bfe596\" data-element_type=\"widget\" data-e-type=\"widget\" data-settings=\"{&quot;layout&quot;:&quot;vertical&quot;,&quot;submenu_icon&quot;:{&quot;value&quot;:&quot;&lt;svg aria-hidden=\\&quot;true\\&quot; class=\\&quot;e-font-icon-svg e-fas-caret-down\\&quot; viewBox=\\&quot;0 0 320 512\\&quot; xmlns=\\&quot;http:\\\/\\\/www.w3.org\\\/2000\\\/svg\\&quot;&gt;&lt;path d=\\&quot;M31.3 192h257.3c17.8 0 26.7 21.5 14.1 34.1L174.1 354.8c-7.8 7.8-20.5 7.8-28.3 0L17.2 226.1C4.6 213.5 13.5 192 31.3 192z\\&quot;&gt;&lt;\\\/path&gt;&lt;\\\/svg&gt;&quot;,&quot;library&quot;:&quot;fa-solid&quot;}}\" data-widget_type=\"nav-menu.default\">\n\t\t\t\t\t\t\t\t<nav aria-label=\"Menu\" class=\"elementor-nav-menu--main elementor-nav-menu__container elementor-nav-menu--layout-vertical e--pointer-double-line e--animation-fade\">\n\t\t\t\t<ul id=\"menu-1-3bfe596\" class=\"elementor-nav-menu sm-vertical\"><li class=\"menu-item menu-item-type-post_type menu-item-object-page menu-item-307\"><a href=\"https:\/\/peca.ch\/cosa-facciamo\/svizzera\/mense\/\" class=\"elementor-item\">Personnes<\/a><\/li>\n<li class=\"menu-item menu-item-type-post_type menu-item-object-page menu-item-306\"><a href=\"https:\/\/peca.ch\/cosa-facciamo\/svizzera\/delivery\/\" class=\"elementor-item\">Delivery<\/a><\/li>\n<li class=\"menu-item menu-item-type-post_type menu-item-object-page menu-item-305\"><a href=\"https:\/\/peca.ch\/cosa-facciamo\/svizzera\/eventi\/\" class=\"elementor-item\">\u00c9v\u00e9nements<\/a><\/li>\n<li class=\"menu-item menu-item-type-post_type menu-item-object-page menu-item-304\"><a href=\"https:\/\/peca.ch\/cosa-facciamo\/svizzera\/ristoranti\/\" class=\"elementor-item\">Restaurants<\/a><\/li>\n<li class=\"menu-item menu-item-type-post_type menu-item-object-page menu-item-303\"><a href=\"https:\/\/peca.ch\/cosa-facciamo\/svizzera\/altro\/\" class=\"elementor-item\">Autre<\/a><\/li>\n<\/ul>\t\t\t<\/nav>\n\t\t\t\t\t\t<nav class=\"elementor-nav-menu--dropdown elementor-nav-menu__container\" aria-hidden=\"true\">\n\t\t\t\t<ul id=\"menu-2-3bfe596\" class=\"elementor-nav-menu sm-vertical\"><li class=\"menu-item menu-item-type-post_type menu-item-object-page menu-item-307\"><a href=\"https:\/\/peca.ch\/cosa-facciamo\/svizzera\/mense\/\" class=\"elementor-item\" tabindex=\"-1\">Personnes<\/a><\/li>\n<li class=\"menu-item menu-item-type-post_type menu-item-object-page menu-item-306\"><a href=\"https:\/\/peca.ch\/cosa-facciamo\/svizzera\/delivery\/\" class=\"elementor-item\" tabindex=\"-1\">Delivery<\/a><\/li>\n<li class=\"menu-item menu-item-type-post_type menu-item-object-page menu-item-305\"><a href=\"https:\/\/peca.ch\/cosa-facciamo\/svizzera\/eventi\/\" class=\"elementor-item\" tabindex=\"-1\">\u00c9v\u00e9nements<\/a><\/li>\n<li class=\"menu-item menu-item-type-post_type menu-item-object-page menu-item-304\"><a href=\"https:\/\/peca.ch\/cosa-facciamo\/svizzera\/ristoranti\/\" class=\"elementor-item\" tabindex=\"-1\">Restaurants<\/a><\/li>\n<li class=\"menu-item menu-item-type-post_type menu-item-object-page menu-item-303\"><a href=\"https:\/\/peca.ch\/cosa-facciamo\/svizzera\/altro\/\" class=\"elementor-item\" tabindex=\"-1\">Autre<\/a><\/li>\n<\/ul>\t\t\t<\/nav>\n\t\t\t\t\t\t<\/div>\n\t\t\t\t<div class=\"elementor-element elementor-element-f765c23 elementor-widget elementor-widget-text-editor\" data-id=\"f765c23\" data-element_type=\"widget\" data-e-type=\"widget\" data-widget_type=\"text-editor.default\">\n\t\t\t\t\t\t\t\t\t<p>WORLDWIDE<\/p>\t\t\t\t\t\t\t\t<\/div>\n\t\t\t\t<div class=\"elementor-element elementor-element-2cd789c elementor-nav-menu--dropdown-none elementor-widget elementor-widget-nav-menu\" data-id=\"2cd789c\" data-element_type=\"widget\" data-e-type=\"widget\" data-settings=\"{&quot;layout&quot;:&quot;vertical&quot;,&quot;submenu_icon&quot;:{&quot;value&quot;:&quot;&lt;svg aria-hidden=\\&quot;true\\&quot; class=\\&quot;e-font-icon-svg e-fas-caret-down\\&quot; viewBox=\\&quot;0 0 320 512\\&quot; xmlns=\\&quot;http:\\\/\\\/www.w3.org\\\/2000\\\/svg\\&quot;&gt;&lt;path d=\\&quot;M31.3 192h257.3c17.8 0 26.7 21.5 14.1 34.1L174.1 354.8c-7.8 7.8-20.5 7.8-28.3 0L17.2 226.1C4.6 213.5 13.5 192 31.3 192z\\&quot;&gt;&lt;\\\/path&gt;&lt;\\\/svg&gt;&quot;,&quot;library&quot;:&quot;fa-solid&quot;}}\" data-widget_type=\"nav-menu.default\">\n\t\t\t\t\t\t\t\t<nav aria-label=\"Menu\" class=\"elementor-nav-menu--main elementor-nav-menu__container elementor-nav-menu--layout-vertical e--pointer-double-line e--animation-fade\">\n\t\t\t\t<ul id=\"menu-1-2cd789c\" class=\"elementor-nav-menu sm-vertical\"><li class=\"menu-item menu-item-type-post_type menu-item-object-page menu-item-327\"><a href=\"https:\/\/peca.ch\/cosa-facciamo\/worldwide\/catering\/\" class=\"elementor-item\">Catering<\/a><\/li>\n<li class=\"menu-item menu-item-type-post_type menu-item-object-page menu-item-328\"><a href=\"https:\/\/peca.ch\/cosa-facciamo\/worldwide\/housekeeping\/\" class=\"elementor-item\">Menage<\/a><\/li>\n<li class=\"menu-item menu-item-type-post_type menu-item-object-page menu-item-329\"><a href=\"https:\/\/peca.ch\/cosa-facciamo\/worldwide\/cleaning\/\" class=\"elementor-item\">Nettoyage<\/a><\/li>\n<li class=\"menu-item menu-item-type-post_type menu-item-object-page menu-item-330\"><a href=\"https:\/\/peca.ch\/cosa-facciamo\/worldwide\/laundry\/\" class=\"elementor-item\">Blanchisserie<\/a><\/li>\n<li class=\"menu-item menu-item-type-post_type menu-item-object-page menu-item-331\"><a href=\"https:\/\/peca.ch\/cosa-facciamo\/worldwide\/minimarket\/\" class=\"elementor-item\">\u00c9picerie<\/a><\/li>\n<\/ul>\t\t\t<\/nav>\n\t\t\t\t\t\t<nav class=\"elementor-nav-menu--dropdown elementor-nav-menu__container\" aria-hidden=\"true\">\n\t\t\t\t<ul id=\"menu-2-2cd789c\" class=\"elementor-nav-menu sm-vertical\"><li class=\"menu-item menu-item-type-post_type menu-item-object-page menu-item-327\"><a href=\"https:\/\/peca.ch\/cosa-facciamo\/worldwide\/catering\/\" class=\"elementor-item\" tabindex=\"-1\">Catering<\/a><\/li>\n<li class=\"menu-item menu-item-type-post_type menu-item-object-page menu-item-328\"><a href=\"https:\/\/peca.ch\/cosa-facciamo\/worldwide\/housekeeping\/\" class=\"elementor-item\" tabindex=\"-1\">Menage<\/a><\/li>\n<li class=\"menu-item menu-item-type-post_type menu-item-object-page menu-item-329\"><a href=\"https:\/\/peca.ch\/cosa-facciamo\/worldwide\/cleaning\/\" class=\"elementor-item\" tabindex=\"-1\">Nettoyage<\/a><\/li>\n<li class=\"menu-item menu-item-type-post_type menu-item-object-page menu-item-330\"><a href=\"https:\/\/peca.ch\/cosa-facciamo\/worldwide\/laundry\/\" class=\"elementor-item\" tabindex=\"-1\">Blanchisserie<\/a><\/li>\n<li class=\"menu-item menu-item-type-post_type menu-item-object-page menu-item-331\"><a href=\"https:\/\/peca.ch\/cosa-facciamo\/worldwide\/minimarket\/\" class=\"elementor-item\" tabindex=\"-1\">\u00c9picerie<\/a><\/li>\n<\/ul>\t\t\t<\/nav>\n\t\t\t\t\t\t<\/div>\n\t\t\t\t<\/div>\n\t\t<div class=\"elementor-element elementor-element-1e58858 e-con-full e-flex e-con e-child\" data-id=\"1e58858\" data-element_type=\"container\" data-e-type=\"container\">\n\t\t\t\t<div class=\"elementor-element elementor-element-20ec102 elementor-widget elementor-widget-text-editor\" data-id=\"20ec102\" data-element_type=\"widget\" data-e-type=\"widget\" data-widget_type=\"text-editor.default\">\n\t\t\t\t\t\t\t\t\t<p><em><strong><span style=\"color: #ff2b00;\">Nous ouvrons et g\u00e9rons des restaurants.<\/span><\/strong><\/em><\/p><p>Cuisiner et servir sont nos deux passions. En t\u00e9moignent les plus 600 lieux de restauration actifs \u00e0 travers le monde, gr\u00e2ce auxquels nous pouvons nous targuer de poss\u00e9der une exp\u00e9rience consolid\u00e9e et \u00e9prouv\u00e9e.<\/p><p>La cl\u00e9 de notre succ\u00e8s r\u00e9side dans le respect de la valorisation du territoire, en proposant \u00e0 nos clients des produits locaux et de saison, de premi\u00e8re qualit\u00e9.<\/p><p>Nous pouvons \u00e9galement compter sur nos ressources internes pour concevoir et g\u00e9rer des restaurants d\u2019entreprises au Tessin, en Suisse et dans le monde entier, du logiciel de caisse, aux meubles, aux menus avec des valeurs nutritionnelles parfaitement pens\u00e9es pour les gens qui travaillent.<br>Nos restaurants sont pour la plupart situ\u00e9s \u00e0 proximit\u00e9 des centres d\u2019affaires, des zones industrielles et commerciales.<\/p><p>Nous poss\u00e9dons d\u00e9j\u00e0 des lieux de restauration en Suisse et nous sommes toujours pr\u00eats \u00e0 ouvrir de nouveaux sites.<\/p>\t\t\t\t\t\t\t\t<\/div>\n\t\t\t\t<div class=\"elementor-element elementor-element-aa69512 elementor-widget elementor-widget-gallery\" data-id=\"aa69512\" data-element_type=\"widget\" data-e-type=\"widget\" data-settings=\"{&quot;lazyload&quot;:&quot;yes&quot;,&quot;gallery_layout&quot;:&quot;grid&quot;,&quot;columns&quot;:4,&quot;columns_tablet&quot;:2,&quot;columns_mobile&quot;:1,&quot;gap&quot;:{&quot;unit&quot;:&quot;px&quot;,&quot;size&quot;:10,&quot;sizes&quot;:[]},&quot;gap_tablet&quot;:{&quot;unit&quot;:&quot;px&quot;,&quot;size&quot;:10,&quot;sizes&quot;:[]},&quot;gap_mobile&quot;:{&quot;unit&quot;:&quot;px&quot;,&quot;size&quot;:10,&quot;sizes&quot;:[]},&quot;link_to&quot;:&quot;file&quot;,&quot;aspect_ratio&quot;:&quot;3:2&quot;,&quot;overlay_background&quot;:&quot;yes&quot;,&quot;content_hover_animation&quot;:&quot;fade-in&quot;}\" data-widget_type=\"gallery.default\">\n\t\t\t\t\t\t\t<div class=\"elementor-gallery__container\">\n\t\t\t\t\t\t\t<a class=\"e-gallery-item elementor-gallery-item elementor-animated-content\" href=\"https:\/\/media.gruppopellegrini.it\/peca\/2025\/07\/Peca-int-705x470-1.jpg\" data-elementor-open-lightbox=\"yes\" data-elementor-lightbox-slideshow=\"aa69512\" data-elementor-lightbox-title=\"Peca-int-705x470\" data-e-action-hash=\"#elementor-action%3Aaction%3Dlightbox%26settings%3DeyJpZCI6MzkyLCJ1cmwiOiJodHRwczpcL1wvbWVkaWEuZ3J1cHBvcGVsbGVncmluaS5pdFwvcGVjYVwvMjAyNVwvMDdcL1BlY2EtaW50LTcwNXg0NzAtMS5qcGciLCJzbGlkZXNob3ciOiJhYTY5NTEyIn0%3D\">\n\t\t\t\t\t<div class=\"e-gallery-image elementor-gallery-item__image\" data-thumbnail=\"https:\/\/media.gruppopellegrini.it\/peca\/2025\/07\/Peca-int-705x470-1-300x200.jpg\" data-width=\"300\" data-height=\"200\" aria-label=\"Interno del ristorante\" role=\"img\" ><\/div>\n\t\t\t\t\t\t\t\t\t\t\t<div class=\"elementor-gallery-item__overlay\"><\/div>\n\t\t\t\t\t\t\t\t\t\t\t\t\t\t<\/a>\n\t\t\t\t\t\t\t<a class=\"e-gallery-item elementor-gallery-item elementor-animated-content\" href=\"https:\/\/media.gruppopellegrini.it\/peca\/2025\/07\/staff-peca-705x498-1.jpg\" data-elementor-open-lightbox=\"yes\" data-elementor-lightbox-slideshow=\"aa69512\" data-elementor-lightbox-title=\"staff-peca-705x498\" data-e-action-hash=\"#elementor-action%3Aaction%3Dlightbox%26settings%3DeyJpZCI6MzkzLCJ1cmwiOiJodHRwczpcL1wvbWVkaWEuZ3J1cHBvcGVsbGVncmluaS5pdFwvcGVjYVwvMjAyNVwvMDdcL3N0YWZmLXBlY2EtNzA1eDQ5OC0xLmpwZyIsInNsaWRlc2hvdyI6ImFhNjk1MTIifQ%3D%3D\">\n\t\t\t\t\t<div class=\"e-gallery-image elementor-gallery-item__image\" data-thumbnail=\"https:\/\/media.gruppopellegrini.it\/peca\/2025\/07\/staff-peca-705x498-1-300x212.jpg\" data-width=\"300\" data-height=\"212\" aria-label=\"Immagine dello staff\" role=\"img\" ><\/div>\n\t\t\t\t\t\t\t\t\t\t\t<div class=\"elementor-gallery-item__overlay\"><\/div>\n\t\t\t\t\t\t\t\t\t\t\t\t\t\t<\/a>\n\t\t\t\t\t\t\t<a class=\"e-gallery-item elementor-gallery-item elementor-animated-content\" href=\"https:\/\/media.gruppopellegrini.it\/peca\/2025\/07\/Peca-pass-705x470-1.jpg\" data-elementor-open-lightbox=\"yes\" data-elementor-lightbox-slideshow=\"aa69512\" data-elementor-lightbox-title=\"Peca-pass-705x470\" data-e-action-hash=\"#elementor-action%3Aaction%3Dlightbox%26settings%3DeyJpZCI6Mzk0LCJ1cmwiOiJodHRwczpcL1wvbWVkaWEuZ3J1cHBvcGVsbGVncmluaS5pdFwvcGVjYVwvMjAyNVwvMDdcL1BlY2EtcGFzcy03MDV4NDcwLTEuanBnIiwic2xpZGVzaG93IjoiYWE2OTUxMiJ9\">\n\t\t\t\t\t<div class=\"e-gallery-image elementor-gallery-item__image\" data-thumbnail=\"https:\/\/media.gruppopellegrini.it\/peca\/2025\/07\/Peca-pass-705x470-1-300x200.jpg\" data-width=\"300\" data-height=\"200\" aria-label=\"cucina del ristorante\" role=\"img\" ><\/div>\n\t\t\t\t\t\t\t\t\t\t\t<div class=\"elementor-gallery-item__overlay\"><\/div>\n\t\t\t\t\t\t\t\t\t\t\t\t\t\t<\/a>\n\t\t\t\t\t\t\t<a class=\"e-gallery-item elementor-gallery-item elementor-animated-content\" href=\"https:\/\/media.gruppopellegrini.it\/peca\/2025\/07\/accordion-mensa_1330x324-705x202-1.jpg\" data-elementor-open-lightbox=\"yes\" data-elementor-lightbox-slideshow=\"aa69512\" data-elementor-lightbox-title=\"accordion-mensa_1330x324-705x202\" data-e-action-hash=\"#elementor-action%3Aaction%3Dlightbox%26settings%3DeyJpZCI6Mzk1LCJ1cmwiOiJodHRwczpcL1wvbWVkaWEuZ3J1cHBvcGVsbGVncmluaS5pdFwvcGVjYVwvMjAyNVwvMDdcL2FjY29yZGlvbi1tZW5zYV8xMzMweDMyNC03MDV4MjAyLTEuanBnIiwic2xpZGVzaG93IjoiYWE2OTUxMiJ9\">\n\t\t\t\t\t<div class=\"e-gallery-image elementor-gallery-item__image\" data-thumbnail=\"https:\/\/media.gruppopellegrini.it\/peca\/2025\/07\/accordion-mensa_1330x324-705x202-1-300x86.jpg\" data-width=\"300\" data-height=\"86\" aria-label=\"sala ristorante\" role=\"img\" ><\/div>\n\t\t\t\t\t\t\t\t\t\t\t<div class=\"elementor-gallery-item__overlay\"><\/div>\n\t\t\t\t\t\t\t\t\t\t\t\t\t\t<\/a>\n\t\t\t\t\t\t\t<a class=\"e-gallery-item elementor-gallery-item elementor-animated-content\" href=\"https:\/\/media.gruppopellegrini.it\/peca\/2025\/07\/peca-stagionale.jpg\" data-elementor-open-lightbox=\"yes\" data-elementor-lightbox-slideshow=\"aa69512\" data-elementor-lightbox-title=\"peca-stagionale\" data-e-action-hash=\"#elementor-action%3Aaction%3Dlightbox%26settings%3DeyJpZCI6Mzk2LCJ1cmwiOiJodHRwczpcL1wvbWVkaWEuZ3J1cHBvcGVsbGVncmluaS5pdFwvcGVjYVwvMjAyNVwvMDdcL3BlY2Etc3RhZ2lvbmFsZS5qcGciLCJzbGlkZXNob3ciOiJhYTY5NTEyIn0%3D\">\n\t\t\t\t\t<div class=\"e-gallery-image elementor-gallery-item__image\" data-thumbnail=\"https:\/\/media.gruppopellegrini.it\/peca\/2025\/07\/peca-stagionale-300x200.jpg\" data-width=\"300\" data-height=\"200\" aria-label=\"immagine di cibo\" role=\"img\" ><\/div>\n\t\t\t\t\t\t\t\t\t\t\t<div class=\"elementor-gallery-item__overlay\"><\/div>\n\t\t\t\t\t\t\t\t\t\t\t\t\t\t<\/a>\n\t\t\t\t\t\t\t<a class=\"e-gallery-item elementor-gallery-item elementor-animated-content\" href=\"https:\/\/media.gruppopellegrini.it\/peca\/2025\/07\/03_img_testate-705x187-1.jpg\" data-elementor-open-lightbox=\"yes\" data-elementor-lightbox-slideshow=\"aa69512\" data-elementor-lightbox-title=\"03_img_testate-705x187\" data-e-action-hash=\"#elementor-action%3Aaction%3Dlightbox%26settings%3DeyJpZCI6Mzk3LCJ1cmwiOiJodHRwczpcL1wvbWVkaWEuZ3J1cHBvcGVsbGVncmluaS5pdFwvcGVjYVwvMjAyNVwvMDdcLzAzX2ltZ190ZXN0YXRlLTcwNXgxODctMS5qcGciLCJzbGlkZXNob3ciOiJhYTY5NTEyIn0%3D\">\n\t\t\t\t\t<div class=\"e-gallery-image elementor-gallery-item__image\" data-thumbnail=\"https:\/\/media.gruppopellegrini.it\/peca\/2025\/07\/03_img_testate-705x187-1-300x80.jpg\" data-width=\"300\" data-height=\"80\" aria-label=\"Immagine di una cucina\" role=\"img\" ><\/div>\n\t\t\t\t\t\t\t\t\t\t\t<div class=\"elementor-gallery-item__overlay\"><\/div>\n\t\t\t\t\t\t\t\t\t\t\t\t\t\t<\/a>\n\t\t\t\t\t\t\t<a class=\"e-gallery-item elementor-gallery-item elementor-animated-content\" href=\"https:\/\/media.gruppopellegrini.it\/peca\/2025\/07\/testata08-705x187-1.jpg\" data-elementor-open-lightbox=\"yes\" data-elementor-lightbox-slideshow=\"aa69512\" data-elementor-lightbox-title=\"testata08-705x187\" data-e-action-hash=\"#elementor-action%3Aaction%3Dlightbox%26settings%3DeyJpZCI6Mzk4LCJ1cmwiOiJodHRwczpcL1wvbWVkaWEuZ3J1cHBvcGVsbGVncmluaS5pdFwvcGVjYVwvMjAyNVwvMDdcL3Rlc3RhdGEwOC03MDV4MTg3LTEuanBnIiwic2xpZGVzaG93IjoiYWE2OTUxMiJ9\">\n\t\t\t\t\t<div class=\"e-gallery-image elementor-gallery-item__image\" data-thumbnail=\"https:\/\/media.gruppopellegrini.it\/peca\/2025\/07\/testata08-705x187-1-300x80.jpg\" data-width=\"300\" data-height=\"80\" aria-label=\"persone al ristorante\" role=\"img\" ><\/div>\n\t\t\t\t\t\t\t\t\t\t\t<div class=\"elementor-gallery-item__overlay\"><\/div>\n\t\t\t\t\t\t\t\t\t\t\t\t\t\t<\/a>\n\t\t\t\t\t\t\t<a class=\"e-gallery-item elementor-gallery-item elementor-animated-content\" href=\"https:\/\/media.gruppopellegrini.it\/peca\/2025\/07\/peca-risto2.jpg\" data-elementor-open-lightbox=\"yes\" data-elementor-lightbox-slideshow=\"aa69512\" data-elementor-lightbox-title=\"peca-risto2\" data-e-action-hash=\"#elementor-action%3Aaction%3Dlightbox%26settings%3DeyJpZCI6Mzk5LCJ1cmwiOiJodHRwczpcL1wvbWVkaWEuZ3J1cHBvcGVsbGVncmluaS5pdFwvcGVjYVwvMjAyNVwvMDdcL3BlY2EtcmlzdG8yLmpwZyIsInNsaWRlc2hvdyI6ImFhNjk1MTIifQ%3D%3D\">\n\t\t\t\t\t<div class=\"e-gallery-image elementor-gallery-item__image\" data-thumbnail=\"https:\/\/media.gruppopellegrini.it\/peca\/2025\/07\/peca-risto2-300x200.jpg\" data-width=\"300\" data-height=\"200\" aria-label=\"Ristorante\" role=\"img\" ><\/div>\n\t\t\t\t\t\t\t\t\t\t\t<div class=\"elementor-gallery-item__overlay\"><\/div>\n\t\t\t\t\t\t\t\t\t\t\t\t\t\t<\/a>\n\t\t\t\t\t<\/div>\n\t\t\t\t\t<\/div>\n\t\t<div class=\"elementor-element elementor-element-7bb7e9e e-con-full e-flex e-con e-child\" data-id=\"7bb7e9e\" data-element_type=\"container\" data-e-type=\"container\" data-settings=\"{&quot;background_background&quot;:&quot;classic&quot;}\">\n\t\t\t\t<div class=\"elementor-element elementor-element-304f55c elementor-widget elementor-widget-text-editor\" data-id=\"304f55c\" data-element_type=\"widget\" data-e-type=\"widget\" data-widget_type=\"text-editor.default\">\n\t\t\t\t\t\t\t\t\t<p><em>Et si le prochain restaurant d\u2019entreprise Pellegrini ouvrait \u00e0 c\u00f4t\u00e9 de votre lieu de travail? Contactez-nous d\u00e8s maintenant afin d\u2019en discuter. <\/em><\/p>\t\t\t\t\t\t\t\t<\/div>\n\t\t\t\t<div class=\"elementor-element elementor-element-e347af5 elementor-align-left elementor-widget elementor-widget-button\" data-id=\"e347af5\" data-element_type=\"widget\" data-e-type=\"widget\" data-widget_type=\"button.default\">\n\t\t\t\t\t\t\t\t\t\t<a class=\"elementor-button elementor-button-link elementor-size-sm\" href=\"https:\/\/peca.ch\/fr\/contacts\/\">\n\t\t\t\t\t\t<span class=\"elementor-button-content-wrapper\">\n\t\t\t\t\t\t<span class=\"elementor-button-icon\">\n\t\t\t\t<svg aria-hidden=\"true\" class=\"e-font-icon-svg e-fas-user-plus\" viewBox=\"0 0 640 512\" xmlns=\"http:\/\/www.w3.org\/2000\/svg\"><path d=\"M624 208h-64v-64c0-8.8-7.2-16-16-16h-32c-8.8 0-16 7.2-16 16v64h-64c-8.8 0-16 7.2-16 16v32c0 8.8 7.2 16 16 16h64v64c0 8.8 7.2 16 16 16h32c8.8 0 16-7.2 16-16v-64h64c8.8 0 16-7.2 16-16v-32c0-8.8-7.2-16-16-16zm-400 48c70.7 0 128-57.3 128-128S294.7 0 224 0 96 57.3 96 128s57.3 128 128 128zm89.6 32h-16.7c-22.2 10.2-46.9 16-72.9 16s-50.6-5.8-72.9-16h-16.7C60.2 288 0 348.2 0 422.4V464c0 26.5 21.5 48 48 48h352c26.5 0 48-21.5 48-48v-41.6c0-74.2-60.2-134.4-134.4-134.4z\"><\/path><\/svg>\t\t\t<\/span>\n\t\t\t\t\t\t\t\t\t<span class=\"elementor-button-text\">Contacts<\/span>\n\t\t\t\t\t<\/span>\n\t\t\t\t\t<\/a>\n\t\t\t\t\t\t\t\t<\/div>\n\t\t\t\t<\/div>\n\t\t\t\t<\/div>\n\t\t\t\t\t<\/div>\n\t\t\t\t<\/div>\n\t\t<div class=\"elementor-element elementor-element-a5bad71 e-flex e-con-boxed e-con e-parent\" data-id=\"a5bad71\" data-element_type=\"container\" data-e-type=\"container\">\n\t\t\t\t\t<div class=\"e-con-inner\">\n\t\t\t\t<div class=\"elementor-element elementor-element-07571eb elementor-widget elementor-widget-spacer\" data-id=\"07571eb\" data-element_type=\"widget\" data-e-type=\"widget\" data-widget_type=\"spacer.default\">\n\t\t\t\t\t\t\t<div class=\"elementor-spacer\">\n\t\t\t<div class=\"elementor-spacer-inner\"><\/div>\n\t\t<\/div>\n\t\t\t\t\t\t<\/div>\n\t\t\t\t\t<\/div>\n\t\t\t\t<\/div>\n\t\t\t\t<\/div>\n\t\t","protected":false},"excerpt":{"rendered":"<p>SUISSE WORLDWIDE Nous ouvrons et g\u00e9rons des restaurants. Cuisiner et servir sont nos deux passions. En t\u00e9moignent les plus 600 lieux de restauration actifs \u00e0 travers le monde, gr\u00e2ce auxquels nous pouvons nous targuer de poss\u00e9der une exp\u00e9rience consolid\u00e9e et \u00e9prouv\u00e9e. La cl\u00e9 de notre succ\u00e8s r\u00e9side dans le respect de la valorisation du territoire, [&hellip;]<\/p>\n","protected":false},"author":1,"featured_media":0,"parent":962,"menu_order":0,"comment_status":"closed","ping_status":"closed","template":"","meta":{"footnotes":""},"class_list":["post-971","page","type-page","status-publish","hentry"],"_links":{"self":[{"href":"https:\/\/peca.ch\/fr\/wp-json\/wp\/v2\/pages\/971","targetHints":{"allow":["GET"]}}],"collection":[{"href":"https:\/\/peca.ch\/fr\/wp-json\/wp\/v2\/pages"}],"about":[{"href":"https:\/\/peca.ch\/fr\/wp-json\/wp\/v2\/types\/page"}],"author":[{"embeddable":true,"href":"https:\/\/peca.ch\/fr\/wp-json\/wp\/v2\/users\/1"}],"replies":[{"embeddable":true,"href":"https:\/\/peca.ch\/fr\/wp-json\/wp\/v2\/comments?post=971"}],"version-history":[{"count":1,"href":"https:\/\/peca.ch\/fr\/wp-json\/wp\/v2\/pages\/971\/revisions"}],"predecessor-version":[{"id":972,"href":"https:\/\/peca.ch\/fr\/wp-json\/wp\/v2\/pages\/971\/revisions\/972"}],"up":[{"embeddable":true,"href":"https:\/\/peca.ch\/fr\/wp-json\/wp\/v2\/pages\/962"}],"wp:attachment":[{"href":"https:\/\/peca.ch\/fr\/wp-json\/wp\/v2\/media?parent=971"}],"curies":[{"name":"wp","href":"https:\/\/api.w.org\/{rel}","templated":true}]}}