{"id":969,"date":"2025-07-16T09:46:05","date_gmt":"2025-07-16T09:46:05","guid":{"rendered":"https:\/\/peca.wallabi.dev\/quest-ce-quon-fait\/suisse\/personnes\/"},"modified":"2025-07-17T13:50:43","modified_gmt":"2025-07-17T13:50:43","slug":"personnes","status":"publish","type":"page","link":"https:\/\/peca.ch\/fr\/quest-ce-quon-fait\/suisse\/personnes\/","title":{"rendered":"Personnes"},"content":{"rendered":"\t\t<div data-elementor-type=\"wp-page\" data-elementor-id=\"969\" class=\"elementor elementor-969 elementor-293\" data-elementor-post-type=\"page\">\n\t\t\t\t<div class=\"elementor-element elementor-element-82eabb0 e-flex e-con-boxed e-con e-parent\" data-id=\"82eabb0\" data-element_type=\"container\" data-e-type=\"container\">\n\t\t\t\t\t<div class=\"e-con-inner\">\n\t\t\t\t<div class=\"elementor-element elementor-element-2a6324f elementor-widget elementor-widget-image\" data-id=\"2a6324f\" data-element_type=\"widget\" data-e-type=\"widget\" data-widget_type=\"image.default\">\n\t\t\t\t\t\t\t\t\t\t\t\t\t\t\t<img fetchpriority=\"high\" decoding=\"async\" width=\"1130\" height=\"300\" src=\"https:\/\/media.gruppopellegrini.it\/peca\/2025\/07\/mense-1.webp\" class=\"attachment-full size-full wp-image-669\" alt=\"Immagine di una cucina\" srcset=\"https:\/\/media.gruppopellegrini.it\/peca\/2025\/07\/mense-1.webp 1130w, https:\/\/media.gruppopellegrini.it\/peca\/2025\/07\/mense-1-300x80.webp 300w, https:\/\/media.gruppopellegrini.it\/peca\/2025\/07\/mense-1-1024x272.webp 1024w, https:\/\/media.gruppopellegrini.it\/peca\/2025\/07\/mense-1-768x204.webp 768w\" sizes=\"(max-width: 1130px) 100vw, 1130px\" \/>\t\t\t\t\t\t\t\t\t\t\t\t\t\t\t<\/div>\n\t\t\t\t\t<\/div>\n\t\t\t\t<\/div>\n\t\t<div class=\"elementor-element elementor-element-c6cc757 e-flex e-con-boxed e-con e-parent\" data-id=\"c6cc757\" data-element_type=\"container\" data-e-type=\"container\">\n\t\t\t\t\t<div class=\"e-con-inner\">\n\t\t<div class=\"elementor-element elementor-element-6539d0a e-con-full e-flex e-con e-child\" data-id=\"6539d0a\" data-element_type=\"container\" data-e-type=\"container\">\n\t\t\t\t<div class=\"elementor-element elementor-element-e855d96 elementor-widget elementor-widget-text-editor\" data-id=\"e855d96\" data-element_type=\"widget\" data-e-type=\"widget\" data-widget_type=\"text-editor.default\">\n\t\t\t\t\t\t\t\t\t<p>SUISSE<\/p>\t\t\t\t\t\t\t\t<\/div>\n\t\t\t\t<div class=\"elementor-element elementor-element-bce9683 elementor-nav-menu--dropdown-none elementor-widget elementor-widget-nav-menu\" data-id=\"bce9683\" data-element_type=\"widget\" data-e-type=\"widget\" data-settings=\"{&quot;layout&quot;:&quot;vertical&quot;,&quot;submenu_icon&quot;:{&quot;value&quot;:&quot;&lt;svg aria-hidden=\\&quot;true\\&quot; class=\\&quot;e-font-icon-svg e-fas-caret-down\\&quot; viewBox=\\&quot;0 0 320 512\\&quot; xmlns=\\&quot;http:\\\/\\\/www.w3.org\\\/2000\\\/svg\\&quot;&gt;&lt;path d=\\&quot;M31.3 192h257.3c17.8 0 26.7 21.5 14.1 34.1L174.1 354.8c-7.8 7.8-20.5 7.8-28.3 0L17.2 226.1C4.6 213.5 13.5 192 31.3 192z\\&quot;&gt;&lt;\\\/path&gt;&lt;\\\/svg&gt;&quot;,&quot;library&quot;:&quot;fa-solid&quot;}}\" data-widget_type=\"nav-menu.default\">\n\t\t\t\t\t\t\t\t<nav aria-label=\"Menu\" class=\"elementor-nav-menu--main elementor-nav-menu__container elementor-nav-menu--layout-vertical e--pointer-double-line e--animation-fade\">\n\t\t\t\t<ul id=\"menu-1-bce9683\" class=\"elementor-nav-menu sm-vertical\"><li class=\"menu-item menu-item-type-post_type menu-item-object-page menu-item-307\"><a href=\"https:\/\/peca.ch\/cosa-facciamo\/svizzera\/mense\/\" class=\"elementor-item\">Personnes<\/a><\/li>\n<li class=\"menu-item menu-item-type-post_type menu-item-object-page menu-item-306\"><a href=\"https:\/\/peca.ch\/cosa-facciamo\/svizzera\/delivery\/\" class=\"elementor-item\">Delivery<\/a><\/li>\n<li class=\"menu-item menu-item-type-post_type menu-item-object-page menu-item-305\"><a href=\"https:\/\/peca.ch\/cosa-facciamo\/svizzera\/eventi\/\" class=\"elementor-item\">\u00c9v\u00e9nements<\/a><\/li>\n<li class=\"menu-item menu-item-type-post_type menu-item-object-page menu-item-304\"><a href=\"https:\/\/peca.ch\/cosa-facciamo\/svizzera\/ristoranti\/\" class=\"elementor-item\">Restaurants<\/a><\/li>\n<li class=\"menu-item menu-item-type-post_type menu-item-object-page menu-item-303\"><a href=\"https:\/\/peca.ch\/cosa-facciamo\/svizzera\/altro\/\" class=\"elementor-item\">Autre<\/a><\/li>\n<\/ul>\t\t\t<\/nav>\n\t\t\t\t\t\t<nav class=\"elementor-nav-menu--dropdown elementor-nav-menu__container\" aria-hidden=\"true\">\n\t\t\t\t<ul id=\"menu-2-bce9683\" class=\"elementor-nav-menu sm-vertical\"><li class=\"menu-item menu-item-type-post_type menu-item-object-page menu-item-307\"><a href=\"https:\/\/peca.ch\/cosa-facciamo\/svizzera\/mense\/\" class=\"elementor-item\" tabindex=\"-1\">Personnes<\/a><\/li>\n<li class=\"menu-item menu-item-type-post_type menu-item-object-page menu-item-306\"><a href=\"https:\/\/peca.ch\/cosa-facciamo\/svizzera\/delivery\/\" class=\"elementor-item\" tabindex=\"-1\">Delivery<\/a><\/li>\n<li class=\"menu-item menu-item-type-post_type menu-item-object-page menu-item-305\"><a href=\"https:\/\/peca.ch\/cosa-facciamo\/svizzera\/eventi\/\" class=\"elementor-item\" tabindex=\"-1\">\u00c9v\u00e9nements<\/a><\/li>\n<li class=\"menu-item menu-item-type-post_type menu-item-object-page menu-item-304\"><a href=\"https:\/\/peca.ch\/cosa-facciamo\/svizzera\/ristoranti\/\" class=\"elementor-item\" tabindex=\"-1\">Restaurants<\/a><\/li>\n<li class=\"menu-item menu-item-type-post_type menu-item-object-page menu-item-303\"><a href=\"https:\/\/peca.ch\/cosa-facciamo\/svizzera\/altro\/\" class=\"elementor-item\" tabindex=\"-1\">Autre<\/a><\/li>\n<\/ul>\t\t\t<\/nav>\n\t\t\t\t\t\t<\/div>\n\t\t\t\t<div class=\"elementor-element elementor-element-59a0c2b elementor-widget elementor-widget-text-editor\" data-id=\"59a0c2b\" data-element_type=\"widget\" data-e-type=\"widget\" data-widget_type=\"text-editor.default\">\n\t\t\t\t\t\t\t\t\t<p>WORLDWIDE<\/p>\t\t\t\t\t\t\t\t<\/div>\n\t\t\t\t<div class=\"elementor-element elementor-element-bb1bdb1 elementor-nav-menu--dropdown-none elementor-widget elementor-widget-nav-menu\" data-id=\"bb1bdb1\" data-element_type=\"widget\" data-e-type=\"widget\" data-settings=\"{&quot;layout&quot;:&quot;vertical&quot;,&quot;submenu_icon&quot;:{&quot;value&quot;:&quot;&lt;svg aria-hidden=\\&quot;true\\&quot; class=\\&quot;e-font-icon-svg e-fas-caret-down\\&quot; viewBox=\\&quot;0 0 320 512\\&quot; xmlns=\\&quot;http:\\\/\\\/www.w3.org\\\/2000\\\/svg\\&quot;&gt;&lt;path d=\\&quot;M31.3 192h257.3c17.8 0 26.7 21.5 14.1 34.1L174.1 354.8c-7.8 7.8-20.5 7.8-28.3 0L17.2 226.1C4.6 213.5 13.5 192 31.3 192z\\&quot;&gt;&lt;\\\/path&gt;&lt;\\\/svg&gt;&quot;,&quot;library&quot;:&quot;fa-solid&quot;}}\" data-widget_type=\"nav-menu.default\">\n\t\t\t\t\t\t\t\t<nav aria-label=\"Menu\" class=\"elementor-nav-menu--main elementor-nav-menu__container elementor-nav-menu--layout-vertical e--pointer-double-line e--animation-fade\">\n\t\t\t\t<ul id=\"menu-1-bb1bdb1\" class=\"elementor-nav-menu sm-vertical\"><li class=\"menu-item menu-item-type-post_type menu-item-object-page menu-item-327\"><a href=\"https:\/\/peca.ch\/cosa-facciamo\/worldwide\/catering\/\" class=\"elementor-item\">Catering<\/a><\/li>\n<li class=\"menu-item menu-item-type-post_type menu-item-object-page menu-item-328\"><a href=\"https:\/\/peca.ch\/cosa-facciamo\/worldwide\/housekeeping\/\" class=\"elementor-item\">Menage<\/a><\/li>\n<li class=\"menu-item menu-item-type-post_type menu-item-object-page menu-item-329\"><a href=\"https:\/\/peca.ch\/cosa-facciamo\/worldwide\/cleaning\/\" class=\"elementor-item\">Nettoyage<\/a><\/li>\n<li class=\"menu-item menu-item-type-post_type menu-item-object-page menu-item-330\"><a href=\"https:\/\/peca.ch\/cosa-facciamo\/worldwide\/laundry\/\" class=\"elementor-item\">Blanchisserie<\/a><\/li>\n<li class=\"menu-item menu-item-type-post_type menu-item-object-page menu-item-331\"><a href=\"https:\/\/peca.ch\/cosa-facciamo\/worldwide\/minimarket\/\" class=\"elementor-item\">\u00c9picerie<\/a><\/li>\n<\/ul>\t\t\t<\/nav>\n\t\t\t\t\t\t<nav class=\"elementor-nav-menu--dropdown elementor-nav-menu__container\" aria-hidden=\"true\">\n\t\t\t\t<ul id=\"menu-2-bb1bdb1\" class=\"elementor-nav-menu sm-vertical\"><li class=\"menu-item menu-item-type-post_type menu-item-object-page menu-item-327\"><a href=\"https:\/\/peca.ch\/cosa-facciamo\/worldwide\/catering\/\" class=\"elementor-item\" tabindex=\"-1\">Catering<\/a><\/li>\n<li class=\"menu-item menu-item-type-post_type menu-item-object-page menu-item-328\"><a href=\"https:\/\/peca.ch\/cosa-facciamo\/worldwide\/housekeeping\/\" class=\"elementor-item\" tabindex=\"-1\">Menage<\/a><\/li>\n<li class=\"menu-item menu-item-type-post_type menu-item-object-page menu-item-329\"><a href=\"https:\/\/peca.ch\/cosa-facciamo\/worldwide\/cleaning\/\" class=\"elementor-item\" tabindex=\"-1\">Nettoyage<\/a><\/li>\n<li class=\"menu-item menu-item-type-post_type menu-item-object-page menu-item-330\"><a href=\"https:\/\/peca.ch\/cosa-facciamo\/worldwide\/laundry\/\" class=\"elementor-item\" tabindex=\"-1\">Blanchisserie<\/a><\/li>\n<li class=\"menu-item menu-item-type-post_type menu-item-object-page menu-item-331\"><a href=\"https:\/\/peca.ch\/cosa-facciamo\/worldwide\/minimarket\/\" class=\"elementor-item\" tabindex=\"-1\">\u00c9picerie<\/a><\/li>\n<\/ul>\t\t\t<\/nav>\n\t\t\t\t\t\t<\/div>\n\t\t\t\t<\/div>\n\t\t<div class=\"elementor-element elementor-element-6951536 e-con-full e-flex e-con e-child\" data-id=\"6951536\" data-element_type=\"container\" data-e-type=\"container\">\n\t\t\t\t<div class=\"elementor-element elementor-element-982fc69 elementor-widget elementor-widget-text-editor\" data-id=\"982fc69\" data-element_type=\"widget\" data-e-type=\"widget\" data-widget_type=\"text-editor.default\">\n\t\t\t\t\t\t\t\t\t<p><em><strong><span style=\"color: #ff2b00;\">Cantines : les entreprises, h\u00f4pitaux, \u00e9coles, sites mobiles, etc. sont notre sp\u00e9cialit\u00e9.<\/span><\/strong><\/em><\/p><p>Nous poss\u00e9dons plus de 40 ann\u00e9es d\u2019exp\u00e9rience dans la gestion de la restauration collective dans tous les environnements logistiques.<\/p><p>Nous confectionnons et servons nous-m\u00eames les repas. Notre nutritionniste, en collaboration \u00e9troite avec le Chef, \u00e9labore et propose chaque jour des repas \u00e9quilibr\u00e9s en termes d\u2019apports nutritionnels et sp\u00e9cialement pens\u00e9s pour les gens qui travaillent et qui ont besoin d\u2019\u00e9nergie et de concentration. <\/p><p>Nous pouvons \u00e9galement concevoir et r\u00e9aliser nous-m\u00eames la structure de la cantine, car nous disposons de toutes les ressources n\u00e9cessaires en interne.<\/p><p>Faites le choix d\u2019un partenaire de confiance et structur\u00e9 pour votre cantine en Suisse. Au Tessin, plusieurs clients ont d\u00e9j\u00e0 choisi Pelligrini. <\/p>\t\t\t\t\t\t\t\t<\/div>\n\t\t\t\t<div class=\"elementor-element elementor-element-b1d347f elementor-widget elementor-widget-gallery\" data-id=\"b1d347f\" data-element_type=\"widget\" data-e-type=\"widget\" data-settings=\"{&quot;lazyload&quot;:&quot;yes&quot;,&quot;gallery_layout&quot;:&quot;grid&quot;,&quot;columns&quot;:4,&quot;columns_tablet&quot;:2,&quot;columns_mobile&quot;:1,&quot;gap&quot;:{&quot;unit&quot;:&quot;px&quot;,&quot;size&quot;:10,&quot;sizes&quot;:[]},&quot;gap_tablet&quot;:{&quot;unit&quot;:&quot;px&quot;,&quot;size&quot;:10,&quot;sizes&quot;:[]},&quot;gap_mobile&quot;:{&quot;unit&quot;:&quot;px&quot;,&quot;size&quot;:10,&quot;sizes&quot;:[]},&quot;link_to&quot;:&quot;file&quot;,&quot;aspect_ratio&quot;:&quot;3:2&quot;,&quot;overlay_background&quot;:&quot;yes&quot;,&quot;content_hover_animation&quot;:&quot;fade-in&quot;}\" data-widget_type=\"gallery.default\">\n\t\t\t\t\t\t\t<div class=\"elementor-gallery__container\">\n\t\t\t\t\t\t\t<a class=\"e-gallery-item elementor-gallery-item elementor-animated-content\" href=\"https:\/\/media.gruppopellegrini.it\/peca\/2025\/07\/peca-buffet-insalate.jpg\" data-elementor-open-lightbox=\"yes\" data-elementor-lightbox-slideshow=\"b1d347f\" data-elementor-lightbox-title=\"peca-buffet-insalate\" data-e-action-hash=\"#elementor-action%3Aaction%3Dlightbox%26settings%3DeyJpZCI6MzMzLCJ1cmwiOiJodHRwczpcL1wvbWVkaWEuZ3J1cHBvcGVsbGVncmluaS5pdFwvcGVjYVwvMjAyNVwvMDdcL3BlY2EtYnVmZmV0LWluc2FsYXRlLmpwZyIsInNsaWRlc2hvdyI6ImIxZDM0N2YifQ%3D%3D\">\n\t\t\t\t\t<div class=\"e-gallery-image elementor-gallery-item__image\" data-thumbnail=\"https:\/\/media.gruppopellegrini.it\/peca\/2025\/07\/peca-buffet-insalate-300x198.jpg\" data-width=\"300\" data-height=\"198\" aria-label=\"Immagine del cibo\" role=\"img\" ><\/div>\n\t\t\t\t\t\t\t\t\t\t\t<div class=\"elementor-gallery-item__overlay\"><\/div>\n\t\t\t\t\t\t\t\t\t\t\t\t\t\t<\/a>\n\t\t\t\t\t\t\t<a class=\"e-gallery-item elementor-gallery-item elementor-animated-content\" href=\"https:\/\/media.gruppopellegrini.it\/peca\/2025\/07\/peca-zuppa.jpg\" data-elementor-open-lightbox=\"yes\" data-elementor-lightbox-slideshow=\"b1d347f\" data-elementor-lightbox-title=\"peca-zuppa\" data-e-action-hash=\"#elementor-action%3Aaction%3Dlightbox%26settings%3DeyJpZCI6MzM0LCJ1cmwiOiJodHRwczpcL1wvbWVkaWEuZ3J1cHBvcGVsbGVncmluaS5pdFwvcGVjYVwvMjAyNVwvMDdcL3BlY2EtenVwcGEuanBnIiwic2xpZGVzaG93IjoiYjFkMzQ3ZiJ9\">\n\t\t\t\t\t<div class=\"e-gallery-image elementor-gallery-item__image\" data-thumbnail=\"https:\/\/media.gruppopellegrini.it\/peca\/2025\/07\/peca-zuppa-300x198.jpg\" data-width=\"300\" data-height=\"198\" aria-label=\"Immagine del cibo\" role=\"img\" ><\/div>\n\t\t\t\t\t\t\t\t\t\t\t<div class=\"elementor-gallery-item__overlay\"><\/div>\n\t\t\t\t\t\t\t\t\t\t\t\t\t\t<\/a>\n\t\t\t\t\t\t\t<a class=\"e-gallery-item elementor-gallery-item elementor-animated-content\" href=\"https:\/\/media.gruppopellegrini.it\/peca\/2025\/07\/Peca-Dessert_frutta-705x470-1.jpg\" data-elementor-open-lightbox=\"yes\" data-elementor-lightbox-slideshow=\"b1d347f\" data-elementor-lightbox-title=\"Peca-Dessert_frutta-705x470\" data-e-action-hash=\"#elementor-action%3Aaction%3Dlightbox%26settings%3DeyJpZCI6MzM1LCJ1cmwiOiJodHRwczpcL1wvbWVkaWEuZ3J1cHBvcGVsbGVncmluaS5pdFwvcGVjYVwvMjAyNVwvMDdcL1BlY2EtRGVzc2VydF9mcnV0dGEtNzA1eDQ3MC0xLmpwZyIsInNsaWRlc2hvdyI6ImIxZDM0N2YifQ%3D%3D\">\n\t\t\t\t\t<div class=\"e-gallery-image elementor-gallery-item__image\" data-thumbnail=\"https:\/\/media.gruppopellegrini.it\/peca\/2025\/07\/Peca-Dessert_frutta-705x470-1-300x200.jpg\" data-width=\"300\" data-height=\"200\" aria-label=\"Immagine del cibo\" role=\"img\" ><\/div>\n\t\t\t\t\t\t\t\t\t\t\t<div class=\"elementor-gallery-item__overlay\"><\/div>\n\t\t\t\t\t\t\t\t\t\t\t\t\t\t<\/a>\n\t\t\t\t\t\t\t<a class=\"e-gallery-item elementor-gallery-item elementor-animated-content\" href=\"https:\/\/media.gruppopellegrini.it\/peca\/2025\/07\/Peca_lunch-499x705-1.jpg\" data-elementor-open-lightbox=\"yes\" data-elementor-lightbox-slideshow=\"b1d347f\" data-elementor-lightbox-title=\"Peca_lunch-499x705\" data-e-action-hash=\"#elementor-action%3Aaction%3Dlightbox%26settings%3DeyJpZCI6MzM2LCJ1cmwiOiJodHRwczpcL1wvbWVkaWEuZ3J1cHBvcGVsbGVncmluaS5pdFwvcGVjYVwvMjAyNVwvMDdcL1BlY2FfbHVuY2gtNDk5eDcwNS0xLmpwZyIsInNsaWRlc2hvdyI6ImIxZDM0N2YifQ%3D%3D\">\n\t\t\t\t\t<div class=\"e-gallery-image elementor-gallery-item__image\" data-thumbnail=\"https:\/\/media.gruppopellegrini.it\/peca\/2025\/07\/Peca_lunch-499x705-1-212x300.jpg\" data-width=\"212\" data-height=\"300\" aria-label=\"Immagine del cibo\" role=\"img\" ><\/div>\n\t\t\t\t\t\t\t\t\t\t\t<div class=\"elementor-gallery-item__overlay\"><\/div>\n\t\t\t\t\t\t\t\t\t\t\t\t\t\t<\/a>\n\t\t\t\t\t<\/div>\n\t\t\t\t\t<\/div>\n\t\t<div class=\"elementor-element elementor-element-6b3aaa2 e-con-full e-flex e-con e-child\" data-id=\"6b3aaa2\" data-element_type=\"container\" data-e-type=\"container\" data-settings=\"{&quot;background_background&quot;:&quot;classic&quot;}\">\n\t\t\t\t<div class=\"elementor-element elementor-element-e0a2f06 elementor-widget elementor-widget-text-editor\" data-id=\"e0a2f06\" data-element_type=\"widget\" data-e-type=\"widget\" data-widget_type=\"text-editor.default\">\n\t\t\t\t\t\t\t\t\t<p><em>Nous comptons d\u00e9j\u00e0 plusieurs sites actifs en Suisse. Nous vous proposons d\u2019en discuter : nous sommes \u00e0 l\u2019\u00e9coute de vos besoins afin de vous fournir une prestation qui r\u00e9pondra aux attentes. Nos \u00e9quipes de Mendrisio et Lugano sont \u00e0 votre \u00e9coute.<\/em><\/p>\t\t\t\t\t\t\t\t<\/div>\n\t\t\t\t<div class=\"elementor-element elementor-element-5aa170c elementor-align-left elementor-widget elementor-widget-button\" data-id=\"5aa170c\" data-element_type=\"widget\" data-e-type=\"widget\" data-widget_type=\"button.default\">\n\t\t\t\t\t\t\t\t\t\t<a class=\"elementor-button elementor-button-link elementor-size-sm\" href=\"https:\/\/peca.ch\/fr\/contacts\/\">\n\t\t\t\t\t\t<span class=\"elementor-button-content-wrapper\">\n\t\t\t\t\t\t<span class=\"elementor-button-icon\">\n\t\t\t\t<svg aria-hidden=\"true\" class=\"e-font-icon-svg e-fas-user-plus\" viewBox=\"0 0 640 512\" xmlns=\"http:\/\/www.w3.org\/2000\/svg\"><path d=\"M624 208h-64v-64c0-8.8-7.2-16-16-16h-32c-8.8 0-16 7.2-16 16v64h-64c-8.8 0-16 7.2-16 16v32c0 8.8 7.2 16 16 16h64v64c0 8.8 7.2 16 16 16h32c8.8 0 16-7.2 16-16v-64h64c8.8 0 16-7.2 16-16v-32c0-8.8-7.2-16-16-16zm-400 48c70.7 0 128-57.3 128-128S294.7 0 224 0 96 57.3 96 128s57.3 128 128 128zm89.6 32h-16.7c-22.2 10.2-46.9 16-72.9 16s-50.6-5.8-72.9-16h-16.7C60.2 288 0 348.2 0 422.4V464c0 26.5 21.5 48 48 48h352c26.5 0 48-21.5 48-48v-41.6c0-74.2-60.2-134.4-134.4-134.4z\"><\/path><\/svg>\t\t\t<\/span>\n\t\t\t\t\t\t\t\t\t<span class=\"elementor-button-text\">Contacts<\/span>\n\t\t\t\t\t<\/span>\n\t\t\t\t\t<\/a>\n\t\t\t\t\t\t\t\t<\/div>\n\t\t\t\t<\/div>\n\t\t\t\t<\/div>\n\t\t\t\t\t<\/div>\n\t\t\t\t<\/div>\n\t\t<div class=\"elementor-element elementor-element-daae640 e-flex e-con-boxed e-con e-parent\" data-id=\"daae640\" data-element_type=\"container\" data-e-type=\"container\">\n\t\t\t\t\t<div class=\"e-con-inner\">\n\t\t\t\t<div class=\"elementor-element elementor-element-a1db0f0 elementor-widget elementor-widget-spacer\" data-id=\"a1db0f0\" data-element_type=\"widget\" data-e-type=\"widget\" data-widget_type=\"spacer.default\">\n\t\t\t\t\t\t\t<div class=\"elementor-spacer\">\n\t\t\t<div class=\"elementor-spacer-inner\"><\/div>\n\t\t<\/div>\n\t\t\t\t\t\t<\/div>\n\t\t\t\t\t<\/div>\n\t\t\t\t<\/div>\n\t\t\t\t<\/div>\n\t\t","protected":false},"excerpt":{"rendered":"<p>SUISSE WORLDWIDE Cantines : les entreprises, h\u00f4pitaux, \u00e9coles, sites mobiles, etc. sont notre sp\u00e9cialit\u00e9. Nous poss\u00e9dons plus de 40 ann\u00e9es d\u2019exp\u00e9rience dans la gestion de la restauration collective dans tous les environnements logistiques. Nous confectionnons et servons nous-m\u00eames les repas. Notre nutritionniste, en collaboration \u00e9troite avec le Chef, \u00e9labore et propose chaque jour des repas [&hellip;]<\/p>\n","protected":false},"author":1,"featured_media":0,"parent":962,"menu_order":0,"comment_status":"closed","ping_status":"closed","template":"","meta":{"footnotes":""},"class_list":["post-969","page","type-page","status-publish","hentry"],"_links":{"self":[{"href":"https:\/\/peca.ch\/fr\/wp-json\/wp\/v2\/pages\/969","targetHints":{"allow":["GET"]}}],"collection":[{"href":"https:\/\/peca.ch\/fr\/wp-json\/wp\/v2\/pages"}],"about":[{"href":"https:\/\/peca.ch\/fr\/wp-json\/wp\/v2\/types\/page"}],"author":[{"embeddable":true,"href":"https:\/\/peca.ch\/fr\/wp-json\/wp\/v2\/users\/1"}],"replies":[{"embeddable":true,"href":"https:\/\/peca.ch\/fr\/wp-json\/wp\/v2\/comments?post=969"}],"version-history":[{"count":1,"href":"https:\/\/peca.ch\/fr\/wp-json\/wp\/v2\/pages\/969\/revisions"}],"predecessor-version":[{"id":970,"href":"https:\/\/peca.ch\/fr\/wp-json\/wp\/v2\/pages\/969\/revisions\/970"}],"up":[{"embeddable":true,"href":"https:\/\/peca.ch\/fr\/wp-json\/wp\/v2\/pages\/962"}],"wp:attachment":[{"href":"https:\/\/peca.ch\/fr\/wp-json\/wp\/v2\/media?parent=969"}],"curies":[{"name":"wp","href":"https:\/\/api.w.org\/{rel}","templated":true}]}}