{"id":967,"date":"2025-07-16T09:47:03","date_gmt":"2025-07-16T09:47:03","guid":{"rendered":"https:\/\/peca.wallabi.dev\/quest-ce-quon-fait\/suisse\/evenements\/"},"modified":"2025-07-18T13:08:02","modified_gmt":"2025-07-18T13:08:02","slug":"evenements","status":"publish","type":"page","link":"https:\/\/peca.ch\/fr\/quest-ce-quon-fait\/suisse\/evenements\/","title":{"rendered":"\u00c9v\u00e9nements"},"content":{"rendered":"\t\t<div data-elementor-type=\"wp-page\" data-elementor-id=\"967\" class=\"elementor elementor-967 elementor-297\" data-elementor-post-type=\"page\">\n\t\t\t\t<div class=\"elementor-element elementor-element-38dd304 e-flex e-con-boxed e-con e-parent\" data-id=\"38dd304\" data-element_type=\"container\" data-e-type=\"container\">\n\t\t\t\t\t<div class=\"e-con-inner\">\n\t\t\t\t<div class=\"elementor-element elementor-element-5935d15 elementor-widget elementor-widget-image\" data-id=\"5935d15\" data-element_type=\"widget\" data-e-type=\"widget\" data-widget_type=\"image.default\">\n\t\t\t\t\t\t\t\t\t\t\t\t\t\t\t<img fetchpriority=\"high\" decoding=\"async\" width=\"1130\" height=\"300\" src=\"https:\/\/media.gruppopellegrini.it\/peca\/2025\/07\/Eventi.webp\" class=\"attachment-full size-full wp-image-717\" alt=\"cibo\" srcset=\"https:\/\/media.gruppopellegrini.it\/peca\/2025\/07\/Eventi.webp 1130w, https:\/\/media.gruppopellegrini.it\/peca\/2025\/07\/Eventi-300x80.webp 300w, https:\/\/media.gruppopellegrini.it\/peca\/2025\/07\/Eventi-1024x272.webp 1024w, https:\/\/media.gruppopellegrini.it\/peca\/2025\/07\/Eventi-768x204.webp 768w\" sizes=\"(max-width: 1130px) 100vw, 1130px\" \/>\t\t\t\t\t\t\t\t\t\t\t\t\t\t\t<\/div>\n\t\t\t\t\t<\/div>\n\t\t\t\t<\/div>\n\t\t<div class=\"elementor-element elementor-element-249b690 e-flex e-con-boxed e-con e-parent\" data-id=\"249b690\" data-element_type=\"container\" data-e-type=\"container\">\n\t\t\t\t\t<div class=\"e-con-inner\">\n\t\t<div class=\"elementor-element elementor-element-81bf477 e-con-full e-flex e-con e-child\" data-id=\"81bf477\" data-element_type=\"container\" data-e-type=\"container\">\n\t\t\t\t<div class=\"elementor-element elementor-element-992ec07 elementor-widget elementor-widget-text-editor\" data-id=\"992ec07\" data-element_type=\"widget\" data-e-type=\"widget\" data-widget_type=\"text-editor.default\">\n\t\t\t\t\t\t\t\t\t<p>SUISSE<\/p>\t\t\t\t\t\t\t\t<\/div>\n\t\t\t\t<div class=\"elementor-element elementor-element-a386317 elementor-nav-menu--dropdown-none elementor-widget elementor-widget-nav-menu\" data-id=\"a386317\" data-element_type=\"widget\" data-e-type=\"widget\" data-settings=\"{&quot;layout&quot;:&quot;vertical&quot;,&quot;submenu_icon&quot;:{&quot;value&quot;:&quot;&lt;svg aria-hidden=\\&quot;true\\&quot; class=\\&quot;e-font-icon-svg e-fas-caret-down\\&quot; viewBox=\\&quot;0 0 320 512\\&quot; xmlns=\\&quot;http:\\\/\\\/www.w3.org\\\/2000\\\/svg\\&quot;&gt;&lt;path d=\\&quot;M31.3 192h257.3c17.8 0 26.7 21.5 14.1 34.1L174.1 354.8c-7.8 7.8-20.5 7.8-28.3 0L17.2 226.1C4.6 213.5 13.5 192 31.3 192z\\&quot;&gt;&lt;\\\/path&gt;&lt;\\\/svg&gt;&quot;,&quot;library&quot;:&quot;fa-solid&quot;}}\" data-widget_type=\"nav-menu.default\">\n\t\t\t\t\t\t\t\t<nav aria-label=\"Menu\" class=\"elementor-nav-menu--main elementor-nav-menu__container elementor-nav-menu--layout-vertical e--pointer-double-line e--animation-fade\">\n\t\t\t\t<ul id=\"menu-1-a386317\" class=\"elementor-nav-menu sm-vertical\"><li class=\"menu-item menu-item-type-post_type menu-item-object-page menu-item-307\"><a href=\"https:\/\/peca.ch\/cosa-facciamo\/svizzera\/mense\/\" class=\"elementor-item\">Personnes<\/a><\/li>\n<li class=\"menu-item menu-item-type-post_type menu-item-object-page menu-item-306\"><a href=\"https:\/\/peca.ch\/cosa-facciamo\/svizzera\/delivery\/\" class=\"elementor-item\">Delivery<\/a><\/li>\n<li class=\"menu-item menu-item-type-post_type menu-item-object-page menu-item-305\"><a href=\"https:\/\/peca.ch\/cosa-facciamo\/svizzera\/eventi\/\" class=\"elementor-item\">\u00c9v\u00e9nements<\/a><\/li>\n<li class=\"menu-item menu-item-type-post_type menu-item-object-page menu-item-304\"><a href=\"https:\/\/peca.ch\/cosa-facciamo\/svizzera\/ristoranti\/\" class=\"elementor-item\">Restaurants<\/a><\/li>\n<li class=\"menu-item menu-item-type-post_type menu-item-object-page menu-item-303\"><a href=\"https:\/\/peca.ch\/cosa-facciamo\/svizzera\/altro\/\" class=\"elementor-item\">Autre<\/a><\/li>\n<\/ul>\t\t\t<\/nav>\n\t\t\t\t\t\t<nav class=\"elementor-nav-menu--dropdown elementor-nav-menu__container\" aria-hidden=\"true\">\n\t\t\t\t<ul id=\"menu-2-a386317\" class=\"elementor-nav-menu sm-vertical\"><li class=\"menu-item menu-item-type-post_type menu-item-object-page menu-item-307\"><a href=\"https:\/\/peca.ch\/cosa-facciamo\/svizzera\/mense\/\" class=\"elementor-item\" tabindex=\"-1\">Personnes<\/a><\/li>\n<li class=\"menu-item menu-item-type-post_type menu-item-object-page menu-item-306\"><a href=\"https:\/\/peca.ch\/cosa-facciamo\/svizzera\/delivery\/\" class=\"elementor-item\" tabindex=\"-1\">Delivery<\/a><\/li>\n<li class=\"menu-item menu-item-type-post_type menu-item-object-page menu-item-305\"><a href=\"https:\/\/peca.ch\/cosa-facciamo\/svizzera\/eventi\/\" class=\"elementor-item\" tabindex=\"-1\">\u00c9v\u00e9nements<\/a><\/li>\n<li class=\"menu-item menu-item-type-post_type menu-item-object-page menu-item-304\"><a href=\"https:\/\/peca.ch\/cosa-facciamo\/svizzera\/ristoranti\/\" class=\"elementor-item\" tabindex=\"-1\">Restaurants<\/a><\/li>\n<li class=\"menu-item menu-item-type-post_type menu-item-object-page menu-item-303\"><a href=\"https:\/\/peca.ch\/cosa-facciamo\/svizzera\/altro\/\" class=\"elementor-item\" tabindex=\"-1\">Autre<\/a><\/li>\n<\/ul>\t\t\t<\/nav>\n\t\t\t\t\t\t<\/div>\n\t\t\t\t<div class=\"elementor-element elementor-element-1163305 elementor-widget elementor-widget-text-editor\" data-id=\"1163305\" data-element_type=\"widget\" data-e-type=\"widget\" data-widget_type=\"text-editor.default\">\n\t\t\t\t\t\t\t\t\t<p>WORLDWIDE<\/p>\t\t\t\t\t\t\t\t<\/div>\n\t\t\t\t<div class=\"elementor-element elementor-element-6d9b4db elementor-nav-menu--dropdown-none elementor-widget elementor-widget-nav-menu\" data-id=\"6d9b4db\" data-element_type=\"widget\" data-e-type=\"widget\" data-settings=\"{&quot;layout&quot;:&quot;vertical&quot;,&quot;submenu_icon&quot;:{&quot;value&quot;:&quot;&lt;svg aria-hidden=\\&quot;true\\&quot; class=\\&quot;e-font-icon-svg e-fas-caret-down\\&quot; viewBox=\\&quot;0 0 320 512\\&quot; xmlns=\\&quot;http:\\\/\\\/www.w3.org\\\/2000\\\/svg\\&quot;&gt;&lt;path d=\\&quot;M31.3 192h257.3c17.8 0 26.7 21.5 14.1 34.1L174.1 354.8c-7.8 7.8-20.5 7.8-28.3 0L17.2 226.1C4.6 213.5 13.5 192 31.3 192z\\&quot;&gt;&lt;\\\/path&gt;&lt;\\\/svg&gt;&quot;,&quot;library&quot;:&quot;fa-solid&quot;}}\" data-widget_type=\"nav-menu.default\">\n\t\t\t\t\t\t\t\t<nav aria-label=\"Menu\" class=\"elementor-nav-menu--main elementor-nav-menu__container elementor-nav-menu--layout-vertical e--pointer-double-line e--animation-fade\">\n\t\t\t\t<ul id=\"menu-1-6d9b4db\" class=\"elementor-nav-menu sm-vertical\"><li class=\"menu-item menu-item-type-post_type menu-item-object-page menu-item-327\"><a href=\"https:\/\/peca.ch\/cosa-facciamo\/worldwide\/catering\/\" class=\"elementor-item\">Catering<\/a><\/li>\n<li class=\"menu-item menu-item-type-post_type menu-item-object-page menu-item-328\"><a href=\"https:\/\/peca.ch\/cosa-facciamo\/worldwide\/housekeeping\/\" class=\"elementor-item\">Menage<\/a><\/li>\n<li class=\"menu-item menu-item-type-post_type menu-item-object-page menu-item-329\"><a href=\"https:\/\/peca.ch\/cosa-facciamo\/worldwide\/cleaning\/\" class=\"elementor-item\">Nettoyage<\/a><\/li>\n<li class=\"menu-item menu-item-type-post_type menu-item-object-page menu-item-330\"><a href=\"https:\/\/peca.ch\/cosa-facciamo\/worldwide\/laundry\/\" class=\"elementor-item\">Blanchisserie<\/a><\/li>\n<li class=\"menu-item menu-item-type-post_type menu-item-object-page menu-item-331\"><a href=\"https:\/\/peca.ch\/cosa-facciamo\/worldwide\/minimarket\/\" class=\"elementor-item\">\u00c9picerie<\/a><\/li>\n<\/ul>\t\t\t<\/nav>\n\t\t\t\t\t\t<nav class=\"elementor-nav-menu--dropdown elementor-nav-menu__container\" aria-hidden=\"true\">\n\t\t\t\t<ul id=\"menu-2-6d9b4db\" class=\"elementor-nav-menu sm-vertical\"><li class=\"menu-item menu-item-type-post_type menu-item-object-page menu-item-327\"><a href=\"https:\/\/peca.ch\/cosa-facciamo\/worldwide\/catering\/\" class=\"elementor-item\" tabindex=\"-1\">Catering<\/a><\/li>\n<li class=\"menu-item menu-item-type-post_type menu-item-object-page menu-item-328\"><a href=\"https:\/\/peca.ch\/cosa-facciamo\/worldwide\/housekeeping\/\" class=\"elementor-item\" tabindex=\"-1\">Menage<\/a><\/li>\n<li class=\"menu-item menu-item-type-post_type menu-item-object-page menu-item-329\"><a href=\"https:\/\/peca.ch\/cosa-facciamo\/worldwide\/cleaning\/\" class=\"elementor-item\" tabindex=\"-1\">Nettoyage<\/a><\/li>\n<li class=\"menu-item menu-item-type-post_type menu-item-object-page menu-item-330\"><a href=\"https:\/\/peca.ch\/cosa-facciamo\/worldwide\/laundry\/\" class=\"elementor-item\" tabindex=\"-1\">Blanchisserie<\/a><\/li>\n<li class=\"menu-item menu-item-type-post_type menu-item-object-page menu-item-331\"><a href=\"https:\/\/peca.ch\/cosa-facciamo\/worldwide\/minimarket\/\" class=\"elementor-item\" tabindex=\"-1\">\u00c9picerie<\/a><\/li>\n<\/ul>\t\t\t<\/nav>\n\t\t\t\t\t\t<\/div>\n\t\t\t\t<\/div>\n\t\t<div class=\"elementor-element elementor-element-43d4007 e-con-full e-flex e-con e-child\" data-id=\"43d4007\" data-element_type=\"container\" data-e-type=\"container\">\n\t\t\t\t<div class=\"elementor-element elementor-element-a12c711 elementor-widget elementor-widget-text-editor\" data-id=\"a12c711\" data-element_type=\"widget\" data-e-type=\"widget\" data-widget_type=\"text-editor.default\">\n\t\t\t\t\t\t\t\t\t<p><em><strong><span style=\"color: #ff2b00;\">Votre traiteur id\u00e9al.<\/span><\/strong><\/em><\/p><p>Nous proposons une gamme traiteur gourmet sp\u00e9cialement con\u00e7ue pour tous les types d\u2019\u00e9v\u00e9nements d\u2019entreprise:<\/p><ul><li>D\u00eeners de gala<\/li><li>Workshop<\/li><li>Pause caf\u00e9<\/li><li>D\u00e9jeuner d\u2019affaires<\/li><li>Banquets<\/li><li>Ap\u00e9ritifs<\/li><li>Cocktails dinatoires<\/li><li>Et bien d\u2019autres\u2026<\/li><\/ul><p><br \/>Pour tout type de demande, notre personnel vous proposera la solution qui r\u00e9pondra le mieux \u00e0 vos exigences.<\/p><p>Nous proposons des menus de saison compos\u00e9s d\u2019ingr\u00e9dients locaux, mais aussi m\u00e9diterran\u00e9ens, exotiques, des buffets et des services de traiteur adapt\u00e9s \u00e0 chaque occasion. Nous proposons \u00e9galement un service de location de meubles et de d\u00e9cors.<\/p><p>Notre personnel de salle est hautement qualifi\u00e9 et toujours soucieux de satisfaire les exigences des clients, l\u2019Executive Chef r\u00e9alise des plats \u00e0 partir d\u2019ingr\u00e9dients de premi\u00e8re qualit\u00e9, en pr\u00eatant une attention particuli\u00e8re \u00e0 l\u2019esth\u00e9tique des plats.<\/p><p>Pelligrini garantit la qualit\u00e9 et la fiabilit\u00e9, en r\u00e9alisant des prestations de catering avec toujours la m\u00eame passion.<\/p><p>Nos sites \u00e0 Lugano et Mendrisio sont d\u00e9j\u00e0 pr\u00eats \u00e0 r\u00e9aliser la prochaine prestation de catering.<\/p>\t\t\t\t\t\t\t\t<\/div>\n\t\t\t\t<div class=\"elementor-element elementor-element-7f632b3 elementor-widget elementor-widget-gallery\" data-id=\"7f632b3\" data-element_type=\"widget\" data-e-type=\"widget\" data-settings=\"{&quot;lazyload&quot;:&quot;yes&quot;,&quot;gallery_layout&quot;:&quot;grid&quot;,&quot;columns&quot;:4,&quot;columns_tablet&quot;:2,&quot;columns_mobile&quot;:1,&quot;gap&quot;:{&quot;unit&quot;:&quot;px&quot;,&quot;size&quot;:10,&quot;sizes&quot;:[]},&quot;gap_tablet&quot;:{&quot;unit&quot;:&quot;px&quot;,&quot;size&quot;:10,&quot;sizes&quot;:[]},&quot;gap_mobile&quot;:{&quot;unit&quot;:&quot;px&quot;,&quot;size&quot;:10,&quot;sizes&quot;:[]},&quot;link_to&quot;:&quot;file&quot;,&quot;aspect_ratio&quot;:&quot;3:2&quot;,&quot;overlay_background&quot;:&quot;yes&quot;,&quot;content_hover_animation&quot;:&quot;fade-in&quot;}\" data-widget_type=\"gallery.default\">\n\t\t\t\t\t\t\t<div class=\"elementor-gallery__container\">\n\t\t\t\t\t\t\t<a class=\"e-gallery-item elementor-gallery-item elementor-animated-content\" href=\"https:\/\/media.gruppopellegrini.it\/peca\/2025\/07\/web-Pellegrini-Switzerland-food-2023-018-705x470-1.jpg\" data-elementor-open-lightbox=\"yes\" data-elementor-lightbox-slideshow=\"7f632b3\" data-elementor-lightbox-title=\"web-Pellegrini-Switzerland-food-2023-018-705x470\" data-e-action-hash=\"#elementor-action%3Aaction%3Dlightbox%26settings%3DeyJpZCI6Mzc2LCJ1cmwiOiJodHRwczpcL1wvbWVkaWEuZ3J1cHBvcGVsbGVncmluaS5pdFwvcGVjYVwvMjAyNVwvMDdcL3dlYi1QZWxsZWdyaW5pLVN3aXR6ZXJsYW5kLWZvb2QtMjAyMy0wMTgtNzA1eDQ3MC0xLmpwZyIsInNsaWRlc2hvdyI6IjdmNjMyYjMifQ%3D%3D\">\n\t\t\t\t\t<div class=\"e-gallery-image elementor-gallery-item__image\" data-thumbnail=\"https:\/\/media.gruppopellegrini.it\/peca\/2025\/07\/web-Pellegrini-Switzerland-food-2023-018-705x470-1-300x200.jpg\" data-width=\"300\" data-height=\"200\" aria-label=\"cibo\" role=\"img\" ><\/div>\n\t\t\t\t\t\t\t\t\t\t\t<div class=\"elementor-gallery-item__overlay\"><\/div>\n\t\t\t\t\t\t\t\t\t\t\t\t\t\t<\/a>\n\t\t\t\t\t\t\t<a class=\"e-gallery-item elementor-gallery-item elementor-animated-content\" href=\"https:\/\/media.gruppopellegrini.it\/peca\/2025\/07\/web-Pellegrini-Switzerland-food-2023-021-705x470-1.jpg\" data-elementor-open-lightbox=\"yes\" data-elementor-lightbox-slideshow=\"7f632b3\" data-elementor-lightbox-title=\"web-Pellegrini-Switzerland-food-2023-021-705x470\" data-e-action-hash=\"#elementor-action%3Aaction%3Dlightbox%26settings%3DeyJpZCI6Mzc3LCJ1cmwiOiJodHRwczpcL1wvbWVkaWEuZ3J1cHBvcGVsbGVncmluaS5pdFwvcGVjYVwvMjAyNVwvMDdcL3dlYi1QZWxsZWdyaW5pLVN3aXR6ZXJsYW5kLWZvb2QtMjAyMy0wMjEtNzA1eDQ3MC0xLmpwZyIsInNsaWRlc2hvdyI6IjdmNjMyYjMifQ%3D%3D\">\n\t\t\t\t\t<div class=\"e-gallery-image elementor-gallery-item__image\" data-thumbnail=\"https:\/\/media.gruppopellegrini.it\/peca\/2025\/07\/web-Pellegrini-Switzerland-food-2023-021-705x470-1-300x200.jpg\" data-width=\"300\" data-height=\"200\" aria-label=\"cibo\" role=\"img\" ><\/div>\n\t\t\t\t\t\t\t\t\t\t\t<div class=\"elementor-gallery-item__overlay\"><\/div>\n\t\t\t\t\t\t\t\t\t\t\t\t\t\t<\/a>\n\t\t\t\t\t\t\t<a class=\"e-gallery-item elementor-gallery-item elementor-animated-content\" href=\"https:\/\/media.gruppopellegrini.it\/peca\/2025\/07\/web-Pellegrini-Switzerland-food-2023-019-470x705-1.jpg\" data-elementor-open-lightbox=\"yes\" data-elementor-lightbox-slideshow=\"7f632b3\" data-elementor-lightbox-title=\"web-Pellegrini-Switzerland-food-2023-019-470x705\" data-e-action-hash=\"#elementor-action%3Aaction%3Dlightbox%26settings%3DeyJpZCI6Mzc4LCJ1cmwiOiJodHRwczpcL1wvbWVkaWEuZ3J1cHBvcGVsbGVncmluaS5pdFwvcGVjYVwvMjAyNVwvMDdcL3dlYi1QZWxsZWdyaW5pLVN3aXR6ZXJsYW5kLWZvb2QtMjAyMy0wMTktNDcweDcwNS0xLmpwZyIsInNsaWRlc2hvdyI6IjdmNjMyYjMifQ%3D%3D\">\n\t\t\t\t\t<div class=\"e-gallery-image elementor-gallery-item__image\" data-thumbnail=\"https:\/\/media.gruppopellegrini.it\/peca\/2025\/07\/web-Pellegrini-Switzerland-food-2023-019-470x705-1-200x300.jpg\" data-width=\"200\" data-height=\"300\" aria-label=\"cibo\" role=\"img\" ><\/div>\n\t\t\t\t\t\t\t\t\t\t\t<div class=\"elementor-gallery-item__overlay\"><\/div>\n\t\t\t\t\t\t\t\t\t\t\t\t\t\t<\/a>\n\t\t\t\t\t\t\t<a class=\"e-gallery-item elementor-gallery-item elementor-animated-content\" href=\"https:\/\/media.gruppopellegrini.it\/peca\/2025\/07\/web-Pellegrini-Switzerland-food-2023-012-705x470-1.jpg\" data-elementor-open-lightbox=\"yes\" data-elementor-lightbox-slideshow=\"7f632b3\" data-elementor-lightbox-title=\"web-Pellegrini-Switzerland-food-2023-012-705x470\" data-e-action-hash=\"#elementor-action%3Aaction%3Dlightbox%26settings%3DeyJpZCI6Mzc5LCJ1cmwiOiJodHRwczpcL1wvbWVkaWEuZ3J1cHBvcGVsbGVncmluaS5pdFwvcGVjYVwvMjAyNVwvMDdcL3dlYi1QZWxsZWdyaW5pLVN3aXR6ZXJsYW5kLWZvb2QtMjAyMy0wMTItNzA1eDQ3MC0xLmpwZyIsInNsaWRlc2hvdyI6IjdmNjMyYjMifQ%3D%3D\">\n\t\t\t\t\t<div class=\"e-gallery-image elementor-gallery-item__image\" data-thumbnail=\"https:\/\/media.gruppopellegrini.it\/peca\/2025\/07\/web-Pellegrini-Switzerland-food-2023-012-705x470-1-300x200.jpg\" data-width=\"300\" data-height=\"200\" aria-label=\"cibo\" role=\"img\" ><\/div>\n\t\t\t\t\t\t\t\t\t\t\t<div class=\"elementor-gallery-item__overlay\"><\/div>\n\t\t\t\t\t\t\t\t\t\t\t\t\t\t<\/a>\n\t\t\t\t\t\t\t<a class=\"e-gallery-item elementor-gallery-item elementor-animated-content\" href=\"https:\/\/media.gruppopellegrini.it\/peca\/2025\/07\/web-Pellegrini-Switzerland-food-2023-022-705x470-1.jpg\" data-elementor-open-lightbox=\"yes\" data-elementor-lightbox-slideshow=\"7f632b3\" data-elementor-lightbox-title=\"web-Pellegrini-Switzerland-food-2023-022-705x470\" data-e-action-hash=\"#elementor-action%3Aaction%3Dlightbox%26settings%3DeyJpZCI6MzgwLCJ1cmwiOiJodHRwczpcL1wvbWVkaWEuZ3J1cHBvcGVsbGVncmluaS5pdFwvcGVjYVwvMjAyNVwvMDdcL3dlYi1QZWxsZWdyaW5pLVN3aXR6ZXJsYW5kLWZvb2QtMjAyMy0wMjItNzA1eDQ3MC0xLmpwZyIsInNsaWRlc2hvdyI6IjdmNjMyYjMifQ%3D%3D\">\n\t\t\t\t\t<div class=\"e-gallery-image elementor-gallery-item__image\" data-thumbnail=\"https:\/\/media.gruppopellegrini.it\/peca\/2025\/07\/web-Pellegrini-Switzerland-food-2023-022-705x470-1-300x200.jpg\" data-width=\"300\" data-height=\"200\" aria-label=\"cibo\" role=\"img\" ><\/div>\n\t\t\t\t\t\t\t\t\t\t\t<div class=\"elementor-gallery-item__overlay\"><\/div>\n\t\t\t\t\t\t\t\t\t\t\t\t\t\t<\/a>\n\t\t\t\t\t\t\t<a class=\"e-gallery-item elementor-gallery-item elementor-animated-content\" href=\"https:\/\/media.gruppopellegrini.it\/peca\/2025\/07\/web-Pellegrini-Switzerland-food-2023-007-705x470-1.jpg\" data-elementor-open-lightbox=\"yes\" data-elementor-lightbox-slideshow=\"7f632b3\" data-elementor-lightbox-title=\"web-Pellegrini-Switzerland-food-2023-007-705x470\" data-e-action-hash=\"#elementor-action%3Aaction%3Dlightbox%26settings%3DeyJpZCI6MzgxLCJ1cmwiOiJodHRwczpcL1wvbWVkaWEuZ3J1cHBvcGVsbGVncmluaS5pdFwvcGVjYVwvMjAyNVwvMDdcL3dlYi1QZWxsZWdyaW5pLVN3aXR6ZXJsYW5kLWZvb2QtMjAyMy0wMDctNzA1eDQ3MC0xLmpwZyIsInNsaWRlc2hvdyI6IjdmNjMyYjMifQ%3D%3D\">\n\t\t\t\t\t<div class=\"e-gallery-image elementor-gallery-item__image\" data-thumbnail=\"https:\/\/media.gruppopellegrini.it\/peca\/2025\/07\/web-Pellegrini-Switzerland-food-2023-007-705x470-1-300x200.jpg\" data-width=\"300\" data-height=\"200\" aria-label=\"cibo\" role=\"img\" ><\/div>\n\t\t\t\t\t\t\t\t\t\t\t<div class=\"elementor-gallery-item__overlay\"><\/div>\n\t\t\t\t\t\t\t\t\t\t\t\t\t\t<\/a>\n\t\t\t\t\t\t\t<a class=\"e-gallery-item elementor-gallery-item elementor-animated-content\" href=\"https:\/\/media.gruppopellegrini.it\/peca\/2025\/07\/web-Pellegrini-Switzerland-food-2023-030-705x470-1.jpg\" data-elementor-open-lightbox=\"yes\" data-elementor-lightbox-slideshow=\"7f632b3\" data-elementor-lightbox-title=\"web-Pellegrini-Switzerland-food-2023-030-705x470\" data-e-action-hash=\"#elementor-action%3Aaction%3Dlightbox%26settings%3DeyJpZCI6MzgyLCJ1cmwiOiJodHRwczpcL1wvbWVkaWEuZ3J1cHBvcGVsbGVncmluaS5pdFwvcGVjYVwvMjAyNVwvMDdcL3dlYi1QZWxsZWdyaW5pLVN3aXR6ZXJsYW5kLWZvb2QtMjAyMy0wMzAtNzA1eDQ3MC0xLmpwZyIsInNsaWRlc2hvdyI6IjdmNjMyYjMifQ%3D%3D\">\n\t\t\t\t\t<div class=\"e-gallery-image elementor-gallery-item__image\" data-thumbnail=\"https:\/\/media.gruppopellegrini.it\/peca\/2025\/07\/web-Pellegrini-Switzerland-food-2023-030-705x470-1-300x200.jpg\" data-width=\"300\" data-height=\"200\" aria-label=\"cibo\" role=\"img\" ><\/div>\n\t\t\t\t\t\t\t\t\t\t\t<div class=\"elementor-gallery-item__overlay\"><\/div>\n\t\t\t\t\t\t\t\t\t\t\t\t\t\t<\/a>\n\t\t\t\t\t\t\t<a class=\"e-gallery-item elementor-gallery-item elementor-animated-content\" href=\"https:\/\/media.gruppopellegrini.it\/peca\/2025\/07\/web-Pellegrini-Switzerland-food-2023-004-470x705-1.jpg\" data-elementor-open-lightbox=\"yes\" data-elementor-lightbox-slideshow=\"7f632b3\" data-elementor-lightbox-title=\"web-Pellegrini-Switzerland-food-2023-004-470x705\" data-e-action-hash=\"#elementor-action%3Aaction%3Dlightbox%26settings%3DeyJpZCI6MzgzLCJ1cmwiOiJodHRwczpcL1wvbWVkaWEuZ3J1cHBvcGVsbGVncmluaS5pdFwvcGVjYVwvMjAyNVwvMDdcL3dlYi1QZWxsZWdyaW5pLVN3aXR6ZXJsYW5kLWZvb2QtMjAyMy0wMDQtNDcweDcwNS0xLmpwZyIsInNsaWRlc2hvdyI6IjdmNjMyYjMifQ%3D%3D\">\n\t\t\t\t\t<div class=\"e-gallery-image elementor-gallery-item__image\" data-thumbnail=\"https:\/\/media.gruppopellegrini.it\/peca\/2025\/07\/web-Pellegrini-Switzerland-food-2023-004-470x705-1-200x300.jpg\" data-width=\"200\" data-height=\"300\" aria-label=\"cibo\" role=\"img\" ><\/div>\n\t\t\t\t\t\t\t\t\t\t\t<div class=\"elementor-gallery-item__overlay\"><\/div>\n\t\t\t\t\t\t\t\t\t\t\t\t\t\t<\/a>\n\t\t\t\t\t<\/div>\n\t\t\t\t\t<\/div>\n\t\t<div class=\"elementor-element elementor-element-260157f e-con-full e-flex e-con e-child\" data-id=\"260157f\" data-element_type=\"container\" data-e-type=\"container\" data-settings=\"{&quot;background_background&quot;:&quot;classic&quot;}\">\n\t\t\t\t<div class=\"elementor-element elementor-element-8ed3afa elementor-widget elementor-widget-text-editor\" data-id=\"8ed3afa\" data-element_type=\"widget\" data-e-type=\"widget\" data-widget_type=\"text-editor.default\">\n\t\t\t\t\t\t\t\t\t<p><em>Demandez un devis pour votre prochain \u00e9v\u00e9nement d\u2019entreprise. Faites confiance aux \u00e9quipes Pellegrini.<\/em><\/p>\t\t\t\t\t\t\t\t<\/div>\n\t\t\t\t<div class=\"elementor-element elementor-element-63b6c19 elementor-align-left elementor-widget elementor-widget-button\" data-id=\"63b6c19\" data-element_type=\"widget\" data-e-type=\"widget\" data-widget_type=\"button.default\">\n\t\t\t\t\t\t\t\t\t\t<a class=\"elementor-button elementor-button-link elementor-size-sm\" href=\"https:\/\/peca.ch\/fr\/contacts\/\">\n\t\t\t\t\t\t<span class=\"elementor-button-content-wrapper\">\n\t\t\t\t\t\t<span class=\"elementor-button-icon\">\n\t\t\t\t<svg aria-hidden=\"true\" class=\"e-font-icon-svg e-fas-user-plus\" viewBox=\"0 0 640 512\" xmlns=\"http:\/\/www.w3.org\/2000\/svg\"><path d=\"M624 208h-64v-64c0-8.8-7.2-16-16-16h-32c-8.8 0-16 7.2-16 16v64h-64c-8.8 0-16 7.2-16 16v32c0 8.8 7.2 16 16 16h64v64c0 8.8 7.2 16 16 16h32c8.8 0 16-7.2 16-16v-64h64c8.8 0 16-7.2 16-16v-32c0-8.8-7.2-16-16-16zm-400 48c70.7 0 128-57.3 128-128S294.7 0 224 0 96 57.3 96 128s57.3 128 128 128zm89.6 32h-16.7c-22.2 10.2-46.9 16-72.9 16s-50.6-5.8-72.9-16h-16.7C60.2 288 0 348.2 0 422.4V464c0 26.5 21.5 48 48 48h352c26.5 0 48-21.5 48-48v-41.6c0-74.2-60.2-134.4-134.4-134.4z\"><\/path><\/svg>\t\t\t<\/span>\n\t\t\t\t\t\t\t\t\t<span class=\"elementor-button-text\">Contacts<\/span>\n\t\t\t\t\t<\/span>\n\t\t\t\t\t<\/a>\n\t\t\t\t\t\t\t\t<\/div>\n\t\t\t\t<\/div>\n\t\t\t\t<\/div>\n\t\t\t\t\t<\/div>\n\t\t\t\t<\/div>\n\t\t<div class=\"elementor-element elementor-element-c76f780 e-flex e-con-boxed e-con e-parent\" data-id=\"c76f780\" data-element_type=\"container\" data-e-type=\"container\">\n\t\t\t\t\t<div class=\"e-con-inner\">\n\t\t\t\t<div class=\"elementor-element elementor-element-9e9697a elementor-widget elementor-widget-spacer\" data-id=\"9e9697a\" data-element_type=\"widget\" data-e-type=\"widget\" data-widget_type=\"spacer.default\">\n\t\t\t\t\t\t\t<div class=\"elementor-spacer\">\n\t\t\t<div class=\"elementor-spacer-inner\"><\/div>\n\t\t<\/div>\n\t\t\t\t\t\t<\/div>\n\t\t\t\t\t<\/div>\n\t\t\t\t<\/div>\n\t\t\t\t<\/div>\n\t\t","protected":false},"excerpt":{"rendered":"<p>SUISSE WORLDWIDE Votre traiteur id\u00e9al. Nous proposons une gamme traiteur gourmet sp\u00e9cialement con\u00e7ue pour tous les types d\u2019\u00e9v\u00e9nements d\u2019entreprise: D\u00eeners de gala Workshop Pause caf\u00e9 D\u00e9jeuner d\u2019affaires Banquets Ap\u00e9ritifs Cocktails dinatoires Et bien d\u2019autres\u2026 Pour tout type de demande, notre personnel vous proposera la solution qui r\u00e9pondra le mieux \u00e0 vos exigences. Nous proposons des [&hellip;]<\/p>\n","protected":false},"author":1,"featured_media":0,"parent":962,"menu_order":0,"comment_status":"closed","ping_status":"closed","template":"","meta":{"footnotes":""},"class_list":["post-967","page","type-page","status-publish","hentry"],"_links":{"self":[{"href":"https:\/\/peca.ch\/fr\/wp-json\/wp\/v2\/pages\/967","targetHints":{"allow":["GET"]}}],"collection":[{"href":"https:\/\/peca.ch\/fr\/wp-json\/wp\/v2\/pages"}],"about":[{"href":"https:\/\/peca.ch\/fr\/wp-json\/wp\/v2\/types\/page"}],"author":[{"embeddable":true,"href":"https:\/\/peca.ch\/fr\/wp-json\/wp\/v2\/users\/1"}],"replies":[{"embeddable":true,"href":"https:\/\/peca.ch\/fr\/wp-json\/wp\/v2\/comments?post=967"}],"version-history":[{"count":4,"href":"https:\/\/peca.ch\/fr\/wp-json\/wp\/v2\/pages\/967\/revisions"}],"predecessor-version":[{"id":1153,"href":"https:\/\/peca.ch\/fr\/wp-json\/wp\/v2\/pages\/967\/revisions\/1153"}],"up":[{"embeddable":true,"href":"https:\/\/peca.ch\/fr\/wp-json\/wp\/v2\/pages\/962"}],"wp:attachment":[{"href":"https:\/\/peca.ch\/fr\/wp-json\/wp\/v2\/media?parent=967"}],"curies":[{"name":"wp","href":"https:\/\/api.w.org\/{rel}","templated":true}]}}