{"id":955,"date":"2025-07-16T09:01:27","date_gmt":"2025-07-16T09:01:27","guid":{"rendered":"https:\/\/peca.wallabi.dev\/qui-sommes-nous\/modele-organisationnel\/"},"modified":"2025-12-01T10:25:32","modified_gmt":"2025-12-01T10:25:32","slug":"modele-organisationnel","status":"publish","type":"page","link":"https:\/\/peca.ch\/fr\/qui-sommes-nous\/modele-organisationnel\/","title":{"rendered":"Mod\u00e8le organisationnel"},"content":{"rendered":"\t\t<div data-elementor-type=\"wp-page\" data-elementor-id=\"955\" class=\"elementor elementor-955 elementor-242\" data-elementor-post-type=\"page\">\n\t\t\t\t<div class=\"elementor-element elementor-element-4dd6d22 e-flex e-con-boxed e-con e-parent\" data-id=\"4dd6d22\" data-element_type=\"container\" data-e-type=\"container\">\n\t\t\t\t\t<div class=\"e-con-inner\">\n\t\t\t\t<div class=\"elementor-element elementor-element-be4b15f elementor-widget elementor-widget-image\" data-id=\"be4b15f\" data-element_type=\"widget\" data-e-type=\"widget\" data-widget_type=\"image.default\">\n\t\t\t\t\t\t\t\t\t\t\t\t\t\t\t<img fetchpriority=\"high\" decoding=\"async\" width=\"1130\" height=\"300\" src=\"https:\/\/media.gruppopellegrini.it\/peca\/2025\/07\/chi-siamo.webp\" class=\"attachment-full size-full wp-image-657\" alt=\"Immagine di Valentina ed Ernesto Pellegrini\" srcset=\"https:\/\/media.gruppopellegrini.it\/peca\/2025\/07\/chi-siamo.webp 1130w, https:\/\/media.gruppopellegrini.it\/peca\/2025\/07\/chi-siamo-300x80.webp 300w, https:\/\/media.gruppopellegrini.it\/peca\/2025\/07\/chi-siamo-1024x272.webp 1024w, https:\/\/media.gruppopellegrini.it\/peca\/2025\/07\/chi-siamo-768x204.webp 768w\" sizes=\"(max-width: 1130px) 100vw, 1130px\" \/>\t\t\t\t\t\t\t\t\t\t\t\t\t\t\t<\/div>\n\t\t\t\t\t<\/div>\n\t\t\t\t<\/div>\n\t\t<div class=\"elementor-element elementor-element-ce2611d e-flex e-con-boxed e-con e-parent\" data-id=\"ce2611d\" data-element_type=\"container\" data-e-type=\"container\">\n\t\t\t\t\t<div class=\"e-con-inner\">\n\t\t<div class=\"elementor-element elementor-element-6282166 e-con-full e-flex e-con e-child\" data-id=\"6282166\" data-element_type=\"container\" data-e-type=\"container\">\n\t\t\t\t<div class=\"elementor-element elementor-element-8913544 elementor-nav-menu--dropdown-none elementor-widget elementor-widget-nav-menu\" data-id=\"8913544\" data-element_type=\"widget\" data-e-type=\"widget\" data-settings=\"{&quot;layout&quot;:&quot;vertical&quot;,&quot;submenu_icon&quot;:{&quot;value&quot;:&quot;&lt;svg aria-hidden=\\&quot;true\\&quot; class=\\&quot;e-font-icon-svg e-fas-caret-down\\&quot; viewBox=\\&quot;0 0 320 512\\&quot; xmlns=\\&quot;http:\\\/\\\/www.w3.org\\\/2000\\\/svg\\&quot;&gt;&lt;path d=\\&quot;M31.3 192h257.3c17.8 0 26.7 21.5 14.1 34.1L174.1 354.8c-7.8 7.8-20.5 7.8-28.3 0L17.2 226.1C4.6 213.5 13.5 192 31.3 192z\\&quot;&gt;&lt;\\\/path&gt;&lt;\\\/svg&gt;&quot;,&quot;library&quot;:&quot;fa-solid&quot;}}\" data-widget_type=\"nav-menu.default\">\n\t\t\t\t\t\t\t\t<nav aria-label=\"Menu\" class=\"elementor-nav-menu--main elementor-nav-menu__container elementor-nav-menu--layout-vertical e--pointer-double-line e--animation-fade\">\n\t\t\t\t<ul id=\"menu-1-8913544\" class=\"elementor-nav-menu sm-vertical\"><li class=\"menu-item menu-item-type-post_type menu-item-object-page menu-item-247\"><a href=\"https:\/\/peca.ch\/chi-siamo\/dove-siamo\/\" class=\"elementor-item\">O\u00f9 sommes-nous<\/a><\/li>\n<li class=\"menu-item menu-item-type-post_type menu-item-object-page menu-item-246\"><a href=\"https:\/\/peca.ch\/chi-siamo\/cifre-fatti\/\" class=\"elementor-item\">Chiffres et faits<\/a><\/li>\n<li class=\"menu-item menu-item-type-post_type menu-item-object-page menu-item-245\"><a href=\"https:\/\/peca.ch\/chi-siamo\/mission-valori\/\" class=\"elementor-item\">Mission et valeurs<\/a><\/li>\n<li class=\"menu-item menu-item-type-post_type menu-item-object-page menu-item-244\"><a href=\"https:\/\/peca.ch\/chi-siamo\/modello-organizzativo\/\" class=\"elementor-item\">Mod\u00e8le organisationnel<\/a><\/li>\n<\/ul>\t\t\t<\/nav>\n\t\t\t\t\t\t<nav class=\"elementor-nav-menu--dropdown elementor-nav-menu__container\" aria-hidden=\"true\">\n\t\t\t\t<ul id=\"menu-2-8913544\" class=\"elementor-nav-menu sm-vertical\"><li class=\"menu-item menu-item-type-post_type menu-item-object-page menu-item-247\"><a href=\"https:\/\/peca.ch\/chi-siamo\/dove-siamo\/\" class=\"elementor-item\" tabindex=\"-1\">O\u00f9 sommes-nous<\/a><\/li>\n<li class=\"menu-item menu-item-type-post_type menu-item-object-page menu-item-246\"><a href=\"https:\/\/peca.ch\/chi-siamo\/cifre-fatti\/\" class=\"elementor-item\" tabindex=\"-1\">Chiffres et faits<\/a><\/li>\n<li class=\"menu-item menu-item-type-post_type menu-item-object-page menu-item-245\"><a href=\"https:\/\/peca.ch\/chi-siamo\/mission-valori\/\" class=\"elementor-item\" tabindex=\"-1\">Mission et valeurs<\/a><\/li>\n<li class=\"menu-item menu-item-type-post_type menu-item-object-page menu-item-244\"><a href=\"https:\/\/peca.ch\/chi-siamo\/modello-organizzativo\/\" class=\"elementor-item\" tabindex=\"-1\">Mod\u00e8le organisationnel<\/a><\/li>\n<\/ul>\t\t\t<\/nav>\n\t\t\t\t\t\t<\/div>\n\t\t\t\t<\/div>\n\t\t<div class=\"elementor-element elementor-element-af53428 e-con-full e-flex e-con e-child\" data-id=\"af53428\" data-element_type=\"container\" data-e-type=\"container\">\n\t\t\t\t<div class=\"elementor-element elementor-element-b50def2 elementor-widget elementor-widget-text-editor\" data-id=\"b50def2\" data-element_type=\"widget\" data-e-type=\"widget\" data-widget_type=\"text-editor.default\">\n\t\t\t\t\t\t\t\t\t<p><em><strong><span style=\"color: #ff2b00;\">Une ligne de commande simple, pour fournir des solutions rapides<\/span><\/strong><\/em><\/p><p>La tranquillit\u00e9 signifie aussi \u00eatre s\u00fbr de pouvoir faire face rapidement \u00e0 toute \u00e9ventualit\u00e9.<\/p><p>C\u2019est pourquoi Pellegrini Catering Overseas vous offre une cha\u00eene de commande vraiment essentielle et extr\u00eamement r\u00e9active.<\/p>\t\t\t\t\t\t\t\t<\/div>\n\t\t\t\t<div class=\"elementor-element elementor-element-7610b17 elementor-widget elementor-widget-image\" data-id=\"7610b17\" data-element_type=\"widget\" data-e-type=\"widget\" data-widget_type=\"image.default\">\n\t\t\t\t\t\t\t\t\t\t\t\t\t\t\t<img decoding=\"async\" width=\"256\" height=\"356\" src=\"https:\/\/media.gruppopellegrini.it\/peca\/2025\/12\/grafico.webp\" class=\"attachment-full size-full wp-image-1237\" alt=\"Modello organizzativo\" srcset=\"https:\/\/media.gruppopellegrini.it\/peca\/2025\/12\/grafico.webp 256w, https:\/\/media.gruppopellegrini.it\/peca\/2025\/12\/grafico-216x300.webp 216w\" sizes=\"(max-width: 256px) 100vw, 256px\" \/>\t\t\t\t\t\t\t\t\t\t\t\t\t\t\t<\/div>\n\t\t\t\t<\/div>\n\t\t\t\t\t<\/div>\n\t\t\t\t<\/div>\n\t\t<div class=\"elementor-element elementor-element-8b2c33b e-flex e-con-boxed e-con e-parent\" data-id=\"8b2c33b\" data-element_type=\"container\" data-e-type=\"container\">\n\t\t\t\t\t<div class=\"e-con-inner\">\n\t\t\t\t<div class=\"elementor-element elementor-element-1faccf1 elementor-widget elementor-widget-spacer\" data-id=\"1faccf1\" data-element_type=\"widget\" data-e-type=\"widget\" data-widget_type=\"spacer.default\">\n\t\t\t\t\t\t\t<div class=\"elementor-spacer\">\n\t\t\t<div class=\"elementor-spacer-inner\"><\/div>\n\t\t<\/div>\n\t\t\t\t\t\t<\/div>\n\t\t\t\t\t<\/div>\n\t\t\t\t<\/div>\n\t\t\t\t<\/div>\n\t\t","protected":false},"excerpt":{"rendered":"<p>Une ligne de commande simple, pour fournir des solutions rapides La tranquillit\u00e9 signifie aussi \u00eatre s\u00fbr de pouvoir faire face rapidement \u00e0 toute \u00e9ventualit\u00e9. C\u2019est pourquoi Pellegrini Catering Overseas vous offre une cha\u00eene de commande vraiment essentielle et extr\u00eamement r\u00e9active.<\/p>\n","protected":false},"author":1,"featured_media":0,"parent":947,"menu_order":0,"comment_status":"closed","ping_status":"closed","template":"","meta":{"footnotes":""},"class_list":["post-955","page","type-page","status-publish","hentry"],"_links":{"self":[{"href":"https:\/\/peca.ch\/fr\/wp-json\/wp\/v2\/pages\/955","targetHints":{"allow":["GET"]}}],"collection":[{"href":"https:\/\/peca.ch\/fr\/wp-json\/wp\/v2\/pages"}],"about":[{"href":"https:\/\/peca.ch\/fr\/wp-json\/wp\/v2\/types\/page"}],"author":[{"embeddable":true,"href":"https:\/\/peca.ch\/fr\/wp-json\/wp\/v2\/users\/1"}],"replies":[{"embeddable":true,"href":"https:\/\/peca.ch\/fr\/wp-json\/wp\/v2\/comments?post=955"}],"version-history":[{"count":2,"href":"https:\/\/peca.ch\/fr\/wp-json\/wp\/v2\/pages\/955\/revisions"}],"predecessor-version":[{"id":1243,"href":"https:\/\/peca.ch\/fr\/wp-json\/wp\/v2\/pages\/955\/revisions\/1243"}],"up":[{"embeddable":true,"href":"https:\/\/peca.ch\/fr\/wp-json\/wp\/v2\/pages\/947"}],"wp:attachment":[{"href":"https:\/\/peca.ch\/fr\/wp-json\/wp\/v2\/media?parent=955"}],"curies":[{"name":"wp","href":"https:\/\/api.w.org\/{rel}","templated":true}]}}