{"id":951,"date":"2025-07-16T08:59:55","date_gmt":"2025-07-16T08:59:55","guid":{"rendered":"https:\/\/peca.wallabi.dev\/qui-sommes-nous\/ou-sommes-nous\/"},"modified":"2025-07-17T13:02:55","modified_gmt":"2025-07-17T13:02:55","slug":"ou-sommes-nous","status":"publish","type":"page","link":"https:\/\/peca.ch\/fr\/qui-sommes-nous\/ou-sommes-nous\/","title":{"rendered":"O\u00f9 sommes-nous"},"content":{"rendered":"\t\t<div data-elementor-type=\"wp-page\" data-elementor-id=\"951\" class=\"elementor elementor-951 elementor-236\" data-elementor-post-type=\"page\">\n\t\t\t\t<div class=\"elementor-element elementor-element-33d3b66 e-flex e-con-boxed e-con e-parent\" data-id=\"33d3b66\" data-element_type=\"container\" data-e-type=\"container\">\n\t\t\t\t\t<div class=\"e-con-inner\">\n\t\t\t\t<div class=\"elementor-element elementor-element-4638b7c elementor-widget elementor-widget-image\" data-id=\"4638b7c\" data-element_type=\"widget\" data-e-type=\"widget\" data-widget_type=\"image.default\">\n\t\t\t\t\t\t\t\t\t\t\t\t\t\t\t<img fetchpriority=\"high\" decoding=\"async\" width=\"1130\" height=\"300\" src=\"https:\/\/media.gruppopellegrini.it\/peca\/2025\/07\/dove-siamo.webp\" class=\"attachment-full size-full wp-image-660\" alt=\"\" srcset=\"https:\/\/media.gruppopellegrini.it\/peca\/2025\/07\/dove-siamo.webp 1130w, https:\/\/media.gruppopellegrini.it\/peca\/2025\/07\/dove-siamo-300x80.webp 300w, https:\/\/media.gruppopellegrini.it\/peca\/2025\/07\/dove-siamo-1024x272.webp 1024w, https:\/\/media.gruppopellegrini.it\/peca\/2025\/07\/dove-siamo-768x204.webp 768w\" sizes=\"(max-width: 1130px) 100vw, 1130px\" \/>\t\t\t\t\t\t\t\t\t\t\t\t\t\t\t<\/div>\n\t\t\t\t\t<\/div>\n\t\t\t\t<\/div>\n\t\t<div class=\"elementor-element elementor-element-3e880ec e-flex e-con-boxed e-con e-parent\" data-id=\"3e880ec\" data-element_type=\"container\" data-e-type=\"container\">\n\t\t\t\t\t<div class=\"e-con-inner\">\n\t\t<div class=\"elementor-element elementor-element-b3f7c4a e-con-full e-flex e-con e-child\" data-id=\"b3f7c4a\" data-element_type=\"container\" data-e-type=\"container\">\n\t\t\t\t<div class=\"elementor-element elementor-element-4146f79 elementor-nav-menu--dropdown-none elementor-widget elementor-widget-nav-menu\" data-id=\"4146f79\" data-element_type=\"widget\" data-e-type=\"widget\" data-settings=\"{&quot;layout&quot;:&quot;vertical&quot;,&quot;submenu_icon&quot;:{&quot;value&quot;:&quot;&lt;svg aria-hidden=\\&quot;true\\&quot; class=\\&quot;e-font-icon-svg e-fas-caret-down\\&quot; viewBox=\\&quot;0 0 320 512\\&quot; xmlns=\\&quot;http:\\\/\\\/www.w3.org\\\/2000\\\/svg\\&quot;&gt;&lt;path d=\\&quot;M31.3 192h257.3c17.8 0 26.7 21.5 14.1 34.1L174.1 354.8c-7.8 7.8-20.5 7.8-28.3 0L17.2 226.1C4.6 213.5 13.5 192 31.3 192z\\&quot;&gt;&lt;\\\/path&gt;&lt;\\\/svg&gt;&quot;,&quot;library&quot;:&quot;fa-solid&quot;}}\" data-widget_type=\"nav-menu.default\">\n\t\t\t\t\t\t\t\t<nav aria-label=\"Menu\" class=\"elementor-nav-menu--main elementor-nav-menu__container elementor-nav-menu--layout-vertical e--pointer-double-line e--animation-fade\">\n\t\t\t\t<ul id=\"menu-1-4146f79\" class=\"elementor-nav-menu sm-vertical\"><li class=\"menu-item menu-item-type-post_type menu-item-object-page menu-item-247\"><a href=\"https:\/\/peca.ch\/chi-siamo\/dove-siamo\/\" class=\"elementor-item\">O\u00f9 sommes-nous<\/a><\/li>\n<li class=\"menu-item menu-item-type-post_type menu-item-object-page menu-item-246\"><a href=\"https:\/\/peca.ch\/chi-siamo\/cifre-fatti\/\" class=\"elementor-item\">Chiffres et faits<\/a><\/li>\n<li class=\"menu-item menu-item-type-post_type menu-item-object-page menu-item-245\"><a href=\"https:\/\/peca.ch\/chi-siamo\/mission-valori\/\" class=\"elementor-item\">Mission et valeurs<\/a><\/li>\n<li class=\"menu-item menu-item-type-post_type menu-item-object-page menu-item-244\"><a href=\"https:\/\/peca.ch\/chi-siamo\/modello-organizzativo\/\" class=\"elementor-item\">Mod\u00e8le organisationnel<\/a><\/li>\n<\/ul>\t\t\t<\/nav>\n\t\t\t\t\t\t<nav class=\"elementor-nav-menu--dropdown elementor-nav-menu__container\" aria-hidden=\"true\">\n\t\t\t\t<ul id=\"menu-2-4146f79\" class=\"elementor-nav-menu sm-vertical\"><li class=\"menu-item menu-item-type-post_type menu-item-object-page menu-item-247\"><a href=\"https:\/\/peca.ch\/chi-siamo\/dove-siamo\/\" class=\"elementor-item\" tabindex=\"-1\">O\u00f9 sommes-nous<\/a><\/li>\n<li class=\"menu-item menu-item-type-post_type menu-item-object-page menu-item-246\"><a href=\"https:\/\/peca.ch\/chi-siamo\/cifre-fatti\/\" class=\"elementor-item\" tabindex=\"-1\">Chiffres et faits<\/a><\/li>\n<li class=\"menu-item menu-item-type-post_type menu-item-object-page menu-item-245\"><a href=\"https:\/\/peca.ch\/chi-siamo\/mission-valori\/\" class=\"elementor-item\" tabindex=\"-1\">Mission et valeurs<\/a><\/li>\n<li class=\"menu-item menu-item-type-post_type menu-item-object-page menu-item-244\"><a href=\"https:\/\/peca.ch\/chi-siamo\/modello-organizzativo\/\" class=\"elementor-item\" tabindex=\"-1\">Mod\u00e8le organisationnel<\/a><\/li>\n<\/ul>\t\t\t<\/nav>\n\t\t\t\t\t\t<\/div>\n\t\t\t\t<\/div>\n\t\t<div class=\"elementor-element elementor-element-3f7c319 e-con-full e-flex e-con e-child\" data-id=\"3f7c319\" data-element_type=\"container\" data-e-type=\"container\">\n\t\t\t\t<div class=\"elementor-element elementor-element-82543bf elementor-widget elementor-widget-text-editor\" data-id=\"82543bf\" data-element_type=\"widget\" data-e-type=\"widget\" data-widget_type=\"text-editor.default\">\n\t\t\t\t\t\t\t\t\t<p><em><strong><span style=\"color: #ff2b00;\">Nous sommes o\u00f9 vous avez besoin de nous<\/span><\/strong><\/em><\/p><p>Pellegrini Catering Overseas travaille sur les plates-formes p\u00e9troli\u00e8res et les installations de forage off-shore, les camps de travail, les chantiers de construction, mais aussi dans les ambassades et les h\u00f4pitaux.<\/p><p>Son histoire est faite de succ\u00e8s en Afrique et au Moyen-Orient et t\u00e9moigne de sa capacit\u00e9 de fonctionner dans tous les coins du monde, dans toutes les situations, m\u00eame les plus complexes, en offrant des solutions sur mesure, rapides et flexibles.<\/p><p>Chacun de nos si\u00e8ges a sa propre structure d\u2019organisation et de logistique.<\/p><p>Les bureaux directionnels et op\u00e9ratifs de Lugano garantissent le niveau de qualit\u00e9 des services, et donne une contribution importante pour coordonner et soutenir les activit\u00e9s de tous les pays.<\/p>\t\t\t\t\t\t\t\t<\/div>\n\t\t\t\t<div class=\"elementor-element elementor-element-15c01f5 elementor-align-left elementor-widget elementor-widget-button\" data-id=\"15c01f5\" data-element_type=\"widget\" data-e-type=\"widget\" data-widget_type=\"button.default\">\n\t\t\t\t\t\t\t\t\t\t<a class=\"elementor-button elementor-button-link elementor-size-sm\" href=\"https:\/\/peca.ch\/fr\/contacts\/\">\n\t\t\t\t\t\t<span class=\"elementor-button-content-wrapper\">\n\t\t\t\t\t\t<span class=\"elementor-button-icon\">\n\t\t\t\t<svg aria-hidden=\"true\" class=\"e-font-icon-svg e-fas-user-plus\" viewBox=\"0 0 640 512\" xmlns=\"http:\/\/www.w3.org\/2000\/svg\"><path d=\"M624 208h-64v-64c0-8.8-7.2-16-16-16h-32c-8.8 0-16 7.2-16 16v64h-64c-8.8 0-16 7.2-16 16v32c0 8.8 7.2 16 16 16h64v64c0 8.8 7.2 16 16 16h32c8.8 0 16-7.2 16-16v-64h64c8.8 0 16-7.2 16-16v-32c0-8.8-7.2-16-16-16zm-400 48c70.7 0 128-57.3 128-128S294.7 0 224 0 96 57.3 96 128s57.3 128 128 128zm89.6 32h-16.7c-22.2 10.2-46.9 16-72.9 16s-50.6-5.8-72.9-16h-16.7C60.2 288 0 348.2 0 422.4V464c0 26.5 21.5 48 48 48h352c26.5 0 48-21.5 48-48v-41.6c0-74.2-60.2-134.4-134.4-134.4z\"><\/path><\/svg>\t\t\t<\/span>\n\t\t\t\t\t\t\t\t\t<span class=\"elementor-button-text\">Contacts<\/span>\n\t\t\t\t\t<\/span>\n\t\t\t\t\t<\/a>\n\t\t\t\t\t\t\t\t<\/div>\n\t\t\t\t<div class=\"elementor-element elementor-element-67b63b1 elementor-widget elementor-widget-image\" data-id=\"67b63b1\" data-element_type=\"widget\" data-e-type=\"widget\" data-widget_type=\"image.default\">\n\t\t\t\t\t\t\t\t\t\t\t\t\t\t\t<img decoding=\"async\" width=\"710\" height=\"427\" src=\"https:\/\/media.gruppopellegrini.it\/peca\/2025\/07\/dovesiamo-mappa.webp\" class=\"attachment-full size-full wp-image-895\" alt=\"Immagine che mostra dove siamo\" srcset=\"https:\/\/media.gruppopellegrini.it\/peca\/2025\/07\/dovesiamo-mappa.webp 710w, https:\/\/media.gruppopellegrini.it\/peca\/2025\/07\/dovesiamo-mappa-300x180.webp 300w\" sizes=\"(max-width: 710px) 100vw, 710px\" \/>\t\t\t\t\t\t\t\t\t\t\t\t\t\t\t<\/div>\n\t\t\t\t<\/div>\n\t\t\t\t\t<\/div>\n\t\t\t\t<\/div>\n\t\t<div class=\"elementor-element elementor-element-d81ffad e-flex e-con-boxed e-con e-parent\" data-id=\"d81ffad\" data-element_type=\"container\" data-e-type=\"container\">\n\t\t\t\t\t<div class=\"e-con-inner\">\n\t\t\t\t<div class=\"elementor-element elementor-element-afa580d elementor-widget elementor-widget-spacer\" data-id=\"afa580d\" data-element_type=\"widget\" data-e-type=\"widget\" data-widget_type=\"spacer.default\">\n\t\t\t\t\t\t\t<div class=\"elementor-spacer\">\n\t\t\t<div class=\"elementor-spacer-inner\"><\/div>\n\t\t<\/div>\n\t\t\t\t\t\t<\/div>\n\t\t\t\t\t<\/div>\n\t\t\t\t<\/div>\n\t\t\t\t<\/div>\n\t\t","protected":false},"excerpt":{"rendered":"<p>Nous sommes o\u00f9 vous avez besoin de nous Pellegrini Catering Overseas travaille sur les plates-formes p\u00e9troli\u00e8res et les installations de forage off-shore, les camps de travail, les chantiers de construction, mais aussi dans les ambassades et les h\u00f4pitaux. Son histoire est faite de succ\u00e8s en Afrique et au Moyen-Orient et t\u00e9moigne de sa capacit\u00e9 de [&hellip;]<\/p>\n","protected":false},"author":1,"featured_media":0,"parent":947,"menu_order":0,"comment_status":"closed","ping_status":"closed","template":"","meta":{"footnotes":""},"class_list":["post-951","page","type-page","status-publish","hentry"],"_links":{"self":[{"href":"https:\/\/peca.ch\/fr\/wp-json\/wp\/v2\/pages\/951","targetHints":{"allow":["GET"]}}],"collection":[{"href":"https:\/\/peca.ch\/fr\/wp-json\/wp\/v2\/pages"}],"about":[{"href":"https:\/\/peca.ch\/fr\/wp-json\/wp\/v2\/types\/page"}],"author":[{"embeddable":true,"href":"https:\/\/peca.ch\/fr\/wp-json\/wp\/v2\/users\/1"}],"replies":[{"embeddable":true,"href":"https:\/\/peca.ch\/fr\/wp-json\/wp\/v2\/comments?post=951"}],"version-history":[{"count":2,"href":"https:\/\/peca.ch\/fr\/wp-json\/wp\/v2\/pages\/951\/revisions"}],"predecessor-version":[{"id":959,"href":"https:\/\/peca.ch\/fr\/wp-json\/wp\/v2\/pages\/951\/revisions\/959"}],"up":[{"embeddable":true,"href":"https:\/\/peca.ch\/fr\/wp-json\/wp\/v2\/pages\/947"}],"wp:attachment":[{"href":"https:\/\/peca.ch\/fr\/wp-json\/wp\/v2\/media?parent=951"}],"curies":[{"name":"wp","href":"https:\/\/api.w.org\/{rel}","templated":true}]}}