{"id":947,"date":"2025-07-15T13:04:18","date_gmt":"2025-07-15T13:04:18","guid":{"rendered":"https:\/\/peca.wallabi.dev\/qui-sommes-nous\/"},"modified":"2025-07-17T15:00:33","modified_gmt":"2025-07-17T15:00:33","slug":"qui-sommes-nous","status":"publish","type":"page","link":"https:\/\/peca.ch\/fr\/qui-sommes-nous\/","title":{"rendered":"Qui sommes-nous"},"content":{"rendered":"\t\t<div data-elementor-type=\"wp-page\" data-elementor-id=\"947\" class=\"elementor elementor-947 elementor-29\" data-elementor-post-type=\"page\">\n\t\t\t\t<div class=\"elementor-element elementor-element-9bac044 e-flex e-con-boxed e-con e-parent\" data-id=\"9bac044\" data-element_type=\"container\" data-e-type=\"container\">\n\t\t\t\t\t<div class=\"e-con-inner\">\n\t\t\t\t<div class=\"elementor-element elementor-element-cda6f5e elementor-widget elementor-widget-image\" data-id=\"cda6f5e\" data-element_type=\"widget\" data-e-type=\"widget\" data-widget_type=\"image.default\">\n\t\t\t\t\t\t\t\t\t\t\t\t\t\t\t<img fetchpriority=\"high\" decoding=\"async\" width=\"1130\" height=\"300\" src=\"https:\/\/media.gruppopellegrini.it\/peca\/2025\/07\/chi-siamo.webp\" class=\"attachment-full size-full wp-image-657\" alt=\"Immagine di Valentina ed Ernesto Pellegrini\" srcset=\"https:\/\/media.gruppopellegrini.it\/peca\/2025\/07\/chi-siamo.webp 1130w, https:\/\/media.gruppopellegrini.it\/peca\/2025\/07\/chi-siamo-300x80.webp 300w, https:\/\/media.gruppopellegrini.it\/peca\/2025\/07\/chi-siamo-1024x272.webp 1024w, https:\/\/media.gruppopellegrini.it\/peca\/2025\/07\/chi-siamo-768x204.webp 768w\" sizes=\"(max-width: 1130px) 100vw, 1130px\" \/>\t\t\t\t\t\t\t\t\t\t\t\t\t\t\t<\/div>\n\t\t\t\t\t<\/div>\n\t\t\t\t<\/div>\n\t\t<div class=\"elementor-element elementor-element-c1532fc e-flex e-con-boxed e-con e-parent\" data-id=\"c1532fc\" data-element_type=\"container\" data-e-type=\"container\">\n\t\t\t\t\t<div class=\"e-con-inner\">\n\t\t<div class=\"elementor-element elementor-element-35ad40d e-con-full e-flex e-con e-child\" data-id=\"35ad40d\" data-element_type=\"container\" data-e-type=\"container\">\n\t\t\t\t<div class=\"elementor-element elementor-element-0a4421f elementor-nav-menu--dropdown-none elementor-widget elementor-widget-nav-menu\" data-id=\"0a4421f\" data-element_type=\"widget\" data-e-type=\"widget\" data-settings=\"{&quot;layout&quot;:&quot;vertical&quot;,&quot;submenu_icon&quot;:{&quot;value&quot;:&quot;&lt;svg aria-hidden=\\&quot;true\\&quot; class=\\&quot;e-font-icon-svg e-fas-caret-down\\&quot; viewBox=\\&quot;0 0 320 512\\&quot; xmlns=\\&quot;http:\\\/\\\/www.w3.org\\\/2000\\\/svg\\&quot;&gt;&lt;path d=\\&quot;M31.3 192h257.3c17.8 0 26.7 21.5 14.1 34.1L174.1 354.8c-7.8 7.8-20.5 7.8-28.3 0L17.2 226.1C4.6 213.5 13.5 192 31.3 192z\\&quot;&gt;&lt;\\\/path&gt;&lt;\\\/svg&gt;&quot;,&quot;library&quot;:&quot;fa-solid&quot;}}\" data-widget_type=\"nav-menu.default\">\n\t\t\t\t\t\t\t\t<nav aria-label=\"Menu\" class=\"elementor-nav-menu--main elementor-nav-menu__container elementor-nav-menu--layout-vertical e--pointer-double-line e--animation-fade\">\n\t\t\t\t<ul id=\"menu-1-0a4421f\" class=\"elementor-nav-menu sm-vertical\"><li class=\"menu-item menu-item-type-post_type menu-item-object-page menu-item-247\"><a href=\"https:\/\/peca.ch\/chi-siamo\/dove-siamo\/\" class=\"elementor-item\">O\u00f9 sommes-nous<\/a><\/li>\n<li class=\"menu-item menu-item-type-post_type menu-item-object-page menu-item-246\"><a href=\"https:\/\/peca.ch\/chi-siamo\/cifre-fatti\/\" class=\"elementor-item\">Chiffres et faits<\/a><\/li>\n<li class=\"menu-item menu-item-type-post_type menu-item-object-page menu-item-245\"><a href=\"https:\/\/peca.ch\/chi-siamo\/mission-valori\/\" class=\"elementor-item\">Mission et valeurs<\/a><\/li>\n<li class=\"menu-item menu-item-type-post_type menu-item-object-page menu-item-244\"><a href=\"https:\/\/peca.ch\/chi-siamo\/modello-organizzativo\/\" class=\"elementor-item\">Mod\u00e8le organisationnel<\/a><\/li>\n<\/ul>\t\t\t<\/nav>\n\t\t\t\t\t\t<nav class=\"elementor-nav-menu--dropdown elementor-nav-menu__container\" aria-hidden=\"true\">\n\t\t\t\t<ul id=\"menu-2-0a4421f\" class=\"elementor-nav-menu sm-vertical\"><li class=\"menu-item menu-item-type-post_type menu-item-object-page menu-item-247\"><a href=\"https:\/\/peca.ch\/chi-siamo\/dove-siamo\/\" class=\"elementor-item\" tabindex=\"-1\">O\u00f9 sommes-nous<\/a><\/li>\n<li class=\"menu-item menu-item-type-post_type menu-item-object-page menu-item-246\"><a href=\"https:\/\/peca.ch\/chi-siamo\/cifre-fatti\/\" class=\"elementor-item\" tabindex=\"-1\">Chiffres et faits<\/a><\/li>\n<li class=\"menu-item menu-item-type-post_type menu-item-object-page menu-item-245\"><a href=\"https:\/\/peca.ch\/chi-siamo\/mission-valori\/\" class=\"elementor-item\" tabindex=\"-1\">Mission et valeurs<\/a><\/li>\n<li class=\"menu-item menu-item-type-post_type menu-item-object-page menu-item-244\"><a href=\"https:\/\/peca.ch\/chi-siamo\/modello-organizzativo\/\" class=\"elementor-item\" tabindex=\"-1\">Mod\u00e8le organisationnel<\/a><\/li>\n<\/ul>\t\t\t<\/nav>\n\t\t\t\t\t\t<\/div>\n\t\t\t\t<\/div>\n\t\t<div class=\"elementor-element elementor-element-a360ef3 e-con-full e-flex e-con e-child\" data-id=\"a360ef3\" data-element_type=\"container\" data-e-type=\"container\">\n\t\t\t\t<div class=\"elementor-element elementor-element-01c07d5 elementor-widget elementor-widget-text-editor\" data-id=\"01c07d5\" data-element_type=\"widget\" data-e-type=\"widget\" data-widget_type=\"text-editor.default\">\n\t\t\t\t\t\t\t\t\t<p><em><strong><span style=\"color: #ff2b00;\">Des solutions sur mesure et proactives<\/span><\/strong><\/em><\/p><p>Pellegrini Catering Overseas est n\u00e9 en 1979 \u00e0 partir d\u2019une intuition d\u2019Ernesto Pellegrini, qui voulait cr\u00e9er une structure sp\u00e9cialis\u00e9e pour fournir du catering et des services h\u00f4teliers aux chantiers de travail r\u00e9pandus dans le monde entier, et en particulier dans les zones les moins faciles \u00e0 atteindre.<\/p><p>Qui travaille loin de chez lui, souvent dans des endroits difficiles et des situations compliqu\u00e9es, d\u00e9sire que tout ce qui l\u2019entoure soit le plus confortable possible, et organis\u00e9 le mieux possible. Pellegrini Catering Overseas (famili\u00e8rement appel\u00e9 \u00ab PeCa \u00bb) travaille tous les jours pour r\u00e9aliser ce d\u00e9sir, avec une philosophie simple mais efficace : des <em>solutions sur mesure, rapides et efficaces<\/em>. <\/p><p>Aujourd\u2019hui \u00ab PeCa \u00bb, pour l\u2019int\u00e9gralit\u00e9 des services, l\u2019expertise et la rapidit\u00e9, est reconnu comme l\u2019une des structures les plus fiables et concurrentielles sur le march\u00e9.<\/p><p>Mettez-nous \u00e0 l\u2019\u00e9preuve. Vous serez convaincu ! <\/p>\t\t\t\t\t\t\t\t<\/div>\n\t\t\t\t<div class=\"elementor-element elementor-element-78bcf11 elementor-align-left elementor-widget elementor-widget-button\" data-id=\"78bcf11\" data-element_type=\"widget\" data-e-type=\"widget\" data-widget_type=\"button.default\">\n\t\t\t\t\t\t\t\t\t\t<a class=\"elementor-button elementor-button-link elementor-size-sm\" href=\"https:\/\/peca.ch\/fr\/contacts\/\">\n\t\t\t\t\t\t<span class=\"elementor-button-content-wrapper\">\n\t\t\t\t\t\t<span class=\"elementor-button-icon\">\n\t\t\t\t<svg aria-hidden=\"true\" class=\"e-font-icon-svg e-fas-user-plus\" viewBox=\"0 0 640 512\" xmlns=\"http:\/\/www.w3.org\/2000\/svg\"><path d=\"M624 208h-64v-64c0-8.8-7.2-16-16-16h-32c-8.8 0-16 7.2-16 16v64h-64c-8.8 0-16 7.2-16 16v32c0 8.8 7.2 16 16 16h64v64c0 8.8 7.2 16 16 16h32c8.8 0 16-7.2 16-16v-64h64c8.8 0 16-7.2 16-16v-32c0-8.8-7.2-16-16-16zm-400 48c70.7 0 128-57.3 128-128S294.7 0 224 0 96 57.3 96 128s57.3 128 128 128zm89.6 32h-16.7c-22.2 10.2-46.9 16-72.9 16s-50.6-5.8-72.9-16h-16.7C60.2 288 0 348.2 0 422.4V464c0 26.5 21.5 48 48 48h352c26.5 0 48-21.5 48-48v-41.6c0-74.2-60.2-134.4-134.4-134.4z\"><\/path><\/svg>\t\t\t<\/span>\n\t\t\t\t\t\t\t\t\t<span class=\"elementor-button-text\">Contacts<\/span>\n\t\t\t\t\t<\/span>\n\t\t\t\t\t<\/a>\n\t\t\t\t\t\t\t\t<\/div>\n\t\t\t\t<\/div>\n\t\t\t\t\t<\/div>\n\t\t\t\t<\/div>\n\t\t<div class=\"elementor-element elementor-element-6fc0bdf e-flex e-con-boxed e-con e-parent\" data-id=\"6fc0bdf\" data-element_type=\"container\" data-e-type=\"container\">\n\t\t\t\t\t<div class=\"e-con-inner\">\n\t\t\t\t<div class=\"elementor-element elementor-element-948a4cd elementor-widget elementor-widget-spacer\" data-id=\"948a4cd\" data-element_type=\"widget\" data-e-type=\"widget\" data-widget_type=\"spacer.default\">\n\t\t\t\t\t\t\t<div class=\"elementor-spacer\">\n\t\t\t<div class=\"elementor-spacer-inner\"><\/div>\n\t\t<\/div>\n\t\t\t\t\t\t<\/div>\n\t\t\t\t\t<\/div>\n\t\t\t\t<\/div>\n\t\t\t\t<\/div>\n\t\t","protected":false},"excerpt":{"rendered":"<p>Des solutions sur mesure et proactives Pellegrini Catering Overseas est n\u00e9 en 1979 \u00e0 partir d\u2019une intuition d\u2019Ernesto Pellegrini, qui voulait cr\u00e9er une structure sp\u00e9cialis\u00e9e pour fournir du catering et des services h\u00f4teliers aux chantiers de travail r\u00e9pandus dans le monde entier, et en particulier dans les zones les moins faciles \u00e0 atteindre. Qui travaille [&hellip;]<\/p>\n","protected":false},"author":1,"featured_media":0,"parent":0,"menu_order":0,"comment_status":"closed","ping_status":"closed","template":"","meta":{"footnotes":""},"class_list":["post-947","page","type-page","status-publish","hentry"],"_links":{"self":[{"href":"https:\/\/peca.ch\/fr\/wp-json\/wp\/v2\/pages\/947","targetHints":{"allow":["GET"]}}],"collection":[{"href":"https:\/\/peca.ch\/fr\/wp-json\/wp\/v2\/pages"}],"about":[{"href":"https:\/\/peca.ch\/fr\/wp-json\/wp\/v2\/types\/page"}],"author":[{"embeddable":true,"href":"https:\/\/peca.ch\/fr\/wp-json\/wp\/v2\/users\/1"}],"replies":[{"embeddable":true,"href":"https:\/\/peca.ch\/fr\/wp-json\/wp\/v2\/comments?post=947"}],"version-history":[{"count":4,"href":"https:\/\/peca.ch\/fr\/wp-json\/wp\/v2\/pages\/947\/revisions"}],"predecessor-version":[{"id":1040,"href":"https:\/\/peca.ch\/fr\/wp-json\/wp\/v2\/pages\/947\/revisions\/1040"}],"wp:attachment":[{"href":"https:\/\/peca.ch\/fr\/wp-json\/wp\/v2\/media?parent=947"}],"curies":[{"name":"wp","href":"https:\/\/api.w.org\/{rel}","templated":true}]}}